{"id":420,"date":"2023-10-11T22:16:33","date_gmt":"2023-10-11T19:16:33","guid":{"rendered":"https:\/\/marketplace.epassi.fi\/ergonomiakauppa\/?post_type=product&#038;p=420"},"modified":"2024-09-01T00:09:29","modified_gmt":"2024-08-31T21:09:29","slug":"spider-tietokoneteline","status":"publish","type":"product","link":"https:\/\/marketplace.epassi.fi\/ergonomiakauppa\/kauppa\/ergosafe\/etatyopisteet\/spider-tietokoneteline\/","title":{"rendered":"Spider tietokoneteline"},"content":{"rendered":"<p>Spider teline on laptop-\/tablet jalusta kannettavalle tietokoneelle. Jos ty\u00f6skentelet kannettavalla tietokoneella k\u00e4ytt\u00e4en Spider telinett\u00e4, suosittelemme k\u00e4ytt\u00e4m\u00e4\u00e4n erillist\u00e4 n\u00e4pp\u00e4imist\u00f6\u00e4 ja pysty- tai keskihiirt\u00e4 sen kanssa. Spider toimii my\u00f6s pelkk\u00e4n\u00e4 telineen\u00e4 nostamaan l\u00e4pp\u00e4ri\u00e4, jos k\u00e4yt\u00e4t sit\u00e4 esimerkiksi apun\u00e4ytt\u00f6n\u00e4 varsinaisen n\u00e4yt\u00f6n vieress\u00e4.<\/p>\n<p>Spider- jalusta nostaa kannettavan tietokoneen yl\u00f6s p\u00f6yd\u00e4n pinnasta, tarjoten tilaa ilmanvaihdolle ja on tukeva. Jalustan portaattoman kulman s\u00e4\u00e4d\u00f6n ansiosta, tietokone voidaan nostaa pystymp\u00e4\u00e4n asentoon, parantaen toimistoergonomiaa. Spider teline on helppo lukita paikalleen. Mukana tulee s\u00e4ilytyspussi. Maksimi tietokoneen paino 8 kg.<\/p>\n","protected":false},"excerpt":{"rendered":"<p>Korkeuss\u00e4\u00e4dett\u00e4v\u00e4 ja helposti mukana liikuteltava ergonominen laptop- ja tablettiteline. Nosta kannettavan tietokoneesi tai tablettisi n\u00e4ytt\u00f6 tarpeeksi yl\u00f6s, jotta niskasi asento pysyy mahdollisimman hyv\u00e4n\u00e4 ty\u00f6skennelless\u00e4si.<\/p>\n<ul>\n<li>Seitsem\u00e4n eri korkeutta<\/li>\n<li>Eritt\u00e4in pieneen kasaan taittuva<\/li>\n<li>Mukana k\u00e4tev\u00e4 kantopussi<\/li>\n<li>Siro teline laptopille ja tabletille<\/li>\n<li>Tukeva teline<\/li>\n<\/ul>\n","protected":false},"featured_media":421,"comment_status":"open","ping_status":"closed","template":"","meta":{"_acf_changed":false,"_kad_post_transparent":"default","_kad_post_title":"","_kad_post_layout":"default","_kad_post_sidebar_id":"","_kad_post_content_style":"default","_kad_post_vertical_padding":"default","_kad_post_feature":"","_kad_post_feature_position":"","_kad_post_header":false,"_kad_post_footer":false,"_kad_post_classname":""},"product_brand":[],"product_cat":[22,34],"product_tag":[],"class_list":{"0":"post-420","1":"product","2":"type-product","3":"status-publish","4":"has-post-thumbnail","6":"product_cat-ergosafe","7":"product_cat-etatyopisteet","9":"first","10":"instock","11":"taxable","12":"shipping-taxable","13":"purchasable","14":"product-type-variable","15":"entry","16":"content-bg","17":"loop-entry"},"acf":[],"_links":{"self":[{"href":"https:\/\/marketplace.epassi.fi\/ergonomiakauppa\/wp-json\/wp\/v2\/product\/420","targetHints":{"allow":["GET"]}}],"collection":[{"href":"https:\/\/marketplace.epassi.fi\/ergonomiakauppa\/wp-json\/wp\/v2\/product"}],"about":[{"href":"https:\/\/marketplace.epassi.fi\/ergonomiakauppa\/wp-json\/wp\/v2\/types\/product"}],"replies":[{"embeddable":true,"href":"https:\/\/marketplace.epassi.fi\/ergonomiakauppa\/wp-json\/wp\/v2\/comments?post=420"}],"wp:featuredmedia":[{"embeddable":true,"href":"https:\/\/marketplace.epassi.fi\/ergonomiakauppa\/wp-json\/wp\/v2\/media\/421"}],"wp:attachment":[{"href":"https:\/\/marketplace.epassi.fi\/ergonomiakauppa\/wp-json\/wp\/v2\/media?parent=420"}],"wp:term":[{"taxonomy":"product_brand","embeddable":true,"href":"https:\/\/marketplace.epassi.fi\/ergonomiakauppa\/wp-json\/wp\/v2\/product_brand?post=420"},{"taxonomy":"product_cat","embeddable":true,"href":"https:\/\/marketplace.epassi.fi\/ergonomiakauppa\/wp-json\/wp\/v2\/product_cat?post=420"},{"taxonomy":"product_tag","embeddable":true,"href":"https:\/\/marketplace.epassi.fi\/ergonomiakauppa\/wp-json\/wp\/v2\/product_tag?post=420"}],"curies":[{"name":"wp","href":"https:\/\/api.w.org\/{rel}","templated":true}]}}