{"id":67,"date":"2021-09-13T18:36:17","date_gmt":"2021-09-13T15:36:17","guid":{"rendered":"https:\/\/marketplace.epassi.fi\/ergonomiakauppa\/?post_type=product&#038;p=67"},"modified":"2024-09-01T00:09:29","modified_gmt":"2024-08-31T21:09:29","slug":"6d-mini-pystyhiiri-langaton","status":"publish","type":"product","link":"https:\/\/marketplace.epassi.fi\/ergonomiakauppa\/kauppa\/ergosafe\/etatyopisteet\/6d-mini-pystyhiiri-langaton\/","title":{"rendered":"6D Mini Pystyhiiri &#8211; Langaton"},"content":{"rendered":"<p>Hiiri tarjoaa neutraalin ja rennon asennon k\u00e4delle sek\u00e4 ranteelle. Ranteen ollessa luonnollisessa asennossaan, veri kiert\u00e4\u00e4 kunnolla eiv\u00e4tk\u00e4 liikkeet rasita k\u00e4tt\u00e4 samalla tavalla kuin perinteinen tietokonehiiri. T\u00e4ll\u00f6in \u201dhiirik\u00e4si\u201d -vaivojen riski pienenee tai niihin voi olla apua hiirest\u00e4. 6D mini on saatavilla sek\u00e4 langattomana ett\u00e4 langallisena.<\/p>\n","protected":false},"excerpt":{"rendered":"<p>6D mini pystyhiiri on yksi markkinoiden pienimmist\u00e4 pystyhiirist\u00e4, joka sopii siis erityisesti pienik\u00e4tisille k\u00e4ytt\u00e4jille.<\/p>\n<ul>\n<li>Yhteensopiva Windows 2000\/XP\/Vista\/7\/10<\/li>\n<li>Plug &amp; Play<\/li>\n<li>Saatavana oikea ja vasenk\u00e4tisille<\/li>\n<li>Virta ja liit\u00e4nt\u00e4: ladattava akku ja USB liitin<\/li>\n<li>Optinen anturi, DPI: 800\/1200\/1600<\/li>\n<li>Mitat: 105 x 73 x 60 mm<\/li>\n<li>Paino: 96,6 g<\/li>\n<li>Takuu 1 vuotta<\/li>\n<\/ul>\n","protected":false},"featured_media":411,"comment_status":"open","ping_status":"closed","template":"","meta":{"_acf_changed":false,"_kad_post_transparent":"default","_kad_post_title":"","_kad_post_layout":"default","_kad_post_sidebar_id":"","_kad_post_content_style":"default","_kad_post_vertical_padding":"default","_kad_post_feature":"","_kad_post_feature_position":"","_kad_post_header":false,"_kad_post_footer":false,"_kad_post_classname":""},"product_brand":[],"product_cat":[22,34],"product_tag":[],"class_list":{"0":"post-67","1":"product","2":"type-product","3":"status-publish","4":"has-post-thumbnail","6":"product_cat-ergosafe","7":"product_cat-etatyopisteet","9":"first","10":"instock","11":"taxable","12":"shipping-taxable","13":"purchasable","14":"product-type-variable","15":"entry","16":"content-bg","17":"loop-entry"},"acf":[],"_links":{"self":[{"href":"https:\/\/marketplace.epassi.fi\/ergonomiakauppa\/wp-json\/wp\/v2\/product\/67","targetHints":{"allow":["GET"]}}],"collection":[{"href":"https:\/\/marketplace.epassi.fi\/ergonomiakauppa\/wp-json\/wp\/v2\/product"}],"about":[{"href":"https:\/\/marketplace.epassi.fi\/ergonomiakauppa\/wp-json\/wp\/v2\/types\/product"}],"replies":[{"embeddable":true,"href":"https:\/\/marketplace.epassi.fi\/ergonomiakauppa\/wp-json\/wp\/v2\/comments?post=67"}],"wp:featuredmedia":[{"embeddable":true,"href":"https:\/\/marketplace.epassi.fi\/ergonomiakauppa\/wp-json\/wp\/v2\/media\/411"}],"wp:attachment":[{"href":"https:\/\/marketplace.epassi.fi\/ergonomiakauppa\/wp-json\/wp\/v2\/media?parent=67"}],"wp:term":[{"taxonomy":"product_brand","embeddable":true,"href":"https:\/\/marketplace.epassi.fi\/ergonomiakauppa\/wp-json\/wp\/v2\/product_brand?post=67"},{"taxonomy":"product_cat","embeddable":true,"href":"https:\/\/marketplace.epassi.fi\/ergonomiakauppa\/wp-json\/wp\/v2\/product_cat?post=67"},{"taxonomy":"product_tag","embeddable":true,"href":"https:\/\/marketplace.epassi.fi\/ergonomiakauppa\/wp-json\/wp\/v2\/product_tag?post=67"}],"curies":[{"name":"wp","href":"https:\/\/api.w.org\/{rel}","templated":true}]}}