{"id":11,"date":"2021-09-13T17:16:21","date_gmt":"2021-09-13T17:16:21","guid":{"rendered":"https:\/\/marketplace.epassi.fi\/esport-bristol\/?page_id=11"},"modified":"2021-11-08T11:13:19","modified_gmt":"2021-11-08T09:13:19","slug":"etusivu","status":"publish","type":"page","link":"https:\/\/marketplace.epassi.fi\/esport-bristol\/","title":{"rendered":"Etusivu"},"content":{"rendered":"<style>#kt-layout-id_45d619-bf > .kt-row-column-wrap{align-content:center;}:where(#kt-layout-id_45d619-bf > .kt-row-column-wrap) > .wp-block-kadence-column{justify-content:center;}#kt-layout-id_45d619-bf > .kt-row-column-wrap{column-gap:var(--global-kb-gap-md, 2rem);row-gap:var(--global-kb-gap-md, 2rem);max-width:2000px;margin-left:auto;margin-right:auto;padding-top:var( --global-kb-row-default-top, 25px );padding-bottom:var( --global-kb-row-default-bottom, 25px );padding-top:246px;padding-bottom:150px;min-height:328px;grid-template-columns:minmax(0, 1fr);}#kt-layout-id_45d619-bf{border-bottom-right-radius:5px;border-bottom-left-radius:5px;overflow:clip;isolation:isolate;}#kt-layout-id_45d619-bf > .kt-row-layout-overlay{border-bottom-right-radius:5px;border-bottom-left-radius:5px;}#kt-layout-id_45d619-bf{background-image:url('https:\/\/marketplace.epassi.fi\/esport-bristol\/wp-content\/uploads\/sites\/190\/2021\/10\/epassi-tuotekuva-demo.jpg');background-size:cover;background-position:center center;background-attachment:scroll;background-repeat:no-repeat;}#kt-layout-id_45d619-bf > .kt-row-layout-overlay{opacity:0.49;mix-blend-mode:normal;}@media all and (max-width: 1024px){#kt-layout-id_45d619-bf > .kt-row-column-wrap{grid-template-columns:minmax(0, 1fr);}}@media all and (max-width: 767px){#kt-layout-id_45d619-bf > .kt-row-column-wrap{padding-top:188px;padding-bottom:110px;grid-template-columns:minmax(0, 1fr);}#kt-layout-id_45d619-bf{border-bottom-right-radius:0px;border-bottom-left-radius:0px;}#kt-layout-id_45d619-bf > .kt-row-layout-overlay{border-bottom-right-radius:0px;border-bottom-left-radius:0px;}}<\/style>\n<div class=\"wp-block-kadence-rowlayout alignwide home-page-banner\"><div id=\"kt-layout-id_45d619-bf\" class=\"kt-row-layout-inner kt-row-has-bg kt-layout-id_45d619-bf\"><div class=\"kt-row-column-wrap kt-has-1-columns kt-gutter-default kt-v-gutter-default kt-row-valign-middle kt-row-layout-equal kt-tab-layout-inherit kt-m-colapse-left-to-right kt-mobile-layout-row\"><style>.kadence-column_9123e4-8e > .kt-inside-inner-col{border-top-width:0px;border-right-width:0px;border-bottom-width:0px;border-left-width:0px;}.kadence-column_9123e4-8e > .kt-inside-inner-col,.kadence-column_9123e4-8e > .kt-inside-inner-col:before{border-top-left-radius:0px;border-top-right-radius:0px;border-bottom-right-radius:0px;border-bottom-left-radius:0px;}.kadence-column_9123e4-8e > .kt-inside-inner-col{column-gap:var(--global-kb-gap-sm, 1rem);}.kadence-column_9123e4-8e > .kt-inside-inner-col{flex-direction:column;}.kadence-column_9123e4-8e > .kt-inside-inner-col > .aligncenter{width:100%;}.kadence-column_9123e4-8e > .kt-inside-inner-col:before{opacity:0.3;}.kadence-column_9123e4-8e{position:relative;}@media all and (max-width: 1024px){.kadence-column_9123e4-8e > .kt-inside-inner-col{flex-direction:column;justify-content:center;}}@media all and (max-width: 767px){.kadence-column_9123e4-8e > .kt-inside-inner-col{flex-direction:column;justify-content:center;}}<\/style>\n<div class=\"wp-block-kadence-column inner-column-1 kadence-column_9123e4-8e\"><div class=\"kt-inside-inner-col\"><div class=\"shop-logo\"><img loading=\"lazy\" decoding=\"async\" width=\"768\" height=\"155\" src=\"https:\/\/marketplace.epassi.fi\/esport-bristol\/wp-content\/uploads\/sites\/190\/2021\/12\/pelkka_esport_valkoinen_2-kopio-768x155.png\" class=\"attachment-medium_large size-medium_large\" alt=\"\" \/><\/div><div class=\"shop-slogan\">Liike on l\u00e4\u00e4kett\u00e4!<\/div>\n<\/div><\/div>\n<\/div><\/div><\/div>\n\n\n<h2 class=\"shop-header has-text-align-center\">Liity mukaan Esport perheeseen!<\/h2><p class=\"shop-content has-text-align-center max-width-800\">Esport on p\u00e4\u00e4kaupunkiseudun monipuolisin liikuntakeskus. Meilt\u00e4 l\u00f6ytyv\u00e4t t\u00e4yden palvelun toimipisteet Helsingist\u00e4 ja Espoosta sek\u00e4 Express-pisteet Mankkaalta ja Suomenojalta. \r\n\r\nEsport Bristol on Helsingin suurin (3000 m2) liikuntakeskus keskell\u00e4 stadia. Kaupungin kattavin ja monipuolisin ryhm\u00e4liikuntavalikoima sis\u00e4lt\u00e4\u00e4 mm. runsaan tarjonnan Les Mills -tunteja. Bristolista l\u00f6ytyy my\u00f6s kaupungin ainut 3D Les Mills The Trip -sis\u00e4py\u00f6r\u00e4ilystudio, jossa p\u00e4\u00e4see kokemaan t\u00e4ysin uudenlaisen sis\u00e4py\u00f6r\u00e4ilyel\u00e4myksen. Bristolista l\u00f6ytyv\u00e4t myos Hot Yoga Studio, huippuvarusteltu kuntosali, ainutlaatuinen The Stage -ryhm\u00e4liikuntatila, oma Cardio-alue ja Functional Studio.\r\n\r\nTutustu muihin t\u00e4yden palvelun toimipisteisiin ja huikeaan Esport Arenan -pisteeseen osoitteessa esport.fi.\r\n\r\nExpress-toimipisteet Mankkaa ja Liila\r\n\r\nEsport Express Mankkaa on monipuolinen 1200 m2 kuntosali Gym80 -laitteilla.\u00a0Esport Expressist\u00e4 l\u00f6ytyy lis\u00e4ksi erinomaiset puitteet toiminnalliseen harjoitteluun, lis\u00e4ksi kuntosalilta l\u00f6ytyy\u00a0erillinen l\u00e4mmittely- ja venyttelyalue.\r\n\r\nExpress Liila on monipuolisesti varusteltu 1500 m2 kuntosali, josta l\u00f6ytyy niin painopakkalaitteet kuin erinomaiset puitteet toiminnalliseen treeniin j\u00e4ttikokoisella Roguen v\u00e4lineist\u00f6ll\u00e4 varustetulla toiminnallisen harjoittelun alueella. Treenitilan kattavat neli\u00f6it ja kuutiot takaavat laadukkaan ja omatahtisen harjoittelun. Esport Express Liilassa lis\u00e4ksi Boulderointisein\u00e4 sek\u00e4 Streetworkout!<\/p>\n\n\n\n<div style=\"height:28px\" aria-hidden=\"true\" class=\"wp-block-spacer\"><\/div>\n\n\n","protected":false},"excerpt":{"rendered":"","protected":false},"author":2,"featured_media":0,"parent":0,"menu_order":0,"comment_status":"closed","ping_status":"closed","template":"","meta":{"_acf_changed":false,"_kad_post_transparent":"enable","_kad_post_title":"hide","_kad_post_layout":"","_kad_post_sidebar_id":"","_kad_post_content_style":"","_kad_post_vertical_padding":"","_kad_post_feature":"","_kad_post_feature_position":"","_kad_post_header":false,"_kad_post_footer":false,"_kad_post_classname":"","footnotes":""},"class_list":["post-11","page","type-page","status-publish","hentry"],"acf":[],"_links":{"self":[{"href":"https:\/\/marketplace.epassi.fi\/esport-bristol\/wp-json\/wp\/v2\/pages\/11","targetHints":{"allow":["GET"]}}],"collection":[{"href":"https:\/\/marketplace.epassi.fi\/esport-bristol\/wp-json\/wp\/v2\/pages"}],"about":[{"href":"https:\/\/marketplace.epassi.fi\/esport-bristol\/wp-json\/wp\/v2\/types\/page"}],"author":[{"embeddable":true,"href":"https:\/\/marketplace.epassi.fi\/esport-bristol\/wp-json\/wp\/v2\/users\/2"}],"replies":[{"embeddable":true,"href":"https:\/\/marketplace.epassi.fi\/esport-bristol\/wp-json\/wp\/v2\/comments?post=11"}],"version-history":[{"count":20,"href":"https:\/\/marketplace.epassi.fi\/esport-bristol\/wp-json\/wp\/v2\/pages\/11\/revisions"}],"predecessor-version":[{"id":303,"href":"https:\/\/marketplace.epassi.fi\/esport-bristol\/wp-json\/wp\/v2\/pages\/11\/revisions\/303"}],"wp:attachment":[{"href":"https:\/\/marketplace.epassi.fi\/esport-bristol\/wp-json\/wp\/v2\/media?parent=11"}],"curies":[{"name":"wp","href":"https:\/\/api.w.org\/{rel}","templated":true}]}}