{"id":22,"date":"2021-09-13T17:45:59","date_gmt":"2021-09-13T17:45:59","guid":{"rendered":"https:\/\/marketplace.epassi.fi\/esport-bristol\/?page_id=22"},"modified":"2021-10-12T10:57:35","modified_gmt":"2021-10-12T10:57:35","slug":"info","status":"publish","type":"page","link":"https:\/\/marketplace.epassi.fi\/esport-bristol\/info\/","title":{"rendered":"Info"},"content":{"rendered":"\n\t<div class=\"entry-content single-content\">\n\n\t\t<div class=\"wp-block-columns\" style=\"gap:30px\">\n\t\t\t<div class=\"wp-block-column\">\n\t\t\t\t<h2>Liity mukaan Esport perheeseen!<\/h2>\n\t\t\t\t<p><p>Esport on p\u00e4\u00e4kaupunkiseudun monipuolisin liikuntakeskus. Meilt\u00e4 l\u00f6ytyv\u00e4t t\u00e4yden palvelun toimipisteet Helsingist\u00e4 ja Espoosta sek\u00e4 Express-pisteet Mankkaalta ja Suomenojalta. <\/p>\n<p>Esport Bristol on Helsingin suurin (3000 m2) liikuntakeskus keskell\u00e4 stadia. Kaupungin kattavin ja monipuolisin ryhm\u00e4liikuntavalikoima sis\u00e4lt\u00e4\u00e4 mm. runsaan tarjonnan Les Mills -tunteja. Bristolista l\u00f6ytyy my\u00f6s kaupungin ainut 3D Les Mills The Trip -sis\u00e4py\u00f6r\u00e4ilystudio, jossa p\u00e4\u00e4see kokemaan t\u00e4ysin uudenlaisen sis\u00e4py\u00f6r\u00e4ilyel\u00e4myksen. Bristolista l\u00f6ytyv\u00e4t myos Hot Yoga Studio, huippuvarusteltu kuntosali, ainutlaatuinen The Stage -ryhm\u00e4liikuntatila, oma Cardio-alue ja Functional Studio.<\/p>\n<p>Tutustu muihin t\u00e4yden palvelun toimipisteisiin ja huikeaan Esport Arenan -pisteeseen osoitteessa esport.fi.<\/p>\n<p>Express-toimipisteet Mankkaa ja Liila<\/p>\n<p>Esport Express Mankkaa on monipuolinen 1200 m2 kuntosali Gym80 -laitteilla.\u00a0Esport Expressist\u00e4 l\u00f6ytyy lis\u00e4ksi erinomaiset puitteet toiminnalliseen harjoitteluun, lis\u00e4ksi kuntosalilta l\u00f6ytyy\u00a0erillinen l\u00e4mmittely- ja venyttelyalue.<\/p>\n<p>Express Liila on monipuolisesti varusteltu 1500 m2 kuntosali, josta l\u00f6ytyy niin painopakkalaitteet kuin erinomaiset puitteet toiminnalliseen treeniin j\u00e4ttikokoisella Roguen v\u00e4lineist\u00f6ll\u00e4 varustetulla toiminnallisen harjoittelun alueella. Treenitilan kattavat neli\u00f6it ja kuutiot takaavat laadukkaan ja omatahtisen harjoittelun. Esport Express Liilassa lis\u00e4ksi Boulderointisein\u00e4 sek\u00e4 Streetworkout!<\/p>\n<\/p>\n\t\t\t\t<h3>Esport liikuntakeskukset<\/h3>\n\t\t\t\t<p><br>\n\t\t\t\t\t <\/p>\n\t\t\t\t<p><a href=\"tel:\"><\/a><\/p>\n\t\t\t\t<p><a href=\"mailto:bristol@esport.fi\">bristol@esport.fi<\/a><\/p>\n\n\t\t\t\t<h2>Toimipisteet<\/h2><div class=\"info-page-location-list\"><div class=\"info-page-location\"><h3>ESPORT BRISTOL HELSINKI<\/h3><p>Mikonkatu 8, 00100 Helsinki<\/p><p><p><a href=\"https:\/\/www.google.com\/maps\/search\/?api=1&query=Google&query_place_id=ChIJNU_vMcwLkkYRInpVh5ZrkJ4\">Katso sijainti kartalla <span>&#8599;<\/span><\/a><\/p><\/p><p><\/p><\/div><div class=\"info-page-location\"><h3><\/h3><p><\/p><p><\/p><\/div><\/div>\t\t\t<\/div>\n\n\t\t\t<div class=\"wp-block-column\">\n\t\t\t\t<figure class=\"wp-block-image size-large\"><img loading=\"lazy\" decoding=\"async\" width=\"768\" height=\"576\" src=\"https:\/\/marketplace.epassi.fi\/esport-bristol\/wp-content\/uploads\/sites\/190\/2021\/12\/esport_e_passi-1-768x576.jpg\" class=\"attachment-medium_large size-medium_large\" alt=\"\" \/><\/figure>\n\t\t\t<\/div>\n\t\t<\/div>\n\t<\/div>\n\t\n","protected":false},"excerpt":{"rendered":"","protected":false},"author":2,"featured_media":0,"parent":0,"menu_order":0,"comment_status":"closed","ping_status":"closed","template":"","meta":{"_acf_changed":false,"_kad_post_transparent":"","_kad_post_title":"","_kad_post_layout":"","_kad_post_sidebar_id":"","_kad_post_content_style":"","_kad_post_vertical_padding":"","_kad_post_feature":"","_kad_post_feature_position":"","_kad_post_header":false,"_kad_post_footer":false,"_kad_post_classname":"","footnotes":""},"class_list":["post-22","page","type-page","status-publish","hentry"],"acf":[],"_links":{"self":[{"href":"https:\/\/marketplace.epassi.fi\/esport-bristol\/wp-json\/wp\/v2\/pages\/22","targetHints":{"allow":["GET"]}}],"collection":[{"href":"https:\/\/marketplace.epassi.fi\/esport-bristol\/wp-json\/wp\/v2\/pages"}],"about":[{"href":"https:\/\/marketplace.epassi.fi\/esport-bristol\/wp-json\/wp\/v2\/types\/page"}],"author":[{"embeddable":true,"href":"https:\/\/marketplace.epassi.fi\/esport-bristol\/wp-json\/wp\/v2\/users\/2"}],"replies":[{"embeddable":true,"href":"https:\/\/marketplace.epassi.fi\/esport-bristol\/wp-json\/wp\/v2\/comments?post=22"}],"version-history":[{"count":10,"href":"https:\/\/marketplace.epassi.fi\/esport-bristol\/wp-json\/wp\/v2\/pages\/22\/revisions"}],"predecessor-version":[{"id":264,"href":"https:\/\/marketplace.epassi.fi\/esport-bristol\/wp-json\/wp\/v2\/pages\/22\/revisions\/264"}],"wp:attachment":[{"href":"https:\/\/marketplace.epassi.fi\/esport-bristol\/wp-json\/wp\/v2\/media?parent=22"}],"curies":[{"name":"wp","href":"https:\/\/api.w.org\/{rel}","templated":true}]}}