{"id":22,"date":"2021-09-13T17:45:59","date_gmt":"2021-09-13T17:45:59","guid":{"rendered":"https:\/\/marketplace.epassi.fi\/evogenom\/?page_id=22"},"modified":"2021-10-12T10:57:35","modified_gmt":"2021-10-12T10:57:35","slug":"info","status":"publish","type":"page","link":"https:\/\/marketplace.epassi.fi\/evogenom\/info\/","title":{"rendered":"Info"},"content":{"rendered":"\n\t<div class=\"entry-content single-content\">\n\n\t\t<div class=\"wp-block-columns\" style=\"gap:30px\">\n\t\t\t<div class=\"wp-block-column\">\n\t\t\t\t<h2>Evogenom - Hyvinvointi on jo kirjoitettuna sinuun<\/h2>\n\t\t\t\t<p><p>Evogenom on suomalainen bioteknologiayritys, joka m\u00e4\u00e4rittelee hyvinvoinnin uudelleen tieteen avulla. Yhdist\u00e4mme uusimman geenitutkimuksen, empaattisen teko\u00e4lyn ja arjen el\u00e4m\u00e4ntapasi yhdeksi selke\u00e4ksi, henkil\u00f6kohtaiseksi hyvinvoinnin suunnitelmaksi.<\/p>\n<p>Liian pitk\u00e4\u00e4n hyvinvointi on perustunut keskiarvoihin ja arvailuun. Evogenom muuttaa t\u00e4m\u00e4n n\u00e4ytt\u00e4m\u00e4ll\u00e4, mik\u00e4 toimii juuri sinun kehollesi ravinnosta ja liikunnasta palautumiseen, energiaan ja jopa perimenopaussiin.<\/p>\n<p>Helposti teht\u00e4v\u00e4 kotitesti antaa syv\u00e4llist\u00e4 tietoa kehostasi, ja EvoCoach-sovellus muuttaa sen konkreettisiksi, arkeen sopiviksi ohjeiksi. Saat omat geenituloksesi Evogenom-sovellukseesi muutaman viikon kuluttua n\u00e4ytteesi palauttamisesta.<\/p>\n<p>Tiedett\u00e4, johon voit luottaa. Tukea, jonka voit tuntea. Tuloksia, jotka kest\u00e4v\u00e4t.<\/p>\n<p>Koska hyvinvointisi ei ole jossain siell\u00e4, se on jo kirjoitettuna sinuun.<\/p>\n<\/p>\n\t\t\t\t<h3>Evogenom Oy<\/h3>\n\t\t\t\t<p>Kauppakatu 39<br>\n\t\t\t\t\t40100 Jyv\u00e4skyl\u00e4<\/p>\n\t\t\t\t<p><a href=\"tel:\"><\/a><\/p>\n\t\t\t\t<p><a href=\"mailto:info@evogenom.com\">info@evogenom.com<\/a><\/p>\n\n\t\t\t\t\t\t\t<\/div>\n\n\t\t\t<div class=\"wp-block-column\">\n\t\t\t\t<figure class=\"wp-block-image size-large\"><img loading=\"lazy\" decoding=\"async\" width=\"768\" height=\"500\" src=\"https:\/\/marketplace.epassi.fi\/evogenom\/wp-content\/uploads\/sites\/296\/2025\/10\/evocoach-connecting-all-dots-of-you-smaller-image-768x500.png\" class=\"attachment-medium_large size-medium_large\" alt=\"\" \/><\/figure>\n\t\t\t<\/div>\n\t\t<\/div>\n\t<\/div>\n\t\n","protected":false},"excerpt":{"rendered":"","protected":false},"author":2,"featured_media":0,"parent":0,"menu_order":0,"comment_status":"closed","ping_status":"closed","template":"","meta":{"_acf_changed":false,"_kad_post_transparent":"","_kad_post_title":"","_kad_post_layout":"","_kad_post_sidebar_id":"","_kad_post_content_style":"","_kad_post_vertical_padding":"","_kad_post_feature":"","_kad_post_feature_position":"","_kad_post_header":false,"_kad_post_footer":false,"_kad_post_classname":"","footnotes":""},"class_list":["post-22","page","type-page","status-publish","hentry"],"acf":[],"_links":{"self":[{"href":"https:\/\/marketplace.epassi.fi\/evogenom\/wp-json\/wp\/v2\/pages\/22","targetHints":{"allow":["GET"]}}],"collection":[{"href":"https:\/\/marketplace.epassi.fi\/evogenom\/wp-json\/wp\/v2\/pages"}],"about":[{"href":"https:\/\/marketplace.epassi.fi\/evogenom\/wp-json\/wp\/v2\/types\/page"}],"author":[{"embeddable":true,"href":"https:\/\/marketplace.epassi.fi\/evogenom\/wp-json\/wp\/v2\/users\/2"}],"replies":[{"embeddable":true,"href":"https:\/\/marketplace.epassi.fi\/evogenom\/wp-json\/wp\/v2\/comments?post=22"}],"version-history":[{"count":10,"href":"https:\/\/marketplace.epassi.fi\/evogenom\/wp-json\/wp\/v2\/pages\/22\/revisions"}],"predecessor-version":[{"id":264,"href":"https:\/\/marketplace.epassi.fi\/evogenom\/wp-json\/wp\/v2\/pages\/22\/revisions\/264"}],"wp:attachment":[{"href":"https:\/\/marketplace.epassi.fi\/evogenom\/wp-json\/wp\/v2\/media?parent=22"}],"curies":[{"name":"wp","href":"https:\/\/api.w.org\/{rel}","templated":true}]}}