{"id":569,"date":"2025-10-30T09:31:51","date_gmt":"2025-10-30T07:31:51","guid":{"rendered":"https:\/\/marketplace.epassi.fi\/evogenom\/?post_type=product&#038;p=569"},"modified":"2025-10-30T15:53:23","modified_gmt":"2025-10-30T13:53:23","slug":"evofemme-my-energy-balance-system","status":"publish","type":"product","link":"https:\/\/marketplace.epassi.fi\/evogenom\/kauppa\/hyvinvointi\/evofemme-my-energy-balance-system\/","title":{"rendered":"EvoFemme My Energy &amp; Balance System"},"content":{"rendered":"<div class=\"flex-50\">\n<div class=\"child-module-wrapper child-module-page_title custom-paddings padding-top-0 padding-bottom-0 module-visibility-desktop-visible module-visibility-mobile-visible\">\n<div class=\"container child-module-container child-module-container-page_title\">\n<section class=\"container page-title-container\">\n<div class=\"title page-title\">\n<div class=\"page-main-title align-left mobile-align-left\">\n<h1 class=\"main-title no-text-align h3\">My Energy &amp; Balance System<\/h1>\n<\/div>\n<\/div>\n<\/section>\n<\/div>\n<\/div>\n<div class=\"child-module-wrapper child-module-ingress custom-paddings padding-top-10 padding-bottom-0 module-visibility-desktop-visible module-visibility-mobile-visible\">\n<div class=\"container child-module-container child-module-container-ingress\">\n<section class=\"container ingress-container\">\n<div class=\"ingress align-left mobile-align-left editor-content\">\n<div class=\"child-module-wrapper child-module-ingress custom-paddings padding-top-10 padding-bottom-0 module-visibility-desktop-visible module-visibility-mobile-visible\">\n<div class=\"container child-module-container child-module-container-ingress\">\n<section class=\"container ingress-container\">\n<div class=\"ingress align-left mobile-align-left editor-content\">\n<p><strong>EvoFemme My Energy &amp; Balance System sis\u00e4lt\u00e4\u00e4:<\/strong><\/p>\n<\/div>\n<\/section>\n<\/div>\n<\/div>\n<\/div>\n<\/section>\n<\/div>\n<\/div>\n<div class=\"child-module-wrapper child-module-editor custom-paddings padding-top-10 padding-bottom-80 module-visibility-desktop-visible module-visibility-mobile-visible\">\n<div class=\"container child-module-container child-module-container-editor\">\n<section class=\"container editor-container editor-content default\">\n<ul class=\"list-alt\">\n<li>Kotitestin + t\u00e4yden DNA-analyysin<\/li>\n<li>22 geenipohjaista havaintoa naisen hyvinvoinnista<\/li>\n<li>Henkil\u00f6kohtaisen DNACoachin, joka kulkee mukanasi 24\/7<\/li>\n<\/ul>\n<h3 class=\"h2-alt text-align-center\">My Energy &amp; Balance System auttaa ymm\u00e4rt\u00e4m\u00e4\u00e4n, mit\u00e4 kehosi yritt\u00e4\u00e4 kertoa sinulle arjen jaksamisesta. Milt\u00e4 kuulostaa vihdoinkin tutustua omaan kehoosi?<\/h3>\n<p>&nbsp;<\/p>\n<p class=\"h5 item-title\"><span style=\"font-family: inherit; font-size: 24px; font-weight: bold;\">22 oivallusta itsest\u00e4si<\/span><\/p>\n<p class=\"h5 item-title\"><strong>Merkitt\u00e4vimm\u00e4t geneettiset ominaisuudet, joiden ymm\u00e4rt\u00e4minen lis\u00e4\u00e4 hyvinvointiasi arjessa.<\/strong><\/p>\n<\/section>\n<\/div>\n<\/div>\n<\/div>\n<div id=\"insights-about-you\" class=\"wrapper module-wrapper module-two_columns custom-paddings padding-top-0 padding-bottom-20 module-width-content-area module-visibility-desktop-visible module-visibility-mobile-visible\">\n<div class=\"grid-wrapper\">\n<div class=\"grid-container\">\n<div class=\"grid-x grid-margin-x align-center\">\n<div class=\"cell xlarge-12\">\n<div class=\"module-width-content-area-wrapper\">\n<div class=\"container module-container module-container-two_columns\">\n<section class=\"container two-column-container vertical-column-align-top \">\n<div class=\"content\">\n<div class=\"grid-x grid-margin-x align-top\">\n<div class=\"child-module-cell two-column-child-module-cell cell xlarge-6 xlarge-order-2 small-order-2\">\n<div class=\"column-wrapper column-2-wrapper \">\n<div class=\"column-container column-2-container\">\n<div class=\"column-container-inner\">\n<div class=\"child-module-wrapper child-module-popup_links default-paddings padding-top-0 padding-bottom-30 module-visibility-desktop-visible module-visibility-mobile-visible last-child-module-in-column-desktop last-child-module-in-column-mobile last-child-module-in-last-column-desktop last-child-module-in-last-column-mobile\">\n<div class=\"container child-module-container child-module-container-popup_links\">\n<section class=\"container popup-links-container\">\n<ul>\n<li>Kofeiinin aineenvaihdunta<\/li>\n<li>Vuorokausirytmin tyyppi<\/li>\n<li>Unentarve<\/li>\n<li>Stressivaste<\/li>\n<li>Palautumisnopeus<\/li>\n<li>D-vitamiinin l\u00e4ht\u00f6taso<\/li>\n<li>Verensokeripiikki aterian j\u00e4lkeen<\/li>\n<li>Sosiaalinen energia<\/li>\n<li>Unen laatu<\/li>\n<li>Alttius addiktioihin<\/li>\n<li>Alkoholin sietokyky ja krapulariski<\/li>\n<li>Kofeiini ja mieliala<\/li>\n<li>Matala-asteinen tulehdus<\/li>\n<li>Foolihapon l\u00e4ht\u00f6taso<\/li>\n<li>Kuparin l\u00e4ht\u00f6taso<\/li>\n<li>Ruokapalkkioj\u00e4rjestelm\u00e4<\/li>\n<li>Vuoroty\u00f6n sopivuus<\/li>\n<li>Kofeiinin vieh\u00e4tys<\/li>\n<li>Paastoglukoosi<\/li>\n<li>Suorituskykyprofiili (ACE)<\/li>\n<li>B12-vitamiinin l\u00e4ht\u00f6taso<\/li>\n<li>Magnesiumin l\u00e4ht\u00f6taso<\/li>\n<\/ul>\n<\/section>\n<\/div>\n<\/div>\n<\/div>\n<\/div>\n<\/div>\n<\/div>\n<\/div>\n<\/div>\n<\/section>\n<\/div>\n<\/div>\n<\/div>\n<\/div>\n<\/div>\n<\/div>\n<\/div>\n","protected":false},"excerpt":{"rendered":"<div class=\"child-module-wrapper child-module-ingress custom-paddings padding-top-10 padding-bottom-0 module-visibility-desktop-visible module-visibility-mobile-visible\">\n<div class=\"container child-module-container child-module-container-ingress\">\n<section class=\"container ingress-container\">\n<div class=\"ingress align-left mobile-align-left editor-content\">\n<p><strong>Parempaa energiaa, unta ja arjen tasapainoa naisille<\/strong><br \/>\nSinun ei tarvitse puskea itse\u00e4si \u00e4\u00e4rirajoille. Saat toimia kehosi ehdoilla. Her\u00e4\u00e4t j\u00e4lleen virke\u00e4n\u00e4. Nukut syvemp\u00e4\u00e4n. Nautit p\u00e4ivist\u00e4 rennosti ja keskittyneen\u00e4.<\/p>\n<\/div>\n<\/section>\n<\/div>\n<\/div>\n","protected":false},"featured_media":570,"comment_status":"open","ping_status":"closed","template":"","meta":{"_acf_changed":false,"_kad_post_transparent":"default","_kad_post_title":"","_kad_post_layout":"default","_kad_post_sidebar_id":"","_kad_post_content_style":"default","_kad_post_vertical_padding":"default","_kad_post_feature":"","_kad_post_feature_position":"","_kad_post_header":false,"_kad_post_footer":false,"_kad_post_classname":""},"product_brand":[],"product_cat":[21],"product_tag":[],"class_list":{"0":"post-569","1":"product","2":"type-product","3":"status-publish","4":"has-post-thumbnail","6":"product_cat-hyvinvointi","8":"first","9":"instock","10":"virtual","11":"taxable","12":"purchasable","13":"product-type-simple","14":"entry","15":"content-bg","16":"loop-entry"},"acf":[],"_links":{"self":[{"href":"https:\/\/marketplace.epassi.fi\/evogenom\/wp-json\/wp\/v2\/product\/569","targetHints":{"allow":["GET"]}}],"collection":[{"href":"https:\/\/marketplace.epassi.fi\/evogenom\/wp-json\/wp\/v2\/product"}],"about":[{"href":"https:\/\/marketplace.epassi.fi\/evogenom\/wp-json\/wp\/v2\/types\/product"}],"replies":[{"embeddable":true,"href":"https:\/\/marketplace.epassi.fi\/evogenom\/wp-json\/wp\/v2\/comments?post=569"}],"wp:featuredmedia":[{"embeddable":true,"href":"https:\/\/marketplace.epassi.fi\/evogenom\/wp-json\/wp\/v2\/media\/570"}],"wp:attachment":[{"href":"https:\/\/marketplace.epassi.fi\/evogenom\/wp-json\/wp\/v2\/media?parent=569"}],"wp:term":[{"taxonomy":"product_brand","embeddable":true,"href":"https:\/\/marketplace.epassi.fi\/evogenom\/wp-json\/wp\/v2\/product_brand?post=569"},{"taxonomy":"product_cat","embeddable":true,"href":"https:\/\/marketplace.epassi.fi\/evogenom\/wp-json\/wp\/v2\/product_cat?post=569"},{"taxonomy":"product_tag","embeddable":true,"href":"https:\/\/marketplace.epassi.fi\/evogenom\/wp-json\/wp\/v2\/product_tag?post=569"}],"curies":[{"name":"wp","href":"https:\/\/api.w.org\/{rel}","templated":true}]}}