{"id":571,"date":"2025-10-30T09:37:13","date_gmt":"2025-10-30T07:37:13","guid":{"rendered":"https:\/\/marketplace.epassi.fi\/evogenom\/?post_type=product&#038;p=571"},"modified":"2025-10-30T15:53:19","modified_gmt":"2025-10-30T13:53:19","slug":"evofemme-my-fitness-strength-system","status":"publish","type":"product","link":"https:\/\/marketplace.epassi.fi\/evogenom\/kauppa\/hyvinvointi\/evofemme-my-fitness-strength-system\/","title":{"rendered":"EvoFemme My Fitness &amp; Strength System"},"content":{"rendered":"<div class=\"flex-50\">\n<div class=\"child-module-wrapper child-module-page_title custom-paddings padding-top-0 padding-bottom-0 module-visibility-desktop-visible module-visibility-mobile-visible\">\n<div class=\"container child-module-container child-module-container-page_title\">\n<section class=\"container page-title-container\">\n<div class=\"title page-title\">\n<div class=\"page-main-title align-left mobile-align-left\">\n<h1 class=\"main-title no-text-align h3\">My Fitness &amp; Strength System<\/h1>\n<\/div>\n<\/div>\n<\/section>\n<\/div>\n<\/div>\n<div class=\"child-module-wrapper child-module-ingress custom-paddings padding-top-10 padding-bottom-0 module-visibility-desktop-visible module-visibility-mobile-visible\">\n<div class=\"container child-module-container child-module-container-ingress\">\n<section class=\"container ingress-container\">\n<div class=\"ingress align-left mobile-align-left editor-content\">\n<div class=\"child-module-wrapper child-module-ingress custom-paddings padding-top-10 padding-bottom-0 module-visibility-desktop-visible module-visibility-mobile-visible\">\n<div class=\"container child-module-container child-module-container-ingress\">\n<section class=\"container ingress-container\">\n<div class=\"ingress align-left mobile-align-left editor-content\">\n<p><strong>EvoFemme My Fitness &amp; Strength System sis\u00e4lt\u00e4\u00e4:<\/strong><\/p>\n<\/div>\n<\/section>\n<\/div>\n<\/div>\n<\/div>\n<\/section>\n<\/div>\n<\/div>\n<div class=\"child-module-wrapper child-module-editor custom-paddings padding-top-10 padding-bottom-80 module-visibility-desktop-visible module-visibility-mobile-visible\">\n<div class=\"container child-module-container child-module-container-editor\">\n<section class=\"container editor-container editor-content default\">\n<ul class=\"list-alt\">\n<li>Kotitestin + t\u00e4yden DNA-analyysin<\/li>\n<li>24 geenipohjaista havaintoa naisen hyvinvoinnista<\/li>\n<li>Henkil\u00f6kohtaisen DNACoachin, joka kulkee mukanasi 24\/7<\/li>\n<\/ul>\n<h2 class=\"h2-alt text-align-center\">My Fitness &amp; Strength System avaa millaiseen liikuntaan ja sit\u00e4 tukevaan ravintoon kehosi reagoi parhaiten. Opit rakentamaan voimaa helpommin, sinun tavalla.<\/h2>\n<p>&nbsp;<\/p>\n<p class=\"h5 item-title\"><span style=\"font-family: inherit; font-size: 24px; font-weight: bold;\">24 oivallusta itsest\u00e4si<\/span><\/p>\n<p class=\"h5 item-title\"><strong>Merkitt\u00e4vimm\u00e4t geneettiset ominaisuudet, joiden ymm\u00e4rt\u00e4minen lis\u00e4\u00e4 hyvinvointiasi arjessa.<\/strong><\/p>\n<\/section>\n<\/div>\n<\/div>\n<\/div>\n<div id=\"insights-about-you\" class=\"wrapper module-wrapper module-two_columns custom-paddings padding-top-0 padding-bottom-20 module-width-content-area module-visibility-desktop-visible module-visibility-mobile-visible\">\n<div class=\"grid-wrapper\">\n<div class=\"grid-container\">\n<div class=\"grid-x grid-margin-x align-center\">\n<div class=\"cell xlarge-12\">\n<div class=\"module-width-content-area-wrapper\">\n<div class=\"container module-container module-container-two_columns\">\n<section class=\"container two-column-container vertical-column-align-top \">\n<div class=\"content\">\n<div class=\"grid-x grid-margin-x align-top\">\n<div class=\"child-module-cell two-column-child-module-cell cell xlarge-6 xlarge-order-2 small-order-2\">\n<div class=\"column-wrapper column-2-wrapper \">\n<div class=\"column-container column-2-container\">\n<div class=\"column-container-inner\">\n<div class=\"child-module-wrapper child-module-popup_links default-paddings padding-top-0 padding-bottom-30 module-visibility-desktop-visible module-visibility-mobile-visible last-child-module-in-column-desktop last-child-module-in-column-mobile last-child-module-in-last-column-desktop last-child-module-in-last-column-mobile\">\n<div class=\"container child-module-container child-module-container-popup_links\">\n<section class=\"container popup-links-container\">\n<ul>\n<li>Kest\u00e4vyys- ja nopeusvoimaprofiili (ACTN3)<\/li>\n<li>Suorituskykyprofiili (ACE-genotyyppi)<\/li>\n<li>Lihaskuitujen koostumus<\/li>\n<li>Perusaineenvaihdunta<\/li>\n<li>Voimantuottokyky Rhythm<\/li>\n<li>Voimaharjoittelun kehittymisnopeus<\/li>\n<li>Kest\u00e4vyys ja jaksaminen<\/li>\n<li>Hapenk\u00e4ytt\u00f6 kest\u00e4vyydess\u00e4<\/li>\n<li>Korkean ilmanalan treenivaste<\/li>\n<li>Harjoittelunsietokyky<\/li>\n<li>Hiilihydraatit ja painonhallinta<\/li>\n<li>Ravintoaineet ja painonhallinta<\/li>\n<li>Paastoglukoosi<\/li>\n<li>Hapenk\u00e4ytt\u00f6kapasiteetti<\/li>\n<li>Verensokeripiikki aterian j\u00e4lkeen<\/li>\n<li>B12-vitamiinin l\u00e4ht\u00f6taso<\/li>\n<li>VO\u2082 max -kehitysvauhti<\/li>\n<li>Lihaskivun taipumus<\/li>\n<li>Proteiini ja painonhallinta<\/li>\n<li>Luontainen voimataso<\/li>\n<li>Triglyseridit ja paasto<\/li>\n<li>Palautumisnopeus<\/li>\n<li>Tulehdusmarkkerit (CRP)<\/li>\n<li>Magnesiumin l\u00e4ht\u00f6taso<\/li>\n<\/ul>\n<\/section>\n<\/div>\n<\/div>\n<\/div>\n<\/div>\n<\/div>\n<\/div>\n<\/div>\n<\/div>\n<\/section>\n<\/div>\n<\/div>\n<\/div>\n<\/div>\n<\/div>\n<\/div>\n<\/div>\n","protected":false},"excerpt":{"rendered":"<div class=\"child-module-wrapper child-module-ingress custom-paddings padding-top-10 padding-bottom-0 module-visibility-desktop-visible module-visibility-mobile-visible\">\n<div class=\"container child-module-container child-module-container-ingress\">\n<section class=\"container ingress-container\">\n<div class=\"ingress align-left mobile-align-left editor-content\">\n<div class=\"child-module-wrapper child-module-ingress custom-paddings padding-top-10 padding-bottom-0 module-visibility-desktop-visible module-visibility-mobile-visible\">\n<div class=\"container child-module-container child-module-container-ingress\">\n<section class=\"container ingress-container\">\n<div class=\"ingress align-left mobile-align-left editor-content\">\n<p><strong>Naisille liikuntaan ja treenaamiseen, josta kehosi kiitt\u00e4\u00e4<\/strong><\/p>\n<\/div>\n<\/section>\n<\/div>\n<\/div>\n<div class=\"child-module-wrapper child-module-editor custom-paddings padding-top-10 padding-bottom-80 module-visibility-desktop-visible module-visibility-mobile-visible\">\n<div class=\"container child-module-container child-module-container-editor\">\n<section class=\"container editor-container editor-content default\">Sinun ei tarvitse puskea kovempaa, vaan toimia kehosi ehdoilla. N\u00e4in voit harjoitella ja kehitty\u00e4 tavalla, joka antaa energiaa, tukee kuukautiskiertoasi, rakentaa itseluottamusta ja tuottaa tuloksia, jotka tuntuvat hyv\u00e4lt\u00e4.<\/section>\n<\/div>\n<\/div>\n<\/div>\n<\/section>\n<\/div>\n<\/div>\n","protected":false},"featured_media":572,"comment_status":"open","ping_status":"closed","template":"","meta":{"_acf_changed":false,"_kad_post_transparent":"default","_kad_post_title":"","_kad_post_layout":"default","_kad_post_sidebar_id":"","_kad_post_content_style":"default","_kad_post_vertical_padding":"default","_kad_post_feature":"","_kad_post_feature_position":"","_kad_post_header":false,"_kad_post_footer":false,"_kad_post_classname":""},"product_brand":[],"product_cat":[21],"product_tag":[],"class_list":{"0":"post-571","1":"product","2":"type-product","3":"status-publish","4":"has-post-thumbnail","6":"product_cat-hyvinvointi","8":"first","9":"instock","10":"virtual","11":"taxable","12":"purchasable","13":"product-type-simple","14":"entry","15":"content-bg","16":"loop-entry"},"acf":[],"_links":{"self":[{"href":"https:\/\/marketplace.epassi.fi\/evogenom\/wp-json\/wp\/v2\/product\/571","targetHints":{"allow":["GET"]}}],"collection":[{"href":"https:\/\/marketplace.epassi.fi\/evogenom\/wp-json\/wp\/v2\/product"}],"about":[{"href":"https:\/\/marketplace.epassi.fi\/evogenom\/wp-json\/wp\/v2\/types\/product"}],"replies":[{"embeddable":true,"href":"https:\/\/marketplace.epassi.fi\/evogenom\/wp-json\/wp\/v2\/comments?post=571"}],"wp:featuredmedia":[{"embeddable":true,"href":"https:\/\/marketplace.epassi.fi\/evogenom\/wp-json\/wp\/v2\/media\/572"}],"wp:attachment":[{"href":"https:\/\/marketplace.epassi.fi\/evogenom\/wp-json\/wp\/v2\/media?parent=571"}],"wp:term":[{"taxonomy":"product_brand","embeddable":true,"href":"https:\/\/marketplace.epassi.fi\/evogenom\/wp-json\/wp\/v2\/product_brand?post=571"},{"taxonomy":"product_cat","embeddable":true,"href":"https:\/\/marketplace.epassi.fi\/evogenom\/wp-json\/wp\/v2\/product_cat?post=571"},{"taxonomy":"product_tag","embeddable":true,"href":"https:\/\/marketplace.epassi.fi\/evogenom\/wp-json\/wp\/v2\/product_tag?post=571"}],"curies":[{"name":"wp","href":"https:\/\/api.w.org\/{rel}","templated":true}]}}