{"id":22,"date":"2021-09-13T17:45:59","date_gmt":"2021-09-13T17:45:59","guid":{"rendered":"https:\/\/marketplace.epassi.fi\/exit-oulu\/?page_id=22"},"modified":"2021-10-12T10:57:35","modified_gmt":"2021-10-12T10:57:35","slug":"info","status":"publish","type":"page","link":"https:\/\/marketplace.epassi.fi\/exit-oulu\/info\/","title":{"rendered":"Info"},"content":{"rendered":"\n\t<div class=\"entry-content single-content\">\n\n\t\t<div class=\"wp-block-columns\" style=\"gap:30px\">\n\t\t\t<div class=\"wp-block-column\">\n\t\t\t\t<h2>Exit Oulu pakohuone<\/h2>\n\t\t\t\t<p><p>Oulun suosituimmat pakohuoneet eli escape roomit ovat t\u00e4ydellinen valinta heille, jotka rakastavat pelej\u00e4, arvoituksia ja haasteita. Room escape -peleiss\u00e4 tarvitaan \u00e4ly\u00e4, luovuutta, loogista ajattelua ja ryhm\u00e4ty\u00f6t\u00e4. P\u00e4\u00e4seek\u00f6 teid\u00e4n joukkueenne pakenemaan?<\/p>\n<p>Lahjakortti on henkil\u00f6kohtainen. Voit kuitenkin maksaa halutessasi vaikka koko pakohuonepelin lahjakortillasi, kunhan olet itse mukana pelaamassa! Lahjakortti on voimassa 12 kk ostop\u00e4iv\u00e4st\u00e4 ja sit\u00e4 voi k\u00e4ytt\u00e4\u00e4 useammalla pelikerralla, jos saldoa on j\u00e4ljell\u00e4.<\/p>\n<p>Saat lahjakortin s\u00e4hk\u00f6postiisi kun tilauksesi on k\u00e4sitelty, 1-2 arkip\u00e4iv\u00e4ss\u00e4.<\/p>\n<\/p>\n\t\t\t\t<h3>Exit Oulu<\/h3>\n\t\t\t\t<p>Uusikatu 13-15<br>\n\t\t\t\t\t90100 Oulu<\/p>\n\t\t\t\t<p><a href=\"tel:+358 50 465 5181\">+358 50 465 5181<\/a><\/p>\n\t\t\t\t<p><a href=\"mailto:info@exitoulu.fi\">info@exitoulu.fi<\/a><\/p>\n\n\t\t\t\t<h2>Toimipisteet<\/h2><div class=\"info-page-location-list\"><div class=\"info-page-location\"><h3>Uusikatu 13-15<\/h3><p>Uusikatu 13-15, 90100 Oulu<\/p><p><a href=\"tel:050 465 5181 \">050 465 5181 <\/a><br><a href=\"mail:info@exitoulu.fi\">info@exitoulu.fi<\/a><p><a href=\"https:\/\/www.google.com\/maps\/search\/?api=1&query=Google&query_place_id=ChIJ52210nUzgEYR_SbiBEIyqTI\">Katso sijainti kartalla <span>&#8599;<\/span><\/a><\/p><\/p><p>Toimipisteen pelit: Faaraon salaisuus |\u00a0Avaruusromua |\u00a0Taikuri (kaksi samanlaista huonetta pelattavissa yht\u00e4 aikaa!) | Murhamysteeri |\u00a0Vankilapako<\/p><\/div><div class=\"info-page-location\"><h3>Uusikatu 22<\/h3><p>Uusikatu 22, 90100 Oulu<\/p><p><a href=\"tel:050 465 5181 \">050 465 5181 <\/a><br><a href=\"mail:info@exitoulu.fi\">info@exitoulu.fi<\/a><p><a href=\"https:\/\/www.google.com\/maps\/search\/?api=1&query=Google&query_place_id=ChIJbXQVxa4ygEYRNIXZkGIWxOs\">Katso sijainti kartalla <span>&#8599;<\/span><\/a><\/p><\/p><p>Toimipisteen pelit:\r\nVelhon perint\u00f6 | Temppelin kirous |\u00a0Pommi | The Heist - Ry\u00f6st\u00f6 | Kuolleen miehen saari<\/p><\/div><div class=\"info-page-location\"><h3>Rotuaari<\/h3><p>Kirkkokatu 17, 90100 Oulu<\/p><p><a href=\"tel:050 465 5181 \">050 465 5181 <\/a><br><a href=\"mail:info@exitoulu.fi\">info@exitoulu.fi<\/a><p><a href=\"https:\/\/www.google.com\/maps\/search\/?api=1&query=Google&query_place_id=ChIJvXe0Da8ygEYRwCGqe47fCgk\">Katso sijainti kartalla <span>&#8599;<\/span><\/a><\/p><\/p><p>Toimipisteen pelit: The Saw | Alcatraz |\u00a0Matka maailman ymp\u00e4ri\r\n<\/p><\/div><\/div>\t\t\t<\/div>\n\n\t\t\t<div class=\"wp-block-column\">\n\t\t\t\t<figure class=\"wp-block-image size-large\"><img loading=\"lazy\" decoding=\"async\" width=\"768\" height=\"470\" src=\"https:\/\/marketplace.epassi.fi\/exit-oulu\/wp-content\/uploads\/sites\/390\/2023\/12\/egyptpromo-768x470.jpg\" class=\"attachment-medium_large size-medium_large\" alt=\"\" \/><\/figure>\n\t\t\t<\/div>\n\t\t<\/div>\n\t<\/div>\n\t\n","protected":false},"excerpt":{"rendered":"","protected":false},"author":2,"featured_media":0,"parent":0,"menu_order":0,"comment_status":"closed","ping_status":"closed","template":"","meta":{"_acf_changed":false,"_kad_post_transparent":"","_kad_post_title":"","_kad_post_layout":"","_kad_post_sidebar_id":"","_kad_post_content_style":"","_kad_post_vertical_padding":"","_kad_post_feature":"","_kad_post_feature_position":"","_kad_post_header":false,"_kad_post_footer":false,"_kad_post_classname":"","footnotes":""},"class_list":["post-22","page","type-page","status-publish","hentry"],"acf":[],"_links":{"self":[{"href":"https:\/\/marketplace.epassi.fi\/exit-oulu\/wp-json\/wp\/v2\/pages\/22","targetHints":{"allow":["GET"]}}],"collection":[{"href":"https:\/\/marketplace.epassi.fi\/exit-oulu\/wp-json\/wp\/v2\/pages"}],"about":[{"href":"https:\/\/marketplace.epassi.fi\/exit-oulu\/wp-json\/wp\/v2\/types\/page"}],"author":[{"embeddable":true,"href":"https:\/\/marketplace.epassi.fi\/exit-oulu\/wp-json\/wp\/v2\/users\/2"}],"replies":[{"embeddable":true,"href":"https:\/\/marketplace.epassi.fi\/exit-oulu\/wp-json\/wp\/v2\/comments?post=22"}],"version-history":[{"count":10,"href":"https:\/\/marketplace.epassi.fi\/exit-oulu\/wp-json\/wp\/v2\/pages\/22\/revisions"}],"predecessor-version":[{"id":264,"href":"https:\/\/marketplace.epassi.fi\/exit-oulu\/wp-json\/wp\/v2\/pages\/22\/revisions\/264"}],"wp:attachment":[{"href":"https:\/\/marketplace.epassi.fi\/exit-oulu\/wp-json\/wp\/v2\/media?parent=22"}],"curies":[{"name":"wp","href":"https:\/\/api.w.org\/{rel}","templated":true}]}}