{"id":22,"date":"2021-09-13T17:45:59","date_gmt":"2021-09-13T17:45:59","guid":{"rendered":"https:\/\/marketplace.epassi.fi\/feelhobby\/?page_id=22"},"modified":"2021-10-12T10:57:35","modified_gmt":"2021-10-12T10:57:35","slug":"info","status":"publish","type":"page","link":"https:\/\/marketplace.epassi.fi\/feelhobby\/info\/","title":{"rendered":"Info"},"content":{"rendered":"\n\t<div class=\"entry-content single-content\">\n\n\t\t<div class=\"wp-block-columns\" style=\"gap:30px\">\n\t\t\t<div class=\"wp-block-column\">\n\t\t\t\t<h2>FeelHobby - digitaalinen treenistudiosi.<\/h2>\n\t\t\t\t<p><p>FeelHobby on digitaalinen treenistudiosi.<\/p>\n<p>Yli 20 000 suomalaista on l\u00f6yt\u00e4nyt liikkumisen ilon FeelHobbysta. 1000+ harjoitusta treeniin ja palautumiseen.<\/p>\n<p>Anna kehon kertoa ja fiiliksen p\u00e4\u00e4tt\u00e4\u00e4. Valikoimasta l\u00f6ytyy sis\u00e4lt\u00f6j\u00e4 mm.<\/p>\n<p>\u2714\ufe0e Treeneihin - pilatesta &amp; kotitreenej\u00e4<br \/>\n\u2714\ufe0e Rentoutumiseen - meditaatiota &amp; joogaa<br \/>\n\u2714\ufe0e Juoksuun - aloittamisesta puolimaratonille<br \/>\n\u2714\ufe0e Tanssiin - tekniikkaa &amp; koreografioita<\/p>\n<p>Voit valita yksitt\u00e4isi\u00e4 videoita, hyp\u00e4t\u00e4 mukaan treenihaasteeseen tai vaikka molempia!<\/p>\n<p>www.feelhobby.com<\/p>\n<\/p>\n\t\t\t\t<h3>FeelHobby<\/h3>\n\t\t\t\t<p><br>\n\t\t\t\t\t <\/p>\n\t\t\t\t<p><a href=\"tel:\"><\/a><\/p>\n\t\t\t\t<p><a href=\"mailto:support@feelhobby.com\">support@feelhobby.com<\/a><\/p>\n\n\t\t\t\t\t\t\t<\/div>\n\n\t\t\t<div class=\"wp-block-column\">\n\t\t\t\t<figure class=\"wp-block-image size-large\"><img loading=\"lazy\" decoding=\"async\" width=\"768\" height=\"432\" src=\"https:\/\/marketplace.epassi.fi\/feelhobby\/wp-content\/uploads\/sites\/228\/2025\/12\/kauppakuva-marketplace-768x432.jpeg\" class=\"attachment-medium_large size-medium_large\" alt=\"\" \/><\/figure>\n\t\t\t<\/div>\n\t\t<\/div>\n\t<\/div>\n\t\n","protected":false},"excerpt":{"rendered":"","protected":false},"author":2,"featured_media":0,"parent":0,"menu_order":0,"comment_status":"closed","ping_status":"closed","template":"","meta":{"_acf_changed":false,"_kad_post_transparent":"","_kad_post_title":"","_kad_post_layout":"","_kad_post_sidebar_id":"","_kad_post_content_style":"","_kad_post_vertical_padding":"","_kad_post_feature":"","_kad_post_feature_position":"","_kad_post_header":false,"_kad_post_footer":false,"_kad_post_classname":"","footnotes":""},"class_list":["post-22","page","type-page","status-publish","hentry"],"acf":[],"_links":{"self":[{"href":"https:\/\/marketplace.epassi.fi\/feelhobby\/wp-json\/wp\/v2\/pages\/22","targetHints":{"allow":["GET"]}}],"collection":[{"href":"https:\/\/marketplace.epassi.fi\/feelhobby\/wp-json\/wp\/v2\/pages"}],"about":[{"href":"https:\/\/marketplace.epassi.fi\/feelhobby\/wp-json\/wp\/v2\/types\/page"}],"author":[{"embeddable":true,"href":"https:\/\/marketplace.epassi.fi\/feelhobby\/wp-json\/wp\/v2\/users\/2"}],"replies":[{"embeddable":true,"href":"https:\/\/marketplace.epassi.fi\/feelhobby\/wp-json\/wp\/v2\/comments?post=22"}],"version-history":[{"count":10,"href":"https:\/\/marketplace.epassi.fi\/feelhobby\/wp-json\/wp\/v2\/pages\/22\/revisions"}],"predecessor-version":[{"id":264,"href":"https:\/\/marketplace.epassi.fi\/feelhobby\/wp-json\/wp\/v2\/pages\/22\/revisions\/264"}],"wp:attachment":[{"href":"https:\/\/marketplace.epassi.fi\/feelhobby\/wp-json\/wp\/v2\/media?parent=22"}],"curies":[{"name":"wp","href":"https:\/\/api.w.org\/{rel}","templated":true}]}}