{"id":382,"date":"2022-11-17T15:36:42","date_gmt":"2022-11-17T13:36:42","guid":{"rendered":"https:\/\/marketplace.epassi.fi\/feelhobby\/?post_type=product&#038;p=382"},"modified":"2026-01-19T10:36:22","modified_gmt":"2026-01-19T08:36:22","slug":"feelhobby-6kk-vain-black-week","status":"publish","type":"product","link":"https:\/\/marketplace.epassi.fi\/feelhobby\/kauppa\/liikuntaedut\/jooga\/feelhobby-6kk-vain-black-week\/","title":{"rendered":"FeelHobby 6kk"},"content":{"rendered":"<div class=\"flex justify-between w-full mb-6\">\n<div class=\" md: font-bold text-sm body_font_family\">\n<div class=\"editor-content\">\n<p><strong>FeelHobby 6kk<\/strong><\/p>\n<\/div>\n<\/div>\n<div class=\" md: font-bold text-sm body_font_family\">\n<div class=\"editor-content\">\n<p>&nbsp;<\/p>\n<\/div>\n<\/div>\n<\/div>\n<div class=\" md: text-sm font-light text-left body_font_family\">\n<div class=\"editor-content\">\n<p><strong>S\u00e4\u00e4st\u00e4 47<\/strong><strong>% <\/strong><strong>maksamalla 6kk kerralla 79,95\u20ac<\/strong><\/p>\n<p>\u2714\ufe0f P\u00e4\u00e4sy koko valikoimaan <strong>6kk<\/strong>\u00a0ajaksi<\/p>\n<p>\u2714\ufe0f Juoksu, Jooga, Pilates, Treeni, Tanssi, Tauot, Kehonhuolto, Meditaatio<\/p>\n<p>\u2714\ufe0f Treenihaasteet, viikko-ohjelmat, kokonaisuudet<\/p>\n<p>\u2714\ufe0f Videot &amp; Podcast-treenit<\/p>\n<p>\u2714\ufe0f Yhteis\u00f6, kalenteri, omat listat<\/p>\n<p>\u2714\ufe0f Viikottain uusia sis\u00e4lt\u00f6j\u00e4<\/p>\n<p>\u2714\ufe0f 100% tyytyv\u00e4isyystakuu<\/p>\n<p>\u2714\ufe0f Voit peruuttaa tilauksen milloin haluat<\/p>\n<p>&nbsp;<\/p>\n<\/div>\n<\/div>\n<div class=\"description\" data-v-122f65fe=\"\">\n<div class=\"program-description-text whitespace-pre-wrap overflow-hidden break-words\" data-v-625aece6=\"\" data-v-122f65fe=\"\">\n<p><strong>Tutustu FeelHobby valikoimaan tarkemmin osoitteessa <a href=\"https:\/\/feelhobby.com\/\"><span style=\"color: #0000ff\">www.feelhobby.com<\/span><\/a><\/strong><\/p>\n<p class=\"p1\"><strong>TOIMI N\u00c4IN:<\/strong><\/p>\n<ol class=\"ol1\">\n<li class=\"li1\">Maksa tilauksesi liikuntaeduilla Epassi Marketplacessa<\/li>\n<li class=\"li1\">Ilmoita osoitteeseen\u00a0<a href=\"mailto:support@feelhobby.com\"><span class=\"s1\">support@feelhobby.com<\/span><\/a> mill\u00e4 liikuntaedulla ja mill\u00e4 summalla maksoit<\/li>\n<li class=\"li1\">L\u00e4het\u00e4mme sinulle paluupostilla ohjeet k\u00e4ytt\u00e4j\u00e4tilin aktivoimiseksi<\/li>\n<li class=\"li1\">Valmista! Let\u2019s FeelHobby!<\/li>\n<\/ol>\n<p><em>Laskutus tapahtuu 6kk v\u00e4lein. Tilaus uusiutuu, mik\u00e4li et irtisano sit\u00e4 ennen tilauskauden p\u00e4\u00e4ttymist\u00e4. Ei m\u00e4\u00e4r\u00e4aikaista sitoutumista. Voit irtisanoa koska tahansa.<\/em><\/p>\n<\/div>\n<\/div>\n","protected":false},"excerpt":{"rendered":"<p class=\"p1\">Digitaalinen treenistudiosi. Aina k\u00e4den ulottuvilla.<\/p>\n<p class=\"p1\"><b>Yli 20 000 suomalaista<\/b> on l\u00f6yt\u00e4nyt liikkumisen ilon FeelHobbysta.\u00a01000+ harjoitusta treeniin ja palautumiseen.<\/p>\n<p class=\"p1\">Kaikki lajit. Yksi j\u00e4senyys.<\/p>\n<p class=\"p1\">Anna kehon kertoa ja fiiliksen p\u00e4\u00e4tt\u00e4\u00e4. Valikoimasta l\u00f6ytyy sis\u00e4lt\u00f6j\u00e4 mm.<\/p>\n<p class=\"p1\"><span class=\"s1\">\u2714\ufe0e<\/span> Treeneihin &#8211; pilatesta &amp; kotitreenej\u00e4 <span class=\"s1\">\u2714\ufe0e<\/span> Rentoutumiseen &#8211; meditaatiota &amp; joogaa<br \/>\n<span class=\"s1\">\u2714\ufe0e<\/span> Juoksuun &#8211; aloittamisesta puolimaratonille <span class=\"s1\">\u2714\ufe0e<\/span> Tanssiin &#8211; tekniikkaa &amp; koreografioita<\/p>\n<p class=\"p1\">Voit valita yksitt\u00e4isi\u00e4 videoita, hyp\u00e4t\u00e4 mukaan treenihaasteeseen tai vaikka molempia!<\/p>\n<p class=\"p2\"><span class=\"s2\">Lue lis\u00e4\u00e4 <a href=\"http:\/\/www.feelhobby.com\"><span class=\"s3\"><b>www.feelhobby.com<\/b><\/span><\/a><\/span><\/p>\n","protected":false},"featured_media":881,"comment_status":"closed","ping_status":"closed","template":"","meta":{"_acf_changed":false,"_kad_post_transparent":"default","_kad_post_title":"","_kad_post_layout":"default","_kad_post_sidebar_id":"","_kad_post_content_style":"default","_kad_post_vertical_padding":"default","_kad_post_feature":"","_kad_post_feature_position":"","_kad_post_header":false,"_kad_post_footer":false,"_kad_post_classname":""},"product_brand":[],"product_cat":[25,23,29,19,27,28,15],"product_tag":[],"class_list":{"0":"post-382","1":"product","2":"type-product","3":"status-publish","4":"has-post-thumbnail","6":"product_cat-jooga","7":"product_cat-kuntosali","8":"product_cat-liikunta-muut","9":"product_cat-liikuntaedut","10":"product_cat-ryhmaliikunta","11":"product_cat-verkkotreenit","12":"product_cat-yleinen","14":"first","15":"instock","16":"virtual","17":"taxable","18":"purchasable","19":"product-type-simple","20":"entry","21":"content-bg","22":"loop-entry"},"acf":[],"_links":{"self":[{"href":"https:\/\/marketplace.epassi.fi\/feelhobby\/wp-json\/wp\/v2\/product\/382","targetHints":{"allow":["GET"]}}],"collection":[{"href":"https:\/\/marketplace.epassi.fi\/feelhobby\/wp-json\/wp\/v2\/product"}],"about":[{"href":"https:\/\/marketplace.epassi.fi\/feelhobby\/wp-json\/wp\/v2\/types\/product"}],"replies":[{"embeddable":true,"href":"https:\/\/marketplace.epassi.fi\/feelhobby\/wp-json\/wp\/v2\/comments?post=382"}],"wp:featuredmedia":[{"embeddable":true,"href":"https:\/\/marketplace.epassi.fi\/feelhobby\/wp-json\/wp\/v2\/media\/881"}],"wp:attachment":[{"href":"https:\/\/marketplace.epassi.fi\/feelhobby\/wp-json\/wp\/v2\/media?parent=382"}],"wp:term":[{"taxonomy":"product_brand","embeddable":true,"href":"https:\/\/marketplace.epassi.fi\/feelhobby\/wp-json\/wp\/v2\/product_brand?post=382"},{"taxonomy":"product_cat","embeddable":true,"href":"https:\/\/marketplace.epassi.fi\/feelhobby\/wp-json\/wp\/v2\/product_cat?post=382"},{"taxonomy":"product_tag","embeddable":true,"href":"https:\/\/marketplace.epassi.fi\/feelhobby\/wp-json\/wp\/v2\/product_tag?post=382"}],"curies":[{"name":"wp","href":"https:\/\/api.w.org\/{rel}","templated":true}]}}