{"id":22,"date":"2021-09-13T17:45:59","date_gmt":"2021-09-13T17:45:59","guid":{"rendered":"https:\/\/marketplace.epassi.fi\/finnkino\/?page_id=22"},"modified":"2021-10-12T10:57:35","modified_gmt":"2021-10-12T10:57:35","slug":"info","status":"publish","type":"page","link":"https:\/\/marketplace.epassi.fi\/finnkino\/info\/","title":{"rendered":"Info"},"content":{"rendered":"\n\t<div class=\"entry-content single-content\">\n\n\t\t<div class=\"wp-block-columns\" style=\"gap:30px\">\n\t\t\t<div class=\"wp-block-column\">\n\t\t\t\t<h2>Finnkino Oy<\/h2>\n\t\t\t\t<p><p>Finnkino on Suomen kulttuuriviihteen monipuolisin el\u00e4mysten tarjoaja ja edell\u00e4k\u00e4vij\u00e4. Finnkinolla on Suomessa 17 teatteria 12 paikkakunnalla. Finnkino Oy:n palveluksessa on n. 300 ty\u00f6ntekij\u00e4\u00e4, joista suurin osa ty\u00f6skentelee teattereissa. Finnkino toimii my\u00f6s elokuvien maahantuojana ja levitt\u00e4j\u00e4n\u00e4. Finnkino kuuluu Euroopan suurimpaan elokuvateatteriketju Odeon Cinemas Groupiin, jonka omistaa amerikkalainen, maailman johtava elokuvateatteriketju AMC. Konsernilla on teattereita Suomen, Ruotsin ja Norjan lis\u00e4ksi seitsem\u00e4ss\u00e4 eri Euroopan maassa. www.finnkino.fi.<\/p>\n<\/p>\n\t\t\t\t<h3>Finnkino<\/h3>\n\t\t\t\t<p>Mannerheimintie 113<br>\n\t\t\t\t\t00280 Helsinki<\/p>\n\t\t\t\t<p><a href=\"tel:\"><\/a><\/p>\n\t\t\t\t<p><a href=\"mailto:asiakaspalvelu@finnkino.fi\">asiakaspalvelu@finnkino.fi<\/a><\/p>\n\n\t\t\t\t<h2>Toimipisteet<\/h2><div class=\"info-page-location-list\"><div class=\"info-page-location\"><h3>Finnkino Omena<\/h3><p>Piispansilta 11, 02230 Espoo<\/p><p><p><a href=\"https:\/\/www.google.com\/maps\/search\/?api=1&query=Google&query_place_id=ChIJuT1-fh31jUYRDTrO6vTe248\">Katso sijainti kartalla <span>&#8599;<\/span><\/a><\/p><\/p><p><\/p><\/div><div class=\"info-page-location\"><h3>Espoo Sello<\/h3><p>Ratsukatu 3, 02600 Espoo<\/p><p><p><a href=\"https:\/\/www.google.com\/maps\/search\/?api=1&query=Google&query_place_id=ChIJZ5xivH72jUYRFDkfKC8oNcw\">Katso sijainti kartalla <span>&#8599;<\/span><\/a><\/p><\/p><p><\/p><\/div><div class=\"info-page-location\"><h3>Helsinki Itis<\/h3><p>It\u00e4katu 1-7, 00930 Helsinki<\/p><p><p><a href=\"https:\/\/www.google.com\/maps\/search\/?api=1&query=Google&query_place_id=ChIJpYb1uysPkkYRux7ckYBC3_w\">Katso sijainti kartalla <span>&#8599;<\/span><\/a><\/p><\/p><p><\/p><\/div><div class=\"info-page-location\"><h3>Helsinki Kinopalatsi<\/h3><p>Kaisaniemenkatu 2, 00100 Helsinki<\/p><p><p><a href=\"https:\/\/www.google.com\/maps\/search\/?api=1&query=Google&query_place_id=ChIJM0S55c0LkkYR8U4Q1sTgMRA\">Katso sijainti kartalla <span>&#8599;<\/span><\/a><\/p><\/p><p><\/p><\/div><div class=\"info-page-location\"><h3>Helsinki Maxim<\/h3><p>Kluuvikatu 1, 00100 Helsinki<\/p><p><p><a href=\"https:\/\/www.google.com\/maps\/search\/?api=1&query=Google&query_place_id=ChIJb6qYmDQKkkYRF2jtWRrIUmA\">Katso sijainti kartalla <span>&#8599;<\/span><\/a><\/p><\/p><p><\/p><\/div><div class=\"info-page-location\"><h3>Helsinki Tennispalatsi<\/h3><p>Salomonkatu 15, 00100 Helsinki<\/p><p><p><a href=\"https:\/\/www.google.com\/maps\/search\/?api=1&query=Google&query_place_id=ChIJudT5mzQKkkYRD58rHX_P8Sk\">Katso sijainti kartalla <span>&#8599;<\/span><\/a><\/p><\/p><p><\/p><\/div><div class=\"info-page-location\"><h3>Vantaa Flamingo<\/h3><p>Tasetie 8, 01510 Vantaa<\/p><p><p><a href=\"https:\/\/www.google.com\/maps\/search\/?api=1&query=Google&query_place_id=ChIJdZrSjgf4jUYRT9rycDU7Cng\">Katso sijainti kartalla <span>&#8599;<\/span><\/a><\/p><\/p><p><\/p><\/div><div class=\"info-page-location\"><h3>Jyv\u00e4skyl\u00e4 Fantasia<\/h3><p>Kauppakatu 29-31, 40100 Jyv\u00e4skyl\u00e4<\/p><p><p><a href=\"https:\/\/www.google.com\/maps\/search\/?api=1&query=Google&query_place_id=ChIJU8L7-BZ0hUYR3tpee3sfMss\">Katso sijainti kartalla <span>&#8599;<\/span><\/a><\/p><\/p><p><\/p><\/div><div class=\"info-page-location\"><h3>Kuopio Scala<\/h3><p>Ajurinkatu 16, 70110 Kuopio<\/p><p><p><a href=\"https:\/\/www.google.com\/maps\/search\/?api=1&query=Google&query_place_id=ChIJW2riTImwhEYRHSEP95D011Y\">Katso sijainti kartalla <span>&#8599;<\/span><\/a><\/p><\/p><p><\/p><\/div><div class=\"info-page-location\"><h3>Lahti Kuvapalatsi<\/h3><p>Vapaudenkatu 13, 15100 Lahti<\/p><p><p><a href=\"https:\/\/www.google.com\/maps\/search\/?api=1&query=Google&query_place_id=ChIJHVj8VVIojkYRIXF1aVqoSgo\">Katso sijainti kartalla <span>&#8599;<\/span><\/a><\/p><\/p><p><\/p><\/div><div class=\"info-page-location\"><h3>Lappeenranta Strand<\/h3><p>Brahenkatu 5, 53100 Lappeenranta<\/p><p><p><a href=\"https:\/\/www.google.com\/maps\/search\/?api=1&query=Google&query_place_id=ChIJC7I4MZqVkEYR98A1ckwy3UQ\">Katso sijainti kartalla <span>&#8599;<\/span><\/a><\/p><\/p><p><\/p><\/div><div class=\"info-page-location\"><h3>Oulu Plaza<\/h3><p>Torikatu 32, 90100 Oulu<\/p><p><p><a href=\"https:\/\/www.google.com\/maps\/search\/?api=1&query=Google&query_place_id=ChIJz7Pgiq8ygEYRyIUSW6vDHlk\">Katso sijainti kartalla <span>&#8599;<\/span><\/a><\/p><\/p><p><\/p><\/div><div class=\"info-page-location\"><h3>Pori Promenadi<\/h3><p>Yrj\u00f6nkatu 17, 28100 Pori<\/p><p><p><a href=\"https:\/\/www.google.com\/maps\/search\/?api=1&query=Google&query_place_id=ChIJ12s5ghYLiUYRmgG7kEwupXE\">Katso sijainti kartalla <span>&#8599;<\/span><\/a><\/p><\/p><p><\/p><\/div><div class=\"info-page-location\"><h3>Tampere Cine Atlas <\/h3><p>Hatanp\u00e4\u00e4n valtatie 1, 33100 Tampere<\/p><p><p><a href=\"https:\/\/www.google.com\/maps\/search\/?api=1&query=Google&query_place_id=ChIJlZP556zYjkYRnweZxl2QAw8\">Katso sijainti kartalla <span>&#8599;<\/span><\/a><\/p><\/p><p><\/p><\/div><div class=\"info-page-location\"><h3>Tampere Plevna<\/h3><p>It\u00e4inenkatu 4, 33210 Tampere<\/p><p><p><a href=\"https:\/\/www.google.com\/maps\/search\/?api=1&query=Google&query_place_id=ChIJB_8-AqnYjkYRVm-iLlS-45A\">Katso sijainti kartalla <span>&#8599;<\/span><\/a><\/p><\/p><p><\/p><\/div><div class=\"info-page-location\"><h3>Turku Kinopalatsi<\/h3><p>Kauppiaskatu 11, 20100 Turku<\/p><p><p><a href=\"https:\/\/www.google.com\/maps\/search\/?api=1&query=Google&query_place_id=ChIJD5-2v_l2jEYRdFBdCcJfOiw\">Katso sijainti kartalla <span>&#8599;<\/span><\/a><\/p><\/p><p><\/p><\/div><div class=\"info-page-location\"><h3>Raisio LUXE Mylly<\/h3><p>Myllynkatu 1, 21280 Raisio<\/p><p><p><a href=\"https:\/\/www.google.com\/maps\/search\/?api=1&query=Google&query_place_id=ChIJhT21cteJi0YRQsk2PQ5oYlE\">Katso sijainti kartalla <span>&#8599;<\/span><\/a><\/p><\/p><p><\/p><\/div><\/div>\t\t\t<\/div>\n\n\t\t\t<div class=\"wp-block-column\">\n\t\t\t\t<figure class=\"wp-block-image size-large\"><img loading=\"lazy\" decoding=\"async\" width=\"768\" height=\"324\" src=\"https:\/\/marketplace.epassi.fi\/finnkino\/wp-content\/uploads\/sites\/76\/2021\/11\/TietoaFinnkinosta_Imax_1920x810-768x324.jpg\" class=\"attachment-medium_large size-medium_large\" alt=\"\" \/><\/figure>\n\t\t\t<\/div>\n\t\t<\/div>\n\t<\/div>\n\t\n","protected":false},"excerpt":{"rendered":"","protected":false},"author":2,"featured_media":0,"parent":0,"menu_order":0,"comment_status":"closed","ping_status":"closed","template":"","meta":{"_acf_changed":false,"_kad_post_transparent":"","_kad_post_title":"","_kad_post_layout":"","_kad_post_sidebar_id":"","_kad_post_content_style":"","_kad_post_vertical_padding":"","_kad_post_feature":"","_kad_post_feature_position":"","_kad_post_header":false,"_kad_post_footer":false,"_kad_post_classname":"","footnotes":""},"class_list":["post-22","page","type-page","status-publish","hentry"],"acf":[],"_links":{"self":[{"href":"https:\/\/marketplace.epassi.fi\/finnkino\/wp-json\/wp\/v2\/pages\/22","targetHints":{"allow":["GET"]}}],"collection":[{"href":"https:\/\/marketplace.epassi.fi\/finnkino\/wp-json\/wp\/v2\/pages"}],"about":[{"href":"https:\/\/marketplace.epassi.fi\/finnkino\/wp-json\/wp\/v2\/types\/page"}],"author":[{"embeddable":true,"href":"https:\/\/marketplace.epassi.fi\/finnkino\/wp-json\/wp\/v2\/users\/2"}],"replies":[{"embeddable":true,"href":"https:\/\/marketplace.epassi.fi\/finnkino\/wp-json\/wp\/v2\/comments?post=22"}],"version-history":[{"count":10,"href":"https:\/\/marketplace.epassi.fi\/finnkino\/wp-json\/wp\/v2\/pages\/22\/revisions"}],"predecessor-version":[{"id":264,"href":"https:\/\/marketplace.epassi.fi\/finnkino\/wp-json\/wp\/v2\/pages\/22\/revisions\/264"}],"wp:attachment":[{"href":"https:\/\/marketplace.epassi.fi\/finnkino\/wp-json\/wp\/v2\/media?parent=22"}],"curies":[{"name":"wp","href":"https:\/\/api.w.org\/{rel}","templated":true}]}}