{"id":289,"date":"2021-10-20T17:08:34","date_gmt":"2021-10-20T17:08:34","guid":{"rendered":"https:\/\/marketplace.epassi.fi\/finnkino\/?post_type=product&#038;p=289"},"modified":"2026-01-02T09:17:17","modified_gmt":"2026-01-02T07:17:17","slug":"premium-kulttuurietusarjalippu-4-x-1695-e","status":"publish","type":"product","link":"https:\/\/marketplace.epassi.fi\/finnkino\/kauppa\/kulttuuriedut\/premium-kulttuurietusarjalippu-4-x-1695-e\/","title":{"rendered":"Premium-kulttuurietusarjaliput 4 x 16,95 \u20ac"},"content":{"rendered":"<p>Kulttuuriedulla upea kattaus elokuvael\u00e4myksi\u00e4 jokaiseen makuun 17 teatterissa kahdellatoista paikkakunnalla: Helsinki, Espoo, Vantaa, Turku, Raisio, Tampere, Kuopio, Lahti, Lappeenranta, Pori, Jyv\u00e4skyl\u00e4, Oulu. Finnkinon elokuvavalikoimasta l\u00f6yd\u00e4t kuumimmat uutuuselokuvat j\u00e4nnityksest\u00e4 kauhuun ja komediasta romantiikkaan.<\/p>\n<p>Huomaathan, ett\u00e4\u00a0<strong>kulttuurietusarjaliput\u00a0<\/strong>ovat eri tuote kuin normaalit sarjalippumme. Liput ovat tarkoitettu vain henkil\u00f6kohtaiseen k\u00e4ytt\u00f6\u00f6si. Voit k\u00e4ytt\u00e4\u00e4 kulttuurietusarjalippuja omaan n\u00e4yt\u00f6slippuusi.<\/p>\n","protected":false},"excerpt":{"rendered":"<p>Premium-sarjalippu k\u00e4y ilman lis\u00e4maksua my\u00f6s Premium-saleissa: IMAX, iSense, LUXE ja Maxim.<br \/>\n&#8211; k\u00e4y my\u00f6s 3D-n\u00e4yt\u00f6ksiin<br \/>\n&#8211; k\u00e4yt\u00e4 teatterin kassalla, tai koodin avulla verkkokaupassa ja sovelluksessa<br \/>\n&#8211; voimassa 6 kk<\/p>\n","protected":false},"featured_media":394,"comment_status":"open","ping_status":"closed","template":"","meta":{"_acf_changed":false,"_kad_post_transparent":"default","_kad_post_title":"","_kad_post_layout":"default","_kad_post_sidebar_id":"","_kad_post_content_style":"default","_kad_post_vertical_padding":"default","_kad_post_feature":"","_kad_post_feature_position":"","_kad_post_header":false,"_kad_post_footer":false,"_kad_post_classname":""},"product_brand":[],"product_cat":[20,15],"product_tag":[],"class_list":{"0":"post-289","1":"product","2":"type-product","3":"status-publish","4":"has-post-thumbnail","6":"product_cat-kulttuuriedut","7":"product_cat-yleinen","9":"first","10":"instock","11":"taxable","12":"shipping-taxable","13":"product-type-external","14":"entry","15":"content-bg","16":"loop-entry"},"acf":[],"_links":{"self":[{"href":"https:\/\/marketplace.epassi.fi\/finnkino\/wp-json\/wp\/v2\/product\/289","targetHints":{"allow":["GET"]}}],"collection":[{"href":"https:\/\/marketplace.epassi.fi\/finnkino\/wp-json\/wp\/v2\/product"}],"about":[{"href":"https:\/\/marketplace.epassi.fi\/finnkino\/wp-json\/wp\/v2\/types\/product"}],"replies":[{"embeddable":true,"href":"https:\/\/marketplace.epassi.fi\/finnkino\/wp-json\/wp\/v2\/comments?post=289"}],"wp:featuredmedia":[{"embeddable":true,"href":"https:\/\/marketplace.epassi.fi\/finnkino\/wp-json\/wp\/v2\/media\/394"}],"wp:attachment":[{"href":"https:\/\/marketplace.epassi.fi\/finnkino\/wp-json\/wp\/v2\/media?parent=289"}],"wp:term":[{"taxonomy":"product_brand","embeddable":true,"href":"https:\/\/marketplace.epassi.fi\/finnkino\/wp-json\/wp\/v2\/product_brand?post=289"},{"taxonomy":"product_cat","embeddable":true,"href":"https:\/\/marketplace.epassi.fi\/finnkino\/wp-json\/wp\/v2\/product_cat?post=289"},{"taxonomy":"product_tag","embeddable":true,"href":"https:\/\/marketplace.epassi.fi\/finnkino\/wp-json\/wp\/v2\/product_tag?post=289"}],"curies":[{"name":"wp","href":"https:\/\/api.w.org\/{rel}","templated":true}]}}