{"id":282,"date":"2021-11-16T16:20:00","date_gmt":"2021-11-16T14:20:00","guid":{"rendered":"https:\/\/marketplace.epassi.fi\/firefoxfitness\/?post_type=product&#038;p=282"},"modified":"2025-12-15T18:31:50","modified_gmt":"2025-12-15T16:31:50","slug":"lahjakortti-firefox-fitnessin-palveluihin","status":"publish","type":"product","link":"https:\/\/marketplace.epassi.fi\/firefoxfitness\/kauppa\/liikuntaedut\/kuntosali\/lahjakortti-firefox-fitnessin-palveluihin\/","title":{"rendered":"Henkil\u00f6kohtainen Saliohjaus"},"content":{"rendered":"<p>Osta itsellesi oma ohjattu tunti H\u00e4meenlinnassa.<\/p>\n<p>Saat henkil\u00f6kohtaisen opastuksen liikkeisiin ja selke\u00e4n ohjelman kuvineen\/viedoineen. Tunti tulee varata suoraan minulta tuija.loukimo@gmail.com<\/p>\n<p>Tehd\u00e4\u00e4n liikkeet oikein perusteista asti ja korjataan jo syntyneet virheet. K\u00e4ytet\u00e4\u00e4n kehonpainoa sek\u00e4 kahvakuulia\/k\u00e4sipanojoja\/kuminauhoja ohjelmassa. Tarkoitus on tehd\u00e4 sellainen ohjelma, johon sinulla on kotona valmius.<\/p>\n","protected":false},"excerpt":{"rendered":"<p>T\u00e4h\u00e4n voit k\u00e4ytt\u00e4\u00e4 \u00a0Epassin liikuntaedut. Oma ohjattu tunti, omassa rauhassa. Tunti 50\u20ac.<\/p>\n<p>&nbsp;<\/p>\n","protected":false},"featured_media":0,"comment_status":"open","ping_status":"closed","template":"","meta":{"_acf_changed":false,"_kad_post_transparent":"default","_kad_post_title":"","_kad_post_layout":"default","_kad_post_sidebar_id":"","_kad_post_content_style":"default","_kad_post_vertical_padding":"default","_kad_post_feature":"","_kad_post_feature_position":"","_kad_post_header":false,"_kad_post_footer":false,"_kad_post_classname":""},"product_brand":[],"product_cat":[23,19,27],"product_tag":[],"class_list":{"0":"post-282","1":"product","2":"type-product","3":"status-publish","5":"product_cat-kuntosali","6":"product_cat-liikuntaedut","7":"product_cat-ryhmaliikunta","9":"first","10":"instock","11":"taxable","12":"shipping-taxable","13":"purchasable","14":"product-type-variable","15":"has-default-attributes","16":"entry","17":"content-bg","18":"loop-entry"},"acf":[],"_links":{"self":[{"href":"https:\/\/marketplace.epassi.fi\/firefoxfitness\/wp-json\/wp\/v2\/product\/282","targetHints":{"allow":["GET"]}}],"collection":[{"href":"https:\/\/marketplace.epassi.fi\/firefoxfitness\/wp-json\/wp\/v2\/product"}],"about":[{"href":"https:\/\/marketplace.epassi.fi\/firefoxfitness\/wp-json\/wp\/v2\/types\/product"}],"replies":[{"embeddable":true,"href":"https:\/\/marketplace.epassi.fi\/firefoxfitness\/wp-json\/wp\/v2\/comments?post=282"}],"wp:attachment":[{"href":"https:\/\/marketplace.epassi.fi\/firefoxfitness\/wp-json\/wp\/v2\/media?parent=282"}],"wp:term":[{"taxonomy":"product_brand","embeddable":true,"href":"https:\/\/marketplace.epassi.fi\/firefoxfitness\/wp-json\/wp\/v2\/product_brand?post=282"},{"taxonomy":"product_cat","embeddable":true,"href":"https:\/\/marketplace.epassi.fi\/firefoxfitness\/wp-json\/wp\/v2\/product_cat?post=282"},{"taxonomy":"product_tag","embeddable":true,"href":"https:\/\/marketplace.epassi.fi\/firefoxfitness\/wp-json\/wp\/v2\/product_tag?post=282"}],"curies":[{"name":"wp","href":"https:\/\/api.w.org\/{rel}","templated":true}]}}