{"id":375,"date":"2023-12-26T15:26:25","date_gmt":"2023-12-26T13:26:25","guid":{"rendered":"https:\/\/marketplace.epassi.fi\/firefoxfitness\/?post_type=product&#038;p=375"},"modified":"2025-11-25T10:44:12","modified_gmt":"2025-11-25T08:44:12","slug":"hieronta-3-x-30min","status":"publish","type":"product","link":"https:\/\/marketplace.epassi.fi\/firefoxfitness\/kauppa\/hyvinvointi\/hieronta\/hieronta-3-x-30min\/","title":{"rendered":"HIERONTA 3 x 30min"},"content":{"rendered":"<p>Jos sinull on viel\u00e4 ePassi-flexi\u00e4 k\u00e4ytt\u00e4m\u00e4tt\u00e4, niin nyt voit k\u00e4ytt\u00e4\u00e4 sen hierontalahjakorttiin. 3 x niskahartiahieronta nyt 100\u20ac. Muista maksaa se hyvinvointiosuudella eli Firefox hyvinvointi. Tervetuloa.<\/p>\n","protected":false},"excerpt":{"rendered":"<p>T\u00e4m\u00e4 lahjakortti sis\u00e4lt\u00e4\u00e4 3 x 30min hieronnan, Firefox hyvinvoinnin palvelusta.<\/p>\n","protected":false},"featured_media":376,"comment_status":"open","ping_status":"closed","template":"","meta":{"_acf_changed":false,"_kad_post_transparent":"default","_kad_post_title":"","_kad_post_layout":"default","_kad_post_sidebar_id":"","_kad_post_content_style":"default","_kad_post_vertical_padding":"default","_kad_post_feature":"","_kad_post_feature_position":"","_kad_post_header":false,"_kad_post_footer":false,"_kad_post_classname":""},"product_brand":[],"product_cat":[31,21],"product_tag":[],"class_list":{"0":"post-375","1":"product","2":"type-product","3":"status-publish","4":"has-post-thumbnail","6":"product_cat-hieronta","7":"product_cat-hyvinvointi","9":"first","10":"instock","11":"purchasable","12":"product-type-simple","13":"entry","14":"content-bg","15":"loop-entry"},"acf":[],"_links":{"self":[{"href":"https:\/\/marketplace.epassi.fi\/firefoxfitness\/wp-json\/wp\/v2\/product\/375","targetHints":{"allow":["GET"]}}],"collection":[{"href":"https:\/\/marketplace.epassi.fi\/firefoxfitness\/wp-json\/wp\/v2\/product"}],"about":[{"href":"https:\/\/marketplace.epassi.fi\/firefoxfitness\/wp-json\/wp\/v2\/types\/product"}],"replies":[{"embeddable":true,"href":"https:\/\/marketplace.epassi.fi\/firefoxfitness\/wp-json\/wp\/v2\/comments?post=375"}],"wp:featuredmedia":[{"embeddable":true,"href":"https:\/\/marketplace.epassi.fi\/firefoxfitness\/wp-json\/wp\/v2\/media\/376"}],"wp:attachment":[{"href":"https:\/\/marketplace.epassi.fi\/firefoxfitness\/wp-json\/wp\/v2\/media?parent=375"}],"wp:term":[{"taxonomy":"product_brand","embeddable":true,"href":"https:\/\/marketplace.epassi.fi\/firefoxfitness\/wp-json\/wp\/v2\/product_brand?post=375"},{"taxonomy":"product_cat","embeddable":true,"href":"https:\/\/marketplace.epassi.fi\/firefoxfitness\/wp-json\/wp\/v2\/product_cat?post=375"},{"taxonomy":"product_tag","embeddable":true,"href":"https:\/\/marketplace.epassi.fi\/firefoxfitness\/wp-json\/wp\/v2\/product_tag?post=375"}],"curies":[{"name":"wp","href":"https:\/\/api.w.org\/{rel}","templated":true}]}}