{"id":559,"date":"2024-01-03T13:06:00","date_gmt":"2024-01-03T11:06:00","guid":{"rendered":"https:\/\/marketplace.epassi.fi\/fitclub-finland\/?post_type=product&#038;p=559"},"modified":"2026-04-13T12:35:56","modified_gmt":"2026-04-13T09:35:56","slug":"training-with-ilona-3-months-gym-plan","status":"publish","type":"product","link":"https:\/\/marketplace.epassi.fi\/fitclub-finland\/kauppa\/liikuntaedut\/verkkotreenit\/training-with-ilona-3-months-gym-plan\/","title":{"rendered":"Training with Ilona &#8211;  3 Months Gym Plan"},"content":{"rendered":"<p><strong>Kolme kuukautta harjoittelua Ilonan tiimiss\u00e4!<\/strong><\/p>\n<p>Ilonan salitreenivalmennuksessa on kolme 4 viikon mittaista harjoittelujaksoa, joten edellisen loppuessa sinun ei todellakaan tarvitse mietti\u00e4 mit\u00e4 seuraavaksi tekisit. T\u00e4ss\u00e4 valmennuksessa voit huoleti keskitty\u00e4 kulloiseenkin ohjelmaan tiet\u00e4en, ett\u00e4 seuraava kehitt\u00e4v\u00e4 treenijakso on jo valmiina odottamassa! Valmennus sopii kaiken tasoisille treenaajille ja mukaan treeneihin voit l\u00e4hte\u00e4, kun sinulla on jo jonkin verran kokemusta saliharjoittelusta.<\/p>\n<p><strong>Huipputreenej\u00e4 todella edullisesti!<\/strong><\/p>\n","protected":false},"excerpt":{"rendered":"<p>Huippuvalmentaja Ilona Siekkisen 3 Months Gym Planissa saat saliharjoitteluusi selv\u00e4t s\u00e4velet per\u00e4ti kolmen kuukauden ajaksi. <span style=\"font-family: var(--global-body-font-family)\">Ohjelma toteutetaan Fitclub Finlandin omassa mobiilisovelluksessa, josta l\u00f6yd\u00e4t valmennukseen kuuluvat kirjalliset materiaalit, treenivideot sek\u00e4 keskusteluryhm\u00e4ss\u00e4 valmentajasi tuen. Koe sin\u00e4kin uniikki Training with Ilona \u2013 team spirit!<\/span><\/p>\n<p>Osta nyt \u2013 valitse valmennuksellesi sopivin aloitusajankohta vuoden sis\u00e4\u00e4n ostosta!<\/p>\n<p>TOIMI N\u00c4IN:<\/p>\n<ol>\n<li>Jos et ole aiemmin rekister\u00f6itynyt k\u00e4ytt\u00e4j\u00e4ksemme, luo k\u00e4ytt\u00e4j\u00e4tili osoitteessa www.fitclubfinland.fi<\/li>\n<li>Klikkaa valmennus ostoskoriisi<\/li>\n<li>Valitse valmennuksesi alkamisp\u00e4iv\u00e4 ostoskorissa<\/li>\n<li>Valitse maksutavaksi ePassi<\/li>\n<li>Vahvista verkkokauppamaksu ePassilla<\/li>\n<\/ol>\n","protected":false},"featured_media":561,"comment_status":"open","ping_status":"closed","template":"","meta":{"_acf_changed":false,"_kad_post_transparent":"default","_kad_post_title":"","_kad_post_layout":"default","_kad_post_sidebar_id":"","_kad_post_content_style":"default","_kad_post_vertical_padding":"default","_kad_post_feature":"","_kad_post_feature_position":"","_kad_post_header":false,"_kad_post_footer":false,"_kad_post_classname":""},"product_brand":[],"product_cat":[19,28,15],"product_tag":[],"class_list":{"0":"post-559","1":"product","2":"type-product","3":"status-publish","4":"has-post-thumbnail","6":"product_cat-liikuntaedut","7":"product_cat-verkkotreenit","8":"product_cat-yleinen","10":"first","11":"instock","12":"taxable","13":"shipping-taxable","14":"product-type-external","15":"entry","16":"content-bg","17":"loop-entry"},"acf":[],"_links":{"self":[{"href":"https:\/\/marketplace.epassi.fi\/fitclub-finland\/wp-json\/wp\/v2\/product\/559","targetHints":{"allow":["GET"]}}],"collection":[{"href":"https:\/\/marketplace.epassi.fi\/fitclub-finland\/wp-json\/wp\/v2\/product"}],"about":[{"href":"https:\/\/marketplace.epassi.fi\/fitclub-finland\/wp-json\/wp\/v2\/types\/product"}],"replies":[{"embeddable":true,"href":"https:\/\/marketplace.epassi.fi\/fitclub-finland\/wp-json\/wp\/v2\/comments?post=559"}],"wp:featuredmedia":[{"embeddable":true,"href":"https:\/\/marketplace.epassi.fi\/fitclub-finland\/wp-json\/wp\/v2\/media\/561"}],"wp:attachment":[{"href":"https:\/\/marketplace.epassi.fi\/fitclub-finland\/wp-json\/wp\/v2\/media?parent=559"}],"wp:term":[{"taxonomy":"product_brand","embeddable":true,"href":"https:\/\/marketplace.epassi.fi\/fitclub-finland\/wp-json\/wp\/v2\/product_brand?post=559"},{"taxonomy":"product_cat","embeddable":true,"href":"https:\/\/marketplace.epassi.fi\/fitclub-finland\/wp-json\/wp\/v2\/product_cat?post=559"},{"taxonomy":"product_tag","embeddable":true,"href":"https:\/\/marketplace.epassi.fi\/fitclub-finland\/wp-json\/wp\/v2\/product_tag?post=559"}],"curies":[{"name":"wp","href":"https:\/\/api.w.org\/{rel}","templated":true}]}}