{"id":597,"date":"2024-04-01T11:38:13","date_gmt":"2024-04-01T08:38:13","guid":{"rendered":"https:\/\/marketplace.epassi.fi\/fitclub-finland\/?post_type=product&#038;p=597"},"modified":"2026-04-13T12:35:56","modified_gmt":"2026-04-13T09:35:56","slug":"fit-with-liisa-tikissa","status":"publish","type":"product","link":"https:\/\/marketplace.epassi.fi\/fitclub-finland\/kauppa\/liikuntaedut\/verkkotreenit\/fit-with-liisa-tikissa\/","title":{"rendered":"Fit with Liisa &#8211; Tikiss\u00e4"},"content":{"rendered":"<p><strong>Kehitt\u00e4v\u00e4t salitreenit kokeneelle!<\/strong><\/p>\n<p>Tikiss\u00e4-valmennus sis\u00e4lt\u00e4\u00e4 taas edelt\u00e4j\u00e4ns\u00e4 tapaan kolme erilaista harjoittelujaksoa, joiden my\u00f6t\u00e4 harjoittelusi on vaihtelevaa sek\u00e4 motivoivaa koko kolmen kuukauden ajan. Uudet metodit ja ohjelmat pit\u00e4v\u00e4t treenisi edelleen nousujohteisena ja timmin kropan tavoittelu sek\u00e4 lihaksen kasvatus onnistuu mit\u00e4 parhaiten n\u00e4iss\u00e4 tehotreeneiss\u00e4. Valmennuksen treenikalenterista l\u00f6yd\u00e4t vaihtoehdot 3-, 4- tai 5-jakoiseen suorittamiseen. Valitsitpa suoritustavoista mink\u00e4 tahansa voit olla varma, ett\u00e4 t\u00e4ss\u00e4 ohjelmassa kehityst\u00e4 on luvassa kaikkialle!<\/p>\n<p><strong>Monipuolista ja vaihtelevaa harjoittelua!<\/strong><\/p>\n","protected":false},"excerpt":{"rendered":"<p>Liisa Ahtisen Tikiss\u00e4 on tyk\u00e4tyn Timmi-treeniohjelman jatko, jossa saat taas toiset 12 viikkoa kehitt\u00e4v\u00e4\u00e4 treeni\u00e4 salilla! <span style=\"font-family: var(--global-body-font-family)\">Valmennus toteutetaan Fitclub Finlandin omassa mobiilisovelluksessa, josta l\u00f6yd\u00e4t valmennukseen kuuluvat kirjalliset materiaalit, treenivideot sek\u00e4 keskusteluryhm\u00e4ss\u00e4 valmentajasi tuen. L\u00e4hde Liisan tiimiin aloittamaan treenaamaan tehokkaasti ja nousjohteisesti!<\/span><\/p>\n<p><strong>Osta nyt \u2013 valitse valmennuksellesi sopivin aloitusajankohta vuoden sis\u00e4\u00e4n ostosta!<\/strong><\/p>\n<p>TOIMI N\u00c4IN:<\/p>\n<ol>\n<li>Jos et ole aiemmin rekister\u00f6itynyt k\u00e4ytt\u00e4j\u00e4ksemme, luo k\u00e4ytt\u00e4j\u00e4tili osoitteessa www.fitclubfinland.fi<\/li>\n<li>Klikkaa valmennus ostoskoriisi<\/li>\n<li>Valitse valmennuksesi alkamisp\u00e4iv\u00e4 ostoskorissa<\/li>\n<li>Valitse maksutavaksi ePassi<\/li>\n<li>Vahvista verkkokauppamaksu ePassilla<\/li>\n<\/ol>\n","protected":false},"featured_media":598,"comment_status":"open","ping_status":"closed","template":"","meta":{"_acf_changed":false,"_kad_post_transparent":"default","_kad_post_title":"","_kad_post_layout":"default","_kad_post_sidebar_id":"","_kad_post_content_style":"default","_kad_post_vertical_padding":"default","_kad_post_feature":"","_kad_post_feature_position":"","_kad_post_header":false,"_kad_post_footer":false,"_kad_post_classname":""},"product_brand":[],"product_cat":[19,28,15],"product_tag":[],"class_list":{"0":"post-597","1":"product","2":"type-product","3":"status-publish","4":"has-post-thumbnail","6":"product_cat-liikuntaedut","7":"product_cat-verkkotreenit","8":"product_cat-yleinen","10":"first","11":"instock","12":"taxable","13":"shipping-taxable","14":"product-type-external","15":"entry","16":"content-bg","17":"loop-entry"},"acf":[],"_links":{"self":[{"href":"https:\/\/marketplace.epassi.fi\/fitclub-finland\/wp-json\/wp\/v2\/product\/597","targetHints":{"allow":["GET"]}}],"collection":[{"href":"https:\/\/marketplace.epassi.fi\/fitclub-finland\/wp-json\/wp\/v2\/product"}],"about":[{"href":"https:\/\/marketplace.epassi.fi\/fitclub-finland\/wp-json\/wp\/v2\/types\/product"}],"replies":[{"embeddable":true,"href":"https:\/\/marketplace.epassi.fi\/fitclub-finland\/wp-json\/wp\/v2\/comments?post=597"}],"wp:featuredmedia":[{"embeddable":true,"href":"https:\/\/marketplace.epassi.fi\/fitclub-finland\/wp-json\/wp\/v2\/media\/598"}],"wp:attachment":[{"href":"https:\/\/marketplace.epassi.fi\/fitclub-finland\/wp-json\/wp\/v2\/media?parent=597"}],"wp:term":[{"taxonomy":"product_brand","embeddable":true,"href":"https:\/\/marketplace.epassi.fi\/fitclub-finland\/wp-json\/wp\/v2\/product_brand?post=597"},{"taxonomy":"product_cat","embeddable":true,"href":"https:\/\/marketplace.epassi.fi\/fitclub-finland\/wp-json\/wp\/v2\/product_cat?post=597"},{"taxonomy":"product_tag","embeddable":true,"href":"https:\/\/marketplace.epassi.fi\/fitclub-finland\/wp-json\/wp\/v2\/product_tag?post=597"}],"curies":[{"name":"wp","href":"https:\/\/api.w.org\/{rel}","templated":true}]}}