{"id":616,"date":"2024-07-01T16:29:02","date_gmt":"2024-07-01T13:29:02","guid":{"rendered":"https:\/\/marketplace.epassi.fi\/fitclub-finland\/?post_type=product&#038;p=616"},"modified":"2026-04-13T12:35:56","modified_gmt":"2026-04-13T09:35:56","slug":"training-with-martina-21-paivan-haaste-treenipankki","status":"publish","type":"product","link":"https:\/\/marketplace.epassi.fi\/fitclub-finland\/kauppa\/liikuntaedut\/verkkotreenit\/training-with-martina-21-paivan-haaste-treenipankki\/","title":{"rendered":"BeWell &#8211; Treenipankki"},"content":{"rendered":"<p><strong>Treenattavaa 15 viikoksi!<\/strong><\/p>\n<p>Valmennuksen kotitreeneiss\u00e4 treenataan Martinan valmennusfilosofian mukaan nopeilla, tehokkailla omakehonpainoharjoitteilla. Treenipankissa saat k\u00e4ytt\u00f6\u00f6si my\u00f6s Martinan suunnittelemat kaksi salitreeniohjelmaa. Ohjelmat ovat kaksijakoisia ja lis\u00e4ksi saat suositukset aerobiseen harjoitteluun ohjelman aikana sek\u00e4 ohjeistuksen kuinka parhaiten yhdist\u00e4t sali- ja kotitreenit toimivaksi ja tehokkaaksi kokonaisuudeksi.<\/p>\n<p><strong>Martinan haasteen supersuositut treenit &#8211; silloin kun sin\u00e4 haluat!<\/strong><\/p>\n","protected":false},"excerpt":{"rendered":"<p>Martina Aitolehden Treenipankissa saat per\u00e4ti kolme treeniohjelmaa kotiin sek\u00e4 kaksi eri ohjelmaa salille! <span style=\"font-family: var(--global-body-font-family)\">Viisitoista viikkoa kest\u00e4v\u00e4n valmennuksen aikana harjoittelet kotona ja\/tai salilla todella tyk\u00e4ttyjen ja tehokkaiden haasteen treeniohjelmien my\u00f6t\u00e4 ja kuntosi kasvaa kohisten. V<\/span><span style=\"font-family: var(--global-body-font-family)\">almennus toteutetaan Fitclub Finlandin omassa mobiilisovelluksessa, josta l\u00f6yd\u00e4t siihen kuuluvat kirjalliset materiaalit, treenivideot sek\u00e4 keskusteluryhm\u00e4ss\u00e4 valmentajasi tuen. L\u00e4hde mukaan Martinan tiimiin!<\/span><\/p>\n<p>Osta nyt \u2013 valitse valmennuksellesi sopivin aloitusajankohta vuoden sis\u00e4\u00e4n ostosta!<\/p>\n<p>TOIMI N\u00c4IN:<\/p>\n<ol>\n<li>Jos et ole aiemmin rekister\u00f6itynyt k\u00e4ytt\u00e4j\u00e4ksemme, luo k\u00e4ytt\u00e4j\u00e4tili osoitteessa www.fitclubfinland.fi<\/li>\n<li>Klikkaa valmennus ostoskoriisi<\/li>\n<li>Valitse valmennuksesi alkamisp\u00e4iv\u00e4 ostoskorissa<\/li>\n<li>Valitse maksutavaksi ePassi<\/li>\n<li>Vahvista verkkokauppamaksu ePassilla<\/li>\n<\/ol>\n","protected":false},"featured_media":617,"comment_status":"open","ping_status":"closed","template":"","meta":{"_acf_changed":false,"_kad_post_transparent":"default","_kad_post_title":"","_kad_post_layout":"default","_kad_post_sidebar_id":"","_kad_post_content_style":"default","_kad_post_vertical_padding":"default","_kad_post_feature":"","_kad_post_feature_position":"","_kad_post_header":false,"_kad_post_footer":false,"_kad_post_classname":""},"product_brand":[],"product_cat":[19,28,15],"product_tag":[],"class_list":{"0":"post-616","1":"product","2":"type-product","3":"status-publish","4":"has-post-thumbnail","6":"product_cat-liikuntaedut","7":"product_cat-verkkotreenit","8":"product_cat-yleinen","10":"first","11":"instock","12":"taxable","13":"shipping-taxable","14":"product-type-external","15":"entry","16":"content-bg","17":"loop-entry"},"acf":[],"_links":{"self":[{"href":"https:\/\/marketplace.epassi.fi\/fitclub-finland\/wp-json\/wp\/v2\/product\/616","targetHints":{"allow":["GET"]}}],"collection":[{"href":"https:\/\/marketplace.epassi.fi\/fitclub-finland\/wp-json\/wp\/v2\/product"}],"about":[{"href":"https:\/\/marketplace.epassi.fi\/fitclub-finland\/wp-json\/wp\/v2\/types\/product"}],"replies":[{"embeddable":true,"href":"https:\/\/marketplace.epassi.fi\/fitclub-finland\/wp-json\/wp\/v2\/comments?post=616"}],"wp:featuredmedia":[{"embeddable":true,"href":"https:\/\/marketplace.epassi.fi\/fitclub-finland\/wp-json\/wp\/v2\/media\/617"}],"wp:attachment":[{"href":"https:\/\/marketplace.epassi.fi\/fitclub-finland\/wp-json\/wp\/v2\/media?parent=616"}],"wp:term":[{"taxonomy":"product_brand","embeddable":true,"href":"https:\/\/marketplace.epassi.fi\/fitclub-finland\/wp-json\/wp\/v2\/product_brand?post=616"},{"taxonomy":"product_cat","embeddable":true,"href":"https:\/\/marketplace.epassi.fi\/fitclub-finland\/wp-json\/wp\/v2\/product_cat?post=616"},{"taxonomy":"product_tag","embeddable":true,"href":"https:\/\/marketplace.epassi.fi\/fitclub-finland\/wp-json\/wp\/v2\/product_tag?post=616"}],"curies":[{"name":"wp","href":"https:\/\/api.w.org\/{rel}","templated":true}]}}