{"id":621,"date":"2024-10-08T14:48:06","date_gmt":"2024-10-08T11:48:06","guid":{"rendered":"https:\/\/marketplace.epassi.fi\/fitclub-finland\/?post_type=product&#038;p=621"},"modified":"2026-04-13T12:35:56","modified_gmt":"2026-04-13T09:35:56","slug":"anna-saivosalmi-power-i","status":"publish","type":"product","link":"https:\/\/marketplace.epassi.fi\/fitclub-finland\/kauppa\/liikuntaedut\/verkkotreenit\/anna-saivosalmi-power-i\/","title":{"rendered":"Anna Saivosalmi &#8211; POWER I"},"content":{"rendered":"<p><strong>POWER I \u2013 Tehokasta lihaskuntoharjoittelua kotona!<\/strong><\/p>\n<p>Huippuvalmentaja Anna Saivosalmen Power I-valmennuksen treenit sopivat niin liikuntaharrastustaan aloittelevalle kuin my\u00f6s harrastuksestaan pitk\u00e4hk\u00f6\u00e4 paussia pit\u00e4neelle treenaajalle. Ohjelmassa pohjakunnoksi vaaditaan ainoastaan halu saada kroppa parempaan kuntoon ja samalla kehityst\u00e4 my\u00f6s kehonhallintaan sek\u00e4 tasapainoon!<\/p>\n<p>Valmennuksessa treenaat kolme kertaa viikossa Annan koko-ohjattujen treenivideoiden kera. Kaikki treenit voit tehd\u00e4 ilman v\u00e4lineit\u00e4, mutta lis\u00e4\u00e4 haastetta haluavat voivat k\u00e4ytt\u00e4\u00e4 k\u00e4sipainoa tai kahvakuulaa lis\u00e4tehojen saamiseksi.<\/p>\n<p><strong>Mukana ohjeistus terveellisen ruokavalion koostamiseen!<\/strong><\/p>\n","protected":false},"excerpt":{"rendered":"<p>Huippuvalmentaja Anna Saivosalmen treenifilosofian mukaisesti energisempi olo ja aktiivinen sek\u00e4 toimintakykyinen keho on jokanaisen oikeus. Power I-valmennus sopiikin kaiken kuntoisille treenaajille ja Annan ohjaamat napakat, motivoivat kotitreenit tsemppaavat sinut hyv\u00e4\u00e4n alkuun lihaskuntoharjoittelussa! <span style=\"font-family: var(--global-body-font-family)\">Valmennus toteutetaan Fitclub Finlandin omassa mobiilisovelluksessa, josta l\u00f6yd\u00e4t valmennukseen kuuluvat kirjalliset materiaalit, treenivideot sek\u00e4 keskusteluryhm\u00e4ss\u00e4 valmentajasi tuen. Tervetuloa Annan tiimiin l\u00f6yt\u00e4m\u00e4\u00e4n liikunnan ilo ja fiksut rutiinit pysyv\u00e4ksi osaksi el\u00e4m\u00e4\u00e4!<\/span><\/p>\n<p>Mukana my\u00f6s Annan ohjeita terveelliseen ruokailuun!<\/p>\n<p><strong>Osta valmennus nyt \u2013 valitse sopivin aloitusajankohta vuoden sis\u00e4\u00e4n ostosta!<\/strong><\/p>\n<p>TOIMI N\u00c4IN:<\/p>\n<ol>\n<li>Jos et ole aiemmin rekister\u00f6itynyt k\u00e4ytt\u00e4j\u00e4ksemme, luo k\u00e4ytt\u00e4j\u00e4tili osoitteessa www.fitclubfinland.fi<\/li>\n<li>Klikkaa valmennus ostoskoriisi<\/li>\n<li>Valitse valmennuksesi alkamisp\u00e4iv\u00e4 ostoskorissa<\/li>\n<li>Valitse maksutavaksi ePassi<\/li>\n<li>Vahvista verkkokauppamaksu ePassilla<\/li>\n<\/ol>\n","protected":false},"featured_media":622,"comment_status":"open","ping_status":"closed","template":"","meta":{"_acf_changed":false,"_kad_post_transparent":"default","_kad_post_title":"","_kad_post_layout":"default","_kad_post_sidebar_id":"","_kad_post_content_style":"default","_kad_post_vertical_padding":"default","_kad_post_feature":"","_kad_post_feature_position":"","_kad_post_header":false,"_kad_post_footer":false,"_kad_post_classname":""},"product_brand":[],"product_cat":[28],"product_tag":[],"class_list":{"0":"post-621","1":"product","2":"type-product","3":"status-publish","4":"has-post-thumbnail","6":"product_cat-verkkotreenit","8":"first","9":"instock","10":"taxable","11":"shipping-taxable","12":"product-type-external","13":"entry","14":"content-bg","15":"loop-entry"},"acf":[],"_links":{"self":[{"href":"https:\/\/marketplace.epassi.fi\/fitclub-finland\/wp-json\/wp\/v2\/product\/621","targetHints":{"allow":["GET"]}}],"collection":[{"href":"https:\/\/marketplace.epassi.fi\/fitclub-finland\/wp-json\/wp\/v2\/product"}],"about":[{"href":"https:\/\/marketplace.epassi.fi\/fitclub-finland\/wp-json\/wp\/v2\/types\/product"}],"replies":[{"embeddable":true,"href":"https:\/\/marketplace.epassi.fi\/fitclub-finland\/wp-json\/wp\/v2\/comments?post=621"}],"wp:featuredmedia":[{"embeddable":true,"href":"https:\/\/marketplace.epassi.fi\/fitclub-finland\/wp-json\/wp\/v2\/media\/622"}],"wp:attachment":[{"href":"https:\/\/marketplace.epassi.fi\/fitclub-finland\/wp-json\/wp\/v2\/media?parent=621"}],"wp:term":[{"taxonomy":"product_brand","embeddable":true,"href":"https:\/\/marketplace.epassi.fi\/fitclub-finland\/wp-json\/wp\/v2\/product_brand?post=621"},{"taxonomy":"product_cat","embeddable":true,"href":"https:\/\/marketplace.epassi.fi\/fitclub-finland\/wp-json\/wp\/v2\/product_cat?post=621"},{"taxonomy":"product_tag","embeddable":true,"href":"https:\/\/marketplace.epassi.fi\/fitclub-finland\/wp-json\/wp\/v2\/product_tag?post=621"}],"curies":[{"name":"wp","href":"https:\/\/api.w.org\/{rel}","templated":true}]}}