{"id":709,"date":"2026-02-02T10:49:59","date_gmt":"2026-02-02T08:49:59","guid":{"rendered":"https:\/\/marketplace.epassi.fi\/fitclub-finland\/?post_type=product&#038;p=709"},"modified":"2026-04-13T12:35:56","modified_gmt":"2026-04-13T09:35:56","slug":"training-with-ilona-x-mikko-niiranen-bikini-body-3","status":"publish","type":"product","link":"https:\/\/marketplace.epassi.fi\/fitclub-finland\/kauppa\/liikuntaedut\/verkkotreenit\/training-with-ilona-x-mikko-niiranen-bikini-body-3\/","title":{"rendered":"Training with Ilona x Mikko Niiranen &#8211;  Bikini Body 3"},"content":{"rendered":"<p><strong>Tavoitteeksi sporttisen muodokas olemus!<\/strong><\/p>\n<p>Valmentajaparin Ilona Siekkinen ja Mikko Niiranen suunnittelema Bikini-sarja tuo ulottuvillesi naisellisen vahvan kehon muokkaamisen ultimaattisen ABC:n. Valmennussarjan ensimm\u00e4isess\u00e4 osassa saat k\u00e4ytt\u00f6\u00f6si ruokavaliot ja treeniohjelmat, joiden avulla l\u00e4hdet rakentamaan sporttisen kaunista vartaloa ja hiomaan kroppasi kurvit kohdilleen!<\/p>\n<p>Bikinisarjassa fokuksesi s\u00e4ilyy pitk\u00e4j\u00e4nteisesti ja tuloksekkaasti naisellisen vahvan ja sporttisen kehon rakentamisessa!<\/p>\n<p><strong>Valitse rasvanpoltto, kiinteytyminen tai lihasmassan kasvatus!<\/strong><\/p>\n","protected":false},"excerpt":{"rendered":"<p>Huippuvalmentajaparin Ilona Siekkinen ja Mikko Niiranen Bikini Body 3-valmennksessa saat salitreenit sek\u00e4 ruokavalion upean fysiikan rakentamiseen! Valmennus toteutetaan Fitclub Finlandin omassa mobiilisovelluksessa, josta l\u00f6yd\u00e4t siihen kuuluvat kirjalliset materiaalit, treenivideot sek\u00e4 keskusteluryhm\u00e4ss\u00e4 valmentajiesi tuen. Ilonan ja Mikon tiimiss\u00e4 menn\u00e4\u00e4n aina nousujohteisesti eteenp\u00e4in hyv\u00e4ll\u00e4 fiiliksell\u00e4 kohti timanttisia tuloksia!<\/p>\n<p>TOIMI N\u00c4IN:<\/p>\n<ol>\n<li>Jos et ole aiemmin rekister\u00f6itynyt k\u00e4ytt\u00e4j\u00e4ksemme, luo k\u00e4ytt\u00e4j\u00e4tili osoitteessa www.fitclubfinland.fi<\/li>\n<li>Klikkaa valmennus ostoskoriisi<\/li>\n<li>Valitse valmennuksesi alkamisp\u00e4iv\u00e4 ostoskorissa<\/li>\n<li>Valitse maksutavaksi ePassi<\/li>\n<li>Vahvista verkkokauppamaksu ePassilla<\/li>\n<\/ol>\n","protected":false},"featured_media":710,"comment_status":"open","ping_status":"closed","template":"","meta":{"_acf_changed":false,"_kad_post_transparent":"default","_kad_post_title":"","_kad_post_layout":"default","_kad_post_sidebar_id":"","_kad_post_content_style":"default","_kad_post_vertical_padding":"default","_kad_post_feature":"","_kad_post_feature_position":"","_kad_post_header":false,"_kad_post_footer":false,"_kad_post_classname":""},"product_brand":[],"product_cat":[19,28,15],"product_tag":[],"class_list":{"0":"post-709","1":"product","2":"type-product","3":"status-publish","4":"has-post-thumbnail","6":"product_cat-liikuntaedut","7":"product_cat-verkkotreenit","8":"product_cat-yleinen","10":"first","11":"instock","12":"taxable","13":"shipping-taxable","14":"product-type-external","15":"entry","16":"content-bg","17":"loop-entry"},"acf":[],"_links":{"self":[{"href":"https:\/\/marketplace.epassi.fi\/fitclub-finland\/wp-json\/wp\/v2\/product\/709","targetHints":{"allow":["GET"]}}],"collection":[{"href":"https:\/\/marketplace.epassi.fi\/fitclub-finland\/wp-json\/wp\/v2\/product"}],"about":[{"href":"https:\/\/marketplace.epassi.fi\/fitclub-finland\/wp-json\/wp\/v2\/types\/product"}],"replies":[{"embeddable":true,"href":"https:\/\/marketplace.epassi.fi\/fitclub-finland\/wp-json\/wp\/v2\/comments?post=709"}],"wp:featuredmedia":[{"embeddable":true,"href":"https:\/\/marketplace.epassi.fi\/fitclub-finland\/wp-json\/wp\/v2\/media\/710"}],"wp:attachment":[{"href":"https:\/\/marketplace.epassi.fi\/fitclub-finland\/wp-json\/wp\/v2\/media?parent=709"}],"wp:term":[{"taxonomy":"product_brand","embeddable":true,"href":"https:\/\/marketplace.epassi.fi\/fitclub-finland\/wp-json\/wp\/v2\/product_brand?post=709"},{"taxonomy":"product_cat","embeddable":true,"href":"https:\/\/marketplace.epassi.fi\/fitclub-finland\/wp-json\/wp\/v2\/product_cat?post=709"},{"taxonomy":"product_tag","embeddable":true,"href":"https:\/\/marketplace.epassi.fi\/fitclub-finland\/wp-json\/wp\/v2\/product_tag?post=709"}],"curies":[{"name":"wp","href":"https:\/\/api.w.org\/{rel}","templated":true}]}}