{"id":330,"date":"2022-02-15T11:49:28","date_gmt":"2022-02-15T09:49:28","guid":{"rendered":"https:\/\/marketplace.epassi.fi\/fitpeak\/?post_type=product&#038;p=330"},"modified":"2024-09-01T00:06:42","modified_gmt":"2024-08-31T21:06:42","slug":"6kk-henkilokohtaiset-ravinto-ja-treenivalmennukset","status":"publish","type":"product","link":"https:\/\/marketplace.epassi.fi\/fitpeak\/kauppa\/liikuntaedut\/kuntosali\/6kk-henkilokohtaiset-ravinto-ja-treenivalmennukset\/","title":{"rendered":"6kk &#8211; Henkil\u00f6kohtaiset ravinto- ja treenivalmennukset"},"content":{"rendered":"<p><strong><span style=\"font-weight: 400\">FitPeak on suomalainen, teko\u00e4lyyn pohjautuva sovellus, joka ohjaa treenej\u00e4si kuntosalilla tai kotona sek\u00e4 ruokailujasi sen mukaan, mit\u00e4 teet ja sy\u00f6t. <\/span><span style=\"font-weight: 400\">Saat sovelluksen mukana treenip\u00e4iv\u00e4kirjan\/treenikalenterin sek\u00e4 kalori- ja makrolaskurin, jotka ovat jotain aivan muuta, kun mit\u00e4 olet aiemmin kokeillut &#8211; kummatkin oppivat sinusta ja muuttuvat tavoitteidesi mukaan reaaliajassa.\u00a0<\/span><span style=\"font-weight: 400\">Henkil\u00f6kohtainen taskuvalmentaja rakentaa sinulle yksil\u00f6lliset treeniohjelmat sek\u00e4 tavoitteitasi tukevat ravinto-ohjelman ja saat varmasti tuloksia!\u00a0<\/span><\/strong><\/p>\n<p><strong>Tavoitteesi n\u00e4k\u00f6inen treenivalmennus<\/strong><br \/>\nFitPeak luo sinulle treenivalmennuksen, joka ottaa huomioon sek\u00e4 kuntotaustasi, el\u00e4m\u00e4ntilanteesi ett\u00e4 asettamasi tavoitteet. Valmennus muokkautuu treenien edetess\u00e4 oman kehityksen ja suoritustasosi mukaan jokaiselle treenikerralle. FitPeakin avulla ylit\u00e4t itsesi \u2013 treenasitpa sitten salilla, kotona tai vaikka ulkona!<\/p>\n<p><strong>Ravintoapuri mukanasi<\/strong><br \/>\nSaat sinulle r\u00e4\u00e4t\u00e4l\u00f6idyt ravintosuositukset jokaiselle p\u00e4iv\u00e4lle, jotka tukevat tavotteidesi saavuttamista. Sinun ei tarvitse laskea kaloreita, teemme sen puolestasi!<\/p>\n<p><b>Saat kaiken t\u00e4m\u00e4n:<br \/>\n<\/b><span style=\"font-weight: 400\">&#8211; Sinulle t\u00e4ysin r\u00e4\u00e4t\u00e4l\u00f6idyt ja mukanasi kehittyv\u00e4t ravinto- ja treenivalmennukset<br \/>\n<\/span><span style=\"font-weight: 400\">&#8211; Yli 300 nousujohteisen treenivalmennuksen valikoiman &#8211; ohjelmia kotiin, salille ja ulos tavoitteestasi ja tasostasi riippumatta.<br \/>\n<\/span><span style=\"font-weight: 400\">&#8211; Kattavan ty\u00f6kalun omien treeniohjelmien tekoon &#8211; Saat suunnittelusi tueksi kattavan m\u00e4\u00e4r\u00e4n s\u00e4\u00e4t\u00f6mahdollisuuksia.<br \/>\n<\/span><span style=\"font-weight: 400\">&#8211; 700 liikkeen videopankin ohjeineen &#8211; jolla varmistat, ett\u00e4 teet liikkeet turvallisesti.<br \/>\n<\/span><span style=\"font-weight: 400\">&#8211; L\u00e4hes 200 reseptin valikoiman \u2013 Laskemme kaiken puolestasi, jokainen resepti muokkautuu tavoitteesi mukaan reaaliajassa.<\/span><\/p>\n<p>&nbsp;<\/p>\n<p>&nbsp;<\/p>\n","protected":false},"excerpt":{"rendered":"<p>Suomen kattavin hyvinvointisovellus <span style=\"font-weight: 400\">FitPeak<\/span> antaa sinulle yksil\u00f6llist\u00e4 valmennusta salille, kotiin, keitti\u00f6\u00f6n tai el\u00e4m\u00e4ntapamuutokseen. Hanki nyt kokonaisvaltainen j\u00e4senyys hintaan 59,94\u20ac.<\/p>\n","protected":false},"featured_media":350,"comment_status":"open","ping_status":"closed","template":"","meta":{"_acf_changed":false,"_kad_post_transparent":"default","_kad_post_title":"","_kad_post_layout":"default","_kad_post_sidebar_id":"","_kad_post_content_style":"default","_kad_post_vertical_padding":"default","_kad_post_feature":"","_kad_post_feature_position":"","_kad_post_header":false,"_kad_post_footer":false,"_kad_post_classname":""},"product_brand":[],"product_cat":[21,23,29,19,28,15],"product_tag":[],"class_list":{"0":"post-330","1":"product","2":"type-product","3":"status-publish","4":"has-post-thumbnail","6":"product_cat-hyvinvointi","7":"product_cat-kuntosali","8":"product_cat-liikunta-muut","9":"product_cat-liikuntaedut","10":"product_cat-verkkotreenit","11":"product_cat-yleinen","13":"first","14":"instock","15":"taxable","16":"shipping-taxable","17":"product-type-external","18":"entry","19":"content-bg","20":"loop-entry"},"acf":[],"_links":{"self":[{"href":"https:\/\/marketplace.epassi.fi\/fitpeak\/wp-json\/wp\/v2\/product\/330","targetHints":{"allow":["GET"]}}],"collection":[{"href":"https:\/\/marketplace.epassi.fi\/fitpeak\/wp-json\/wp\/v2\/product"}],"about":[{"href":"https:\/\/marketplace.epassi.fi\/fitpeak\/wp-json\/wp\/v2\/types\/product"}],"replies":[{"embeddable":true,"href":"https:\/\/marketplace.epassi.fi\/fitpeak\/wp-json\/wp\/v2\/comments?post=330"}],"wp:featuredmedia":[{"embeddable":true,"href":"https:\/\/marketplace.epassi.fi\/fitpeak\/wp-json\/wp\/v2\/media\/350"}],"wp:attachment":[{"href":"https:\/\/marketplace.epassi.fi\/fitpeak\/wp-json\/wp\/v2\/media?parent=330"}],"wp:term":[{"taxonomy":"product_brand","embeddable":true,"href":"https:\/\/marketplace.epassi.fi\/fitpeak\/wp-json\/wp\/v2\/product_brand?post=330"},{"taxonomy":"product_cat","embeddable":true,"href":"https:\/\/marketplace.epassi.fi\/fitpeak\/wp-json\/wp\/v2\/product_cat?post=330"},{"taxonomy":"product_tag","embeddable":true,"href":"https:\/\/marketplace.epassi.fi\/fitpeak\/wp-json\/wp\/v2\/product_tag?post=330"}],"curies":[{"name":"wp","href":"https:\/\/api.w.org\/{rel}","templated":true}]}}