{"id":274,"date":"2021-10-16T11:14:50","date_gmt":"2021-10-16T11:14:50","guid":{"rendered":"https:\/\/marketplace.epassi.fi\/fitvalmennus\/?post_type=product&#038;p=274"},"modified":"2025-01-18T05:10:58","modified_gmt":"2025-01-18T03:10:58","slug":"kotitreenivalmennus-vastuskuminauhat-valmennuspaketti","status":"publish","type":"product","link":"https:\/\/marketplace.epassi.fi\/fitvalmennus\/kauppa\/liikuntaedut\/kuntosali\/kotitreenivalmennus-vastuskuminauhat-valmennuspaketti\/","title":{"rendered":"Kotitreenivalmennus + vastuskuminauhat valmennuspaketti"},"content":{"rendered":"<p>T\u00e4m\u00e4 kattava kotitreenipaketti tarjoaa sinulle ohjeet mobiilisovelluksessa sek\u00e4 s\u00e4\u00e4dett\u00e4v\u00e4t kuminauhat, jotta voit saavuttaa kuntoilutavoitteesi tehokkaasti kotona!<\/p>\n<p>Hankkiessasi Fithome Kotitreeniohjelman saat k\u00e4ytt\u00f6\u00f6si <strong>8-viikon progressiivisen treeniohjelman<\/strong> sek\u00e4<strong> korkealaatuisen FitHome vastuskuminauhasetin!<\/strong><\/p>\n<h2>Mit\u00e4 valmennuspaketti sis\u00e4lt\u00e4\u00e4:<\/h2>\n<ul>\n<li>Selke\u00e4t videot Fitvalmennus mobiilisovelluksessa, joista n\u00e4et liikkeiden oikeaoppisen suoritustekniikan.<\/li>\n<li>FitHome kuminauhasetin. Postitamme vastuskuminauhasetin sinulle <strong style=\"font-family: var(--global-body-font-family)\">ilmaiseksi<\/strong><span style=\"font-family: var(--global-body-font-family)\">. Tilauksesta ei koidu sinulle mit\u00e4\u00e4n lis\u00e4- tai piilokuluja.<\/span>L\u00e4het\u00e4mme kuminauhat sinulle viel\u00e4 saman p\u00e4iv\u00e4n aikana, jos tilaus on tehty ennen klo 12. Kuminauhat toimitetaan sinua l\u00e4himm\u00e4lle\u00a0<strong>Postin \/ Matkahuollon \/ Postnord:in toimipisteelle. <\/strong>Toimitus\u00a0kest\u00e4\u00e4 arviolta 1-3 p\u00e4iv\u00e4\u00e4!<\/li>\n<li>Yksitt\u00e4isen treenin kesto on 30-40min + lis\u00e4ksi saat kiireisille p\u00e4iville kaksi &#8221;PIKATREENI\u00c4&#8221; (kesto ~15-20min)<\/li>\n<li>Videoilla saat my\u00f6s treenivinkkej\u00e4 sek\u00e4 opastusta\u00a0vastuskuminauhojen k\u00e4ytt\u00f6\u00f6n.<\/li>\n<\/ul>\n<h2><strong>Miten aktivoin ohjelman k\u00e4ytt\u00f6\u00f6ni?<\/strong><\/h2>\n<ul>\n<li>Kaikista\u00a0verkkokaupasta\u00a0tehdyist\u00e4 tilauksista toimitetaan tilausvahvistus s\u00e4hk\u00f6postiisi.<\/li>\n<li>Pian tilausvahvistuksen j\u00e4lkeen toimitetaan my\u00f6s valitsemasi valmennuksen aktivointilinkki.<\/li>\n<li>Valmennusymp\u00e4rist\u00f6n aktivointilinkist\u00e4 voit aktivoida ohjelmat k\u00e4ytt\u00f6\u00f6si.<\/li>\n<li>Tarkemmat ohjeet aktivoinnista saapuvat s\u00e4hk\u00f6postissa tilauksen yhteydess\u00e4.<\/li>\n<li>Aktivoi valmennusymp\u00e4rist\u00f6 k\u00e4ytt\u00f6\u00f6si, heti kun haluat aloittaa ohjelman toteutuksen!<\/li>\n<\/ul>\n","protected":false},"excerpt":{"rendered":"<p>T\u00e4m\u00e4 kattava kotitreenipaketti tarjoaa sinulle ohjeet mobiilisovelluksessa sek\u00e4 s\u00e4\u00e4dett\u00e4v\u00e4t kuminauhat, jotta voit saavuttaa kuntoilutavoitteesi tehokkaasti kotona!<\/p>\n<p>Hankkiessasi Fithome Kotitreeniohjelman saat k\u00e4ytt\u00f6\u00f6si <strong>8-viikon progressiivisen treeniohjelman<\/strong> sek\u00e4<strong> korkealaatuisen FitHome vastuskuminauhasetin!<\/strong><\/p>\n<p>Katso valmennuksen arvosteluja ja lue lis\u00e4\u00e4 valmennuksesta sivuiltamme: <a href=\"https:\/\/www.fitvalmennus.fi\/products\/fit-home-kotitreeni-valmennus\">https:\/\/www.fitvalmennus.fi\/products\/fit-home-kotitreeni-valmennus<\/a><\/p>\n","protected":false},"featured_media":336,"comment_status":"open","ping_status":"closed","template":"","meta":{"_acf_changed":false,"_kad_post_transparent":"default","_kad_post_title":"","_kad_post_layout":"default","_kad_post_sidebar_id":"","_kad_post_content_style":"default","_kad_post_vertical_padding":"default","_kad_post_feature":"","_kad_post_feature_position":"","_kad_post_header":false,"_kad_post_footer":false,"_kad_post_classname":""},"product_brand":[],"product_cat":[23,29,19,28],"product_tag":[],"class_list":{"0":"post-274","1":"product","2":"type-product","3":"status-publish","4":"has-post-thumbnail","6":"product_cat-kuntosali","7":"product_cat-liikunta-muut","8":"product_cat-liikuntaedut","9":"product_cat-verkkotreenit","11":"first","12":"instock","13":"virtual","14":"taxable","15":"purchasable","16":"product-type-simple","17":"entry","18":"content-bg","19":"loop-entry"},"acf":[],"_links":{"self":[{"href":"https:\/\/marketplace.epassi.fi\/fitvalmennus\/wp-json\/wp\/v2\/product\/274","targetHints":{"allow":["GET"]}}],"collection":[{"href":"https:\/\/marketplace.epassi.fi\/fitvalmennus\/wp-json\/wp\/v2\/product"}],"about":[{"href":"https:\/\/marketplace.epassi.fi\/fitvalmennus\/wp-json\/wp\/v2\/types\/product"}],"replies":[{"embeddable":true,"href":"https:\/\/marketplace.epassi.fi\/fitvalmennus\/wp-json\/wp\/v2\/comments?post=274"}],"wp:featuredmedia":[{"embeddable":true,"href":"https:\/\/marketplace.epassi.fi\/fitvalmennus\/wp-json\/wp\/v2\/media\/336"}],"wp:attachment":[{"href":"https:\/\/marketplace.epassi.fi\/fitvalmennus\/wp-json\/wp\/v2\/media?parent=274"}],"wp:term":[{"taxonomy":"product_brand","embeddable":true,"href":"https:\/\/marketplace.epassi.fi\/fitvalmennus\/wp-json\/wp\/v2\/product_brand?post=274"},{"taxonomy":"product_cat","embeddable":true,"href":"https:\/\/marketplace.epassi.fi\/fitvalmennus\/wp-json\/wp\/v2\/product_cat?post=274"},{"taxonomy":"product_tag","embeddable":true,"href":"https:\/\/marketplace.epassi.fi\/fitvalmennus\/wp-json\/wp\/v2\/product_tag?post=274"}],"curies":[{"name":"wp","href":"https:\/\/api.w.org\/{rel}","templated":true}]}}