{"id":282,"date":"2024-02-26T10:41:24","date_gmt":"2024-02-26T08:41:24","guid":{"rendered":"https:\/\/marketplace.epassi.fi\/fitvalmennus\/?post_type=product&#038;p=282"},"modified":"2024-12-19T08:40:10","modified_gmt":"2024-12-19T06:40:10","slug":"treeniohjelma-salille-verkkovalmennus","status":"publish","type":"product","link":"https:\/\/marketplace.epassi.fi\/fitvalmennus\/kauppa\/liikuntaedut\/kuntosali\/treeniohjelma-salille-verkkovalmennus\/","title":{"rendered":"Treeniohjelmat salille &#8211; verkkovalmennus"},"content":{"rendered":"<p>T\u00e4m\u00e4 7-viikon valmennus toeutetaan Fitvalmennuksen mobiilisovelluksessa. Valmennus opettaa sinulle perusliikkeiden tekniikat sek\u00e4 kohdelihakset, jotka ovat saliharjoittelun kulmakivi\u00e4. T\u00e4ll\u00e4 ohjelmalla saat rakennettua vankan loppuel\u00e4m\u00e4n kest\u00e4v\u00e4n pohjan treenaamiseen ja harjoittelu on turvallista. Ohjelma sis\u00e4lt\u00e4\u00e4 selke\u00e4t tekniikkavideot, joista opit kaiken helposti!<\/p>\n<ul>\n<li>Voit itse valita treenaatko 2-, 3- vai 4 kertaa viikossa.<\/li>\n<li>V\u00e4lineiksi riitt\u00e4\u00e4 perus kuntosalin varustus.<\/li>\n<li>Ohjelma sopii t\u00e4ysin nollasta aloittavalle, tai jo hetken aikaa treenanneelle.<\/li>\n<li>Ohjelma sis\u00e4lt\u00e4\u00e4 t\u00e4ydelliset tekniikkavideot jokaiseen liikkeeseen.<\/li>\n<\/ul>\n<h2><strong>Miten aktivoin ohjelman k\u00e4ytt\u00f6\u00f6ni?<\/strong><\/h2>\n<ul>\n<li>Kaikista\u00a0verkkokaupasta\u00a0tehdyist\u00e4 tilauksista toimitetaan tilausvahvistus s\u00e4hk\u00f6postiisi.<\/li>\n<li>Pian tilausvahvistuksen j\u00e4lkeen toimitetaan my\u00f6s valitsemasi valmennuksen aktivointilinkki.<\/li>\n<li>Valmennusymp\u00e4rist\u00f6n aktivointilinkist\u00e4 voit aktivoida ohjelmat k\u00e4ytt\u00f6\u00f6si.<\/li>\n<li>Tarkemmat ohjeet aktivoinnista saapuvat s\u00e4hk\u00f6postissa tilauksen yhteydess\u00e4.<\/li>\n<li>Aktivoi valmennusymp\u00e4rist\u00f6 k\u00e4ytt\u00f6\u00f6si, heti kun haluat aloittaa ohjelman toteutuksen!<\/li>\n<\/ul>\n","protected":false},"excerpt":{"rendered":"<p>T\u00e4m\u00e4 7-viikon valmennus toeutetaan Fitvalmennuksen mobiilisovelluksessa. Valmennus opettaa sinulle perusliikkeiden tekniikat sek\u00e4 kohdelihakset, jotka ovat saliharjoittelun kulmakivi\u00e4. T\u00e4ll\u00e4 ohjelmalla saat rakennettua vankan loppuel\u00e4m\u00e4n kest\u00e4v\u00e4n pohjan treenaamiseen ja harjoittelu on turvallista. Ohjelma sis\u00e4lt\u00e4\u00e4 selke\u00e4t tekniikkavideot, joista opit kaiken helposti!<\/p>\n<p>Lue lis\u00e4\u00e4 valmennuksesta sivuiltamme\u00a0<a href=\"https:\/\/www.fitvalmennus.fi\/products\/treeniohjelmat-salille\">https:\/\/www.fitvalmennus.fi\/products\/treeniohjelmat-salille<\/a><\/p>\n","protected":false},"featured_media":333,"comment_status":"open","ping_status":"closed","template":"","meta":{"_acf_changed":false,"_kad_post_transparent":"default","_kad_post_title":"","_kad_post_layout":"default","_kad_post_sidebar_id":"","_kad_post_content_style":"default","_kad_post_vertical_padding":"default","_kad_post_feature":"","_kad_post_feature_position":"","_kad_post_header":false,"_kad_post_footer":false,"_kad_post_classname":""},"product_brand":[],"product_cat":[23,19,28],"product_tag":[],"class_list":{"0":"post-282","1":"product","2":"type-product","3":"status-publish","4":"has-post-thumbnail","6":"product_cat-kuntosali","7":"product_cat-liikuntaedut","8":"product_cat-verkkotreenit","10":"first","11":"instock","12":"taxable","13":"shipping-taxable","14":"purchasable","15":"product-type-simple","16":"entry","17":"content-bg","18":"loop-entry"},"acf":[],"_links":{"self":[{"href":"https:\/\/marketplace.epassi.fi\/fitvalmennus\/wp-json\/wp\/v2\/product\/282","targetHints":{"allow":["GET"]}}],"collection":[{"href":"https:\/\/marketplace.epassi.fi\/fitvalmennus\/wp-json\/wp\/v2\/product"}],"about":[{"href":"https:\/\/marketplace.epassi.fi\/fitvalmennus\/wp-json\/wp\/v2\/types\/product"}],"replies":[{"embeddable":true,"href":"https:\/\/marketplace.epassi.fi\/fitvalmennus\/wp-json\/wp\/v2\/comments?post=282"}],"wp:featuredmedia":[{"embeddable":true,"href":"https:\/\/marketplace.epassi.fi\/fitvalmennus\/wp-json\/wp\/v2\/media\/333"}],"wp:attachment":[{"href":"https:\/\/marketplace.epassi.fi\/fitvalmennus\/wp-json\/wp\/v2\/media?parent=282"}],"wp:term":[{"taxonomy":"product_brand","embeddable":true,"href":"https:\/\/marketplace.epassi.fi\/fitvalmennus\/wp-json\/wp\/v2\/product_brand?post=282"},{"taxonomy":"product_cat","embeddable":true,"href":"https:\/\/marketplace.epassi.fi\/fitvalmennus\/wp-json\/wp\/v2\/product_cat?post=282"},{"taxonomy":"product_tag","embeddable":true,"href":"https:\/\/marketplace.epassi.fi\/fitvalmennus\/wp-json\/wp\/v2\/product_tag?post=282"}],"curies":[{"name":"wp","href":"https:\/\/api.w.org\/{rel}","templated":true}]}}