{"id":289,"date":"2021-10-20T17:08:34","date_gmt":"2021-10-20T17:08:34","guid":{"rendered":"https:\/\/marketplace.epassi.fi\/fitvalmennus\/?post_type=product&#038;p=289"},"modified":"2025-01-18T05:10:58","modified_gmt":"2025-01-18T03:10:58","slug":"yksilovalmennus-personal-training","status":"publish","type":"product","link":"https:\/\/marketplace.epassi.fi\/fitvalmennus\/kauppa\/liikuntaedut\/kuntosali\/yksilovalmennus-personal-training\/","title":{"rendered":"Yksil\u00f6valmennus &#8211; Verkkovalmennus"},"content":{"rendered":"<p>T\u00e4m\u00e4 t\u00e4ysin yksil\u00f6llisesti sinulle tehty valmennus on valintasi, kun haluat t\u00e4ysin sinun tarpeidesi mukaan rakennetun valmennuskokonaisuuden. Valmennuksessa k\u00e4yt valmentajan kanssa ensin l\u00e4pi tilanteesi ja tavoitteesi, jonka j\u00e4lkeen Fitvalmennuksen koulutettu personal trainer tiimi auttaa sinua matkalla kohti tavoitteitasi.<\/p>\n<p>Henkil\u00f6kohtaisen valmennuksen\u00a0<strong>kesto on alkaen 2kk<\/strong>, riippuen alkukartoituksella\u00a0asetetuista tavoitteista.<\/p>\n<p>Lue lis\u00e4\u00e4 valmennuksesta t\u00e4st\u00e4:\u00a0https:\/\/www.fitvalmennus.fi\/products\/henkilokohtainen-valmennus<\/p>\n<p><strong><em>Huom! <\/em><\/strong><em>valmennukseen p\u00e4\u00e4sy edellytt\u00e4\u00e4 valmentajan konsultaatiota. Otathan yhteytt\u00e4 sivuiltamme tai s\u00e4hk\u00f6postilla info@fitvalmennus.fi<\/em><\/p>\n","protected":false},"excerpt":{"rendered":"<p>T\u00e4m\u00e4 t\u00e4ysin yksil\u00f6llisesti sinulle tehty valmennus on valintasi, kun haluat t\u00e4ysin sinun tarpeidesi mukaan rakennetun valmennuskokonaisuuden. Valmennuksessa k\u00e4yt valmentajan kanssa ensin l\u00e4pi tilanteesi ja tavoitteesi, jonka j\u00e4lkeen Fitvalmennuksen koulutettu personal trainer tiimi auttaa sinua matkalla kohti tavoitteitasi.<\/p>\n<p>Henkil\u00f6kohtaisen valmennuksen\u00a0<strong>kesto on alkaen 2kk<\/strong>, riippuen alkukartoituksella\u00a0asetetuista tavoitteista.<\/p>\n<p>Lue lis\u00e4\u00e4 valmennuksesta t\u00e4st\u00e4:\u00a0<a href=\"https:\/\/www.fitvalmennus.fi\/products\/henkilokohtainen-valmennus\">https:\/\/www.fitvalmennus.fi\/products\/henkilokohtainen-valmennus<\/a><\/p>\n","protected":false},"featured_media":332,"comment_status":"open","ping_status":"closed","template":"","meta":{"_acf_changed":false,"_kad_post_transparent":"default","_kad_post_title":"","_kad_post_layout":"default","_kad_post_sidebar_id":"","_kad_post_content_style":"default","_kad_post_vertical_padding":"default","_kad_post_feature":"","_kad_post_feature_position":"","_kad_post_header":false,"_kad_post_footer":false,"_kad_post_classname":""},"product_brand":[],"product_cat":[23,29,19,28],"product_tag":[],"class_list":{"0":"post-289","1":"product","2":"type-product","3":"status-publish","4":"has-post-thumbnail","6":"product_cat-kuntosali","7":"product_cat-liikunta-muut","8":"product_cat-liikuntaedut","9":"product_cat-verkkotreenit","11":"first","12":"instock","13":"virtual","14":"taxable","15":"purchasable","16":"product-type-simple","17":"entry","18":"content-bg","19":"loop-entry"},"acf":[],"_links":{"self":[{"href":"https:\/\/marketplace.epassi.fi\/fitvalmennus\/wp-json\/wp\/v2\/product\/289","targetHints":{"allow":["GET"]}}],"collection":[{"href":"https:\/\/marketplace.epassi.fi\/fitvalmennus\/wp-json\/wp\/v2\/product"}],"about":[{"href":"https:\/\/marketplace.epassi.fi\/fitvalmennus\/wp-json\/wp\/v2\/types\/product"}],"replies":[{"embeddable":true,"href":"https:\/\/marketplace.epassi.fi\/fitvalmennus\/wp-json\/wp\/v2\/comments?post=289"}],"wp:featuredmedia":[{"embeddable":true,"href":"https:\/\/marketplace.epassi.fi\/fitvalmennus\/wp-json\/wp\/v2\/media\/332"}],"wp:attachment":[{"href":"https:\/\/marketplace.epassi.fi\/fitvalmennus\/wp-json\/wp\/v2\/media?parent=289"}],"wp:term":[{"taxonomy":"product_brand","embeddable":true,"href":"https:\/\/marketplace.epassi.fi\/fitvalmennus\/wp-json\/wp\/v2\/product_brand?post=289"},{"taxonomy":"product_cat","embeddable":true,"href":"https:\/\/marketplace.epassi.fi\/fitvalmennus\/wp-json\/wp\/v2\/product_cat?post=289"},{"taxonomy":"product_tag","embeddable":true,"href":"https:\/\/marketplace.epassi.fi\/fitvalmennus\/wp-json\/wp\/v2\/product_tag?post=289"}],"curies":[{"name":"wp","href":"https:\/\/api.w.org\/{rel}","templated":true}]}}