{"id":290,"date":"2021-10-20T17:09:46","date_gmt":"2021-10-20T17:09:46","guid":{"rendered":"https:\/\/marketplace.epassi.fi\/fitvalmennus\/?post_type=product&#038;p=290"},"modified":"2024-09-01T00:09:55","modified_gmt":"2024-08-31T21:09:55","slug":"juoksuohjelma-puolimaratonille-by-jarkko-jarvenpaa","status":"publish","type":"product","link":"https:\/\/marketplace.epassi.fi\/fitvalmennus\/kauppa\/liikuntaedut\/liikunta-muut\/juoksuohjelma-puolimaratonille-by-jarkko-jarvenpaa\/","title":{"rendered":"Puolimaraton juoksuvalmennus &#8211; online juoksuvalmennus"},"content":{"rendered":"<p><strong>Maajoukkuejuoksija ja valmentaja\u00a0Jarkko J\u00e4rvenp\u00e4\u00e4n suunnittelema\u00a0<\/strong>ainutlaatuinen 16-viikon mittainen puolimaratonin juoksuohjelma on suunniteltu kaikille, jotka haluavat todella nauttia juoksusta! <strong>Valitsemalla tavoiteaikasi 2h 10min &#8211; 1h 5min v\u00e4lilt\u00e4 saat k\u00e4ytt\u00f6\u00f6si nelj\u00e4n kuukauden tehokkaan juoksuohjelman.<\/strong>\u00a0N\u00e4iden harjoitusten avulla voit saavuttaa tavoitteesi, eik\u00e4\u00a0harjoitusten toteuttaminen vie paljoa aikaa.<\/p>\n<p>Tuotteen tarkemman kuvauksen l\u00f6yd\u00e4t kotisivuiltamme:\u00a0https:\/\/www.fitvalmennus.fi\/products\/puolimaraton-ohjelma<\/p>\n<h2><strong>Miten aktivoin ohjelman k\u00e4ytt\u00f6\u00f6ni?<\/strong><\/h2>\n<ul>\n<li>Kaikista\u00a0verkkokaupasta\u00a0tehdyist\u00e4 tilauksista toimitetaan tilausvahvistus s\u00e4hk\u00f6postiisi.<\/li>\n<li>Pian tilausvahvistuksen j\u00e4lkeen toimitetaan my\u00f6s valitsemasi valmennuksen aktivointilinkki.<\/li>\n<li>Valmennusymp\u00e4rist\u00f6n aktivointilinkist\u00e4 voit aktivoida ohjelmat k\u00e4ytt\u00f6\u00f6si.<\/li>\n<li>Tarkemmat ohjeet aktivoinnista saapuvat s\u00e4hk\u00f6postissa tilauksen yhteydess\u00e4.<\/li>\n<li>Aktivoi valmennusymp\u00e4rist\u00f6 k\u00e4ytt\u00f6\u00f6si, heti kun haluat aloittaa ohjelman toteutuksen!<\/li>\n<\/ul>\n","protected":false},"excerpt":{"rendered":"<p><strong>Maajoukkuejuoksija ja valmentaja\u00a0Jarkko J\u00e4rvenp\u00e4\u00e4n suunnittelema\u00a0<\/strong>ainutlaatuinen puolimaratonin juoksuohjelma on suunniteltu kaikille, jotka haluavat todella nauttia juoksusta! <strong>Valitsemalla tavoiteaikasi 2h 10min &#8211; 1h 5min v\u00e4lilt\u00e4 saat k\u00e4ytt\u00f6\u00f6si nelj\u00e4n kuukauden tehokkaan juoksuohjelman.<\/strong>\u00a0N\u00e4iden harjoitusten avulla voit saavuttaa tavoitteesi, eik\u00e4\u00a0harjoitusten toteuttaminen vie paljoa aikaa.<\/p>\n<p><a href=\"https:\/\/www.fitvalmennus.fi\/products\/puolimaraton-ohjelma\">https:\/\/www.fitvalmennus.fi\/products\/puolimaraton-ohjelma<\/a><\/p>\n","protected":false},"featured_media":329,"comment_status":"open","ping_status":"closed","template":"","meta":{"_acf_changed":false,"_kad_post_transparent":"default","_kad_post_title":"","_kad_post_layout":"default","_kad_post_sidebar_id":"","_kad_post_content_style":"default","_kad_post_vertical_padding":"default","_kad_post_feature":"","_kad_post_feature_position":"","_kad_post_header":false,"_kad_post_footer":false,"_kad_post_classname":""},"product_brand":[],"product_cat":[29,19,28],"product_tag":[],"class_list":{"0":"post-290","1":"product","2":"type-product","3":"status-publish","4":"has-post-thumbnail","6":"product_cat-liikunta-muut","7":"product_cat-liikuntaedut","8":"product_cat-verkkotreenit","10":"first","11":"instock","12":"virtual","13":"taxable","14":"purchasable","15":"product-type-simple","16":"entry","17":"content-bg","18":"loop-entry"},"acf":[],"_links":{"self":[{"href":"https:\/\/marketplace.epassi.fi\/fitvalmennus\/wp-json\/wp\/v2\/product\/290","targetHints":{"allow":["GET"]}}],"collection":[{"href":"https:\/\/marketplace.epassi.fi\/fitvalmennus\/wp-json\/wp\/v2\/product"}],"about":[{"href":"https:\/\/marketplace.epassi.fi\/fitvalmennus\/wp-json\/wp\/v2\/types\/product"}],"replies":[{"embeddable":true,"href":"https:\/\/marketplace.epassi.fi\/fitvalmennus\/wp-json\/wp\/v2\/comments?post=290"}],"wp:featuredmedia":[{"embeddable":true,"href":"https:\/\/marketplace.epassi.fi\/fitvalmennus\/wp-json\/wp\/v2\/media\/329"}],"wp:attachment":[{"href":"https:\/\/marketplace.epassi.fi\/fitvalmennus\/wp-json\/wp\/v2\/media?parent=290"}],"wp:term":[{"taxonomy":"product_brand","embeddable":true,"href":"https:\/\/marketplace.epassi.fi\/fitvalmennus\/wp-json\/wp\/v2\/product_brand?post=290"},{"taxonomy":"product_cat","embeddable":true,"href":"https:\/\/marketplace.epassi.fi\/fitvalmennus\/wp-json\/wp\/v2\/product_cat?post=290"},{"taxonomy":"product_tag","embeddable":true,"href":"https:\/\/marketplace.epassi.fi\/fitvalmennus\/wp-json\/wp\/v2\/product_tag?post=290"}],"curies":[{"name":"wp","href":"https:\/\/api.w.org\/{rel}","templated":true}]}}