{"id":289,"date":"2021-10-20T17:08:34","date_gmt":"2021-10-20T14:08:34","guid":{"rendered":"https:\/\/marketplace.epassi.fi\/flyboard-team-finland-ry\/?post_type=product&#038;p=289"},"modified":"2024-09-01T00:08:43","modified_gmt":"2024-08-31T21:08:43","slug":"vesijettivuokraus-2h","status":"publish","type":"product","link":"https:\/\/marketplace.epassi.fi\/flyboard-team-finland-ry\/kauppa\/liikuntaedut\/liikunta-muut\/vesijettivuokraus-2h\/","title":{"rendered":"Vesijettivuokraus 2h"},"content":{"rendered":"<p>Vesijetin vuokraus Jyv\u00e4skyl\u00e4n satamasta. Hinta sis\u00e4lt\u00e4\u00e4 jetin vuokran. T\u00e4m\u00e4n lis\u00e4ksi vuokraaja maksaa polttoaineet.<\/p>\n","protected":false},"excerpt":{"rendered":"<p>Vesijetin vuokraus Jyv\u00e4skyl\u00e4n satamasta.<\/p>\n","protected":false},"featured_media":330,"comment_status":"open","ping_status":"closed","template":"","meta":{"_acf_changed":false,"_kad_post_transparent":"default","_kad_post_title":"","_kad_post_layout":"default","_kad_post_sidebar_id":"","_kad_post_content_style":"default","_kad_post_vertical_padding":"default","_kad_post_feature":"","_kad_post_feature_position":"","_kad_post_header":false,"_kad_post_footer":false,"_kad_post_classname":""},"product_brand":[],"product_cat":[29,19],"product_tag":[],"class_list":{"0":"post-289","1":"product","2":"type-product","3":"status-publish","4":"has-post-thumbnail","6":"product_cat-liikunta-muut","7":"product_cat-liikuntaedut","9":"first","10":"instock","11":"virtual","12":"taxable","13":"purchasable","14":"product-type-simple","15":"entry","16":"content-bg","17":"loop-entry"},"acf":[],"_links":{"self":[{"href":"https:\/\/marketplace.epassi.fi\/flyboard-team-finland-ry\/wp-json\/wp\/v2\/product\/289","targetHints":{"allow":["GET"]}}],"collection":[{"href":"https:\/\/marketplace.epassi.fi\/flyboard-team-finland-ry\/wp-json\/wp\/v2\/product"}],"about":[{"href":"https:\/\/marketplace.epassi.fi\/flyboard-team-finland-ry\/wp-json\/wp\/v2\/types\/product"}],"replies":[{"embeddable":true,"href":"https:\/\/marketplace.epassi.fi\/flyboard-team-finland-ry\/wp-json\/wp\/v2\/comments?post=289"}],"wp:featuredmedia":[{"embeddable":true,"href":"https:\/\/marketplace.epassi.fi\/flyboard-team-finland-ry\/wp-json\/wp\/v2\/media\/330"}],"wp:attachment":[{"href":"https:\/\/marketplace.epassi.fi\/flyboard-team-finland-ry\/wp-json\/wp\/v2\/media?parent=289"}],"wp:term":[{"taxonomy":"product_brand","embeddable":true,"href":"https:\/\/marketplace.epassi.fi\/flyboard-team-finland-ry\/wp-json\/wp\/v2\/product_brand?post=289"},{"taxonomy":"product_cat","embeddable":true,"href":"https:\/\/marketplace.epassi.fi\/flyboard-team-finland-ry\/wp-json\/wp\/v2\/product_cat?post=289"},{"taxonomy":"product_tag","embeddable":true,"href":"https:\/\/marketplace.epassi.fi\/flyboard-team-finland-ry\/wp-json\/wp\/v2\/product_tag?post=289"}],"curies":[{"name":"wp","href":"https:\/\/api.w.org\/{rel}","templated":true}]}}