{"id":22,"date":"2021-09-13T17:45:59","date_gmt":"2021-09-13T17:45:59","guid":{"rendered":"https:\/\/marketplace.epassi.fi\/friski\/?page_id=22"},"modified":"2021-10-12T10:57:35","modified_gmt":"2021-10-12T10:57:35","slug":"info","status":"publish","type":"page","link":"https:\/\/marketplace.epassi.fi\/friski\/info\/","title":{"rendered":"Info"},"content":{"rendered":"\n\t<div class=\"entry-content single-content\">\n\n\t\t<div class=\"wp-block-columns\" style=\"gap:30px\">\n\t\t\t<div class=\"wp-block-column\">\n\t\t\t\t<h2>Tervetuloa kuntoilemaan Wellness Friskiin!<\/h2>\n\t\t\t\t<p><p>Haluamme tarjota kaikille ik\u00e4\u00e4n, kokoon ja harjoittelutaustaan katsomatta motivoivan ymp\u00e4rist\u00f6n oman kunnon kohottamiseen ja kehitt\u00e4miseen.<\/p>\n<p>Valikoimastamme l\u00f6yd\u00e4t monipuoliset liikuntapalvelut: kuntosalin ja ryhm\u00e4liikunnan ohella tarjoamme erilaisia yksil\u00f6ohjaupalveluja (Personal Trainer, Gyrotonic, Pilates), Pilateksen ryhm\u00e4tunteja, kehonkoostumusmittausta ja kuntotestauksia sek\u00e4 ty\u00f6hyvinvointipalveluja yrityksille.<\/p>\n<p>Kuntokeskuksen ohessa toimii Fysikaalinen hoitolaitos Friski, joten my\u00f6s fysioterapeuttiemme ammattitaito on asiakkaidemme k\u00e4ytett\u00e4viss\u00e4 muun muassa viikoittaisten kuntosaliohjaustuntien muodossa.<\/p>\n<p>Tarjonnastamme l\u00f6ytyy jokaiselle jotakin: meill\u00e4 liikkuvat niin kuntoliikkujat, aktiiviurhelijat kuin senioritkin. Tervetuloa mukaan!<\/p>\n<\/p>\n\t\t\t\t<h3>Wellness Friski<\/h3>\n\t\t\t\t<p>Karjalankatu 16<br>\n\t\t\t\t\t26100 Rauma<\/p>\n\t\t\t\t<p><a href=\"tel:02 8229 339\">02 8229 339<\/a><\/p>\n\t\t\t\t<p><a href=\"mailto:mirjami.aho@friski.fi\">mirjami.aho@friski.fi<\/a><\/p>\n\n\t\t\t\t<h2>Toimipisteet<\/h2><div class=\"info-page-location-list\"><div class=\"info-page-location\"><h3>Wellness Friski<\/h3><p>Karjalankatu 16, 26100 Rauma<\/p><p><p><a href=\"https:\/\/www.google.com\/maps\/search\/?api=1&query=Google&query_place_id=ChIJ6x9bchF-iUYRzOwUJnwGCB0\">Katso sijainti kartalla <span>&#8599;<\/span><\/a><\/p><\/p><p><\/p><\/div><div class=\"info-page-location\"><h3><\/h3><p><\/p><p><\/p><\/div><\/div>\t\t\t<\/div>\n\n\t\t\t<div class=\"wp-block-column\">\n\t\t\t\t<figure class=\"wp-block-image size-large\"><img loading=\"lazy\" decoding=\"async\" width=\"768\" height=\"514\" src=\"https:\/\/marketplace.epassi.fi\/friski\/wp-content\/uploads\/sites\/97\/2021\/11\/vILMA-768x514.jpg\" class=\"attachment-medium_large size-medium_large\" alt=\"\" \/><\/figure>\n\t\t\t<\/div>\n\t\t<\/div>\n\t<\/div>\n\t\n","protected":false},"excerpt":{"rendered":"","protected":false},"author":2,"featured_media":0,"parent":0,"menu_order":0,"comment_status":"closed","ping_status":"closed","template":"","meta":{"_acf_changed":false,"_kad_post_transparent":"","_kad_post_title":"","_kad_post_layout":"","_kad_post_sidebar_id":"","_kad_post_content_style":"","_kad_post_vertical_padding":"","_kad_post_feature":"","_kad_post_feature_position":"","_kad_post_header":false,"_kad_post_footer":false,"_kad_post_classname":"","footnotes":""},"class_list":["post-22","page","type-page","status-publish","hentry"],"acf":[],"_links":{"self":[{"href":"https:\/\/marketplace.epassi.fi\/friski\/wp-json\/wp\/v2\/pages\/22","targetHints":{"allow":["GET"]}}],"collection":[{"href":"https:\/\/marketplace.epassi.fi\/friski\/wp-json\/wp\/v2\/pages"}],"about":[{"href":"https:\/\/marketplace.epassi.fi\/friski\/wp-json\/wp\/v2\/types\/page"}],"author":[{"embeddable":true,"href":"https:\/\/marketplace.epassi.fi\/friski\/wp-json\/wp\/v2\/users\/2"}],"replies":[{"embeddable":true,"href":"https:\/\/marketplace.epassi.fi\/friski\/wp-json\/wp\/v2\/comments?post=22"}],"version-history":[{"count":10,"href":"https:\/\/marketplace.epassi.fi\/friski\/wp-json\/wp\/v2\/pages\/22\/revisions"}],"predecessor-version":[{"id":264,"href":"https:\/\/marketplace.epassi.fi\/friski\/wp-json\/wp\/v2\/pages\/22\/revisions\/264"}],"wp:attachment":[{"href":"https:\/\/marketplace.epassi.fi\/friski\/wp-json\/wp\/v2\/media?parent=22"}],"curies":[{"name":"wp","href":"https:\/\/api.w.org\/{rel}","templated":true}]}}