{"id":282,"date":"2021-11-16T12:58:25","date_gmt":"2021-11-16T10:58:25","guid":{"rendered":"https:\/\/marketplace.epassi.fi\/friski\/?post_type=product&#038;p=282"},"modified":"2026-03-19T15:42:15","modified_gmt":"2026-03-19T13:42:15","slug":"liikuntapalvelut","status":"publish","type":"product","link":"https:\/\/marketplace.epassi.fi\/friski\/kauppa\/liikuntaedut\/jooga\/liikuntapalvelut\/","title":{"rendered":"Liikuntapalvelut"},"content":{"rendered":"<p>Liikuntapalvelut-tuotteen lunastamalla voit p\u00e4\u00e4tt\u00e4\u00e4 my\u00f6hemmin mihin palveluun haluat lataamasi saldon k\u00e4ytt\u00e4\u00e4. Valikoimastamme l\u00f6yd\u00e4t monipuoliset liikuntapalvelut: kuntosalin ja ryhm\u00e4liikunnan ohella tarjoamme erilaisia yksil\u00f6ohjauspalveluja (personal trainer, pilates), pilateksen matto- ja laitetunteja, kehonkoostumusmittausta ja kuntotestauksia sek\u00e4 ty\u00f6hyvinvointipalveluja yrityksille. Lis\u00e4tietoa saat toimistostamme p. 02 8229 339\/ mirjami.aho@friski.fi.<\/p>\n","protected":false},"excerpt":{"rendered":"<p>Liikuntapalvelut-tuotteen lunastamalla voit p\u00e4\u00e4tt\u00e4\u00e4 my\u00f6hemmin mihin palveluun haluat lataamasi saldon k\u00e4ytt\u00e4\u00e4.<\/p>\n","protected":false},"featured_media":320,"comment_status":"open","ping_status":"closed","template":"","meta":{"_acf_changed":false,"_kad_post_transparent":"default","_kad_post_title":"","_kad_post_layout":"default","_kad_post_sidebar_id":"","_kad_post_content_style":"default","_kad_post_vertical_padding":"default","_kad_post_feature":"","_kad_post_feature_position":"","_kad_post_header":false,"_kad_post_footer":false,"_kad_post_classname":""},"product_brand":[],"product_cat":[25,23,29,19,27],"product_tag":[],"class_list":{"0":"post-282","1":"product","2":"type-product","3":"status-publish","4":"has-post-thumbnail","6":"product_cat-jooga","7":"product_cat-kuntosali","8":"product_cat-liikunta-muut","9":"product_cat-liikuntaedut","10":"product_cat-ryhmaliikunta","12":"first","13":"instock","14":"taxable","15":"shipping-taxable","16":"purchasable","17":"product-type-variable","18":"has-default-attributes","19":"entry","20":"content-bg","21":"loop-entry"},"acf":[],"_links":{"self":[{"href":"https:\/\/marketplace.epassi.fi\/friski\/wp-json\/wp\/v2\/product\/282","targetHints":{"allow":["GET"]}}],"collection":[{"href":"https:\/\/marketplace.epassi.fi\/friski\/wp-json\/wp\/v2\/product"}],"about":[{"href":"https:\/\/marketplace.epassi.fi\/friski\/wp-json\/wp\/v2\/types\/product"}],"replies":[{"embeddable":true,"href":"https:\/\/marketplace.epassi.fi\/friski\/wp-json\/wp\/v2\/comments?post=282"}],"wp:featuredmedia":[{"embeddable":true,"href":"https:\/\/marketplace.epassi.fi\/friski\/wp-json\/wp\/v2\/media\/320"}],"wp:attachment":[{"href":"https:\/\/marketplace.epassi.fi\/friski\/wp-json\/wp\/v2\/media?parent=282"}],"wp:term":[{"taxonomy":"product_brand","embeddable":true,"href":"https:\/\/marketplace.epassi.fi\/friski\/wp-json\/wp\/v2\/product_brand?post=282"},{"taxonomy":"product_cat","embeddable":true,"href":"https:\/\/marketplace.epassi.fi\/friski\/wp-json\/wp\/v2\/product_cat?post=282"},{"taxonomy":"product_tag","embeddable":true,"href":"https:\/\/marketplace.epassi.fi\/friski\/wp-json\/wp\/v2\/product_tag?post=282"}],"curies":[{"name":"wp","href":"https:\/\/api.w.org\/{rel}","templated":true}]}}