{"id":22,"date":"2021-09-13T17:45:59","date_gmt":"2021-09-13T17:45:59","guid":{"rendered":"https:\/\/marketplace.epassi.fi\/fysio-sakura\/?page_id=22"},"modified":"2021-10-12T10:57:35","modified_gmt":"2021-10-12T10:57:35","slug":"info","status":"publish","type":"page","link":"https:\/\/marketplace.epassi.fi\/fysio-sakura\/info\/","title":{"rendered":"Info"},"content":{"rendered":"\n\t<div class=\"entry-content single-content\">\n\n\t\t<div class=\"wp-block-columns\" style=\"gap:30px\">\n\t\t\t<div class=\"wp-block-column\">\n\t\t\t\t<h2>Fysio Sakura<\/h2>\n\t\t\t\t<p><p>Tervetuloa Fysio Sakuraan. Hoitolaitoksemme sijaitsee Sitratorilla, Kannelm\u00e4en juna-aseman tuntumassa.<\/p>\n<p>Pelkk\u00e4 oireiden lievitys ei riit\u00e4, siksi me Fysio Sakurassa panostamme tarkkaan tutkimukseen ja todellisiin ongelmiin oireiden takana. Henkil\u00f6kuntamme jatko- kouluttautuu s\u00e4\u00e4nn\u00f6llisesti ja yll\u00e4pit\u00e4\u00e4 osaamistaan viikoittaisella sis\u00e4isell\u00e4 koulutuksella, jotta voimme palvella sinua parhaalla mahdollisella osaamisella ja tiet\u00e4myksell\u00e4.<\/p>\n<\/p>\n\t\t\t\t<h3>Fysio Sakura Oy<\/h3>\n\t\t\t\t<p>Sitratori 3<br>\n\t\t\t\t\t00420 Helsinki<\/p>\n\t\t\t\t<p><a href=\"tel:045 3547 474\">045 3547 474<\/a><\/p>\n\t\t\t\t<p><a href=\"mailto:info@fysiosakura.fi\">info@fysiosakura.fi<\/a><\/p>\n\n\t\t\t\t<h2>Toimipisteet<\/h2><div class=\"info-page-location-list\"><div class=\"info-page-location\"><h3>Fysio Sakura<\/h3><p>Sitratori 5, 00420 Helsinki<\/p><p><a href=\"tel:+358503547474\">+358503547474<\/a><br><a href=\"mail:info@fysiosakura.fi\">info@fysiosakura.fi<\/a><p><a href=\"https:\/\/www.google.com\/maps\/search\/?api=1&query=Google&query_place_id=ChIJOW459kb2jUYRNRpReTQLixM\">Katso sijainti kartalla <span>&#8599;<\/span><\/a><\/p><\/p><p><\/p><\/div><\/div>\t\t\t<\/div>\n\n\t\t\t<div class=\"wp-block-column\">\n\t\t\t\t<figure class=\"wp-block-image size-large\"><img loading=\"lazy\" decoding=\"async\" width=\"400\" height=\"267\" src=\"https:\/\/marketplace.epassi.fi\/fysio-sakura\/wp-content\/uploads\/sites\/408\/2024\/10\/fs_etusivu-1.jpg\" class=\"attachment-medium_large size-medium_large\" alt=\"Fysio Sakura\" \/><\/figure>\n\t\t\t<\/div>\n\t\t<\/div>\n\t<\/div>\n\t\n","protected":false},"excerpt":{"rendered":"","protected":false},"author":2,"featured_media":0,"parent":0,"menu_order":0,"comment_status":"closed","ping_status":"closed","template":"","meta":{"_acf_changed":false,"_kad_post_transparent":"","_kad_post_title":"","_kad_post_layout":"","_kad_post_sidebar_id":"","_kad_post_content_style":"","_kad_post_vertical_padding":"","_kad_post_feature":"","_kad_post_feature_position":"","_kad_post_header":false,"_kad_post_footer":false,"_kad_post_classname":"","footnotes":""},"class_list":["post-22","page","type-page","status-publish","hentry"],"acf":[],"_links":{"self":[{"href":"https:\/\/marketplace.epassi.fi\/fysio-sakura\/wp-json\/wp\/v2\/pages\/22","targetHints":{"allow":["GET"]}}],"collection":[{"href":"https:\/\/marketplace.epassi.fi\/fysio-sakura\/wp-json\/wp\/v2\/pages"}],"about":[{"href":"https:\/\/marketplace.epassi.fi\/fysio-sakura\/wp-json\/wp\/v2\/types\/page"}],"author":[{"embeddable":true,"href":"https:\/\/marketplace.epassi.fi\/fysio-sakura\/wp-json\/wp\/v2\/users\/2"}],"replies":[{"embeddable":true,"href":"https:\/\/marketplace.epassi.fi\/fysio-sakura\/wp-json\/wp\/v2\/comments?post=22"}],"version-history":[{"count":10,"href":"https:\/\/marketplace.epassi.fi\/fysio-sakura\/wp-json\/wp\/v2\/pages\/22\/revisions"}],"predecessor-version":[{"id":264,"href":"https:\/\/marketplace.epassi.fi\/fysio-sakura\/wp-json\/wp\/v2\/pages\/22\/revisions\/264"}],"wp:attachment":[{"href":"https:\/\/marketplace.epassi.fi\/fysio-sakura\/wp-json\/wp\/v2\/media?parent=22"}],"curies":[{"name":"wp","href":"https:\/\/api.w.org\/{rel}","templated":true}]}}