{"id":363,"date":"2026-01-08T10:09:01","date_gmt":"2026-01-08T08:09:01","guid":{"rendered":"https:\/\/marketplace.epassi.fi\/fysio-sakura\/?post_type=product&#038;p=363"},"modified":"2026-01-08T10:09:28","modified_gmt":"2026-01-08T08:09:28","slug":"fysioterapia-90-min-ft-jenna-rimpilaiselle","status":"publish","type":"product","link":"https:\/\/marketplace.epassi.fi\/fysio-sakura\/kauppa\/hyvinvointi\/fysioterapia\/fysioterapia-90-min-ft-jenna-rimpilaiselle\/","title":{"rendered":"FYSIOTERAPIA 90 min ft Jenna Rimpil\u00e4iselle"},"content":{"rendered":"<p>Fysioterapiassa kliinisen tutkimuksen ja haastattelun perusteella tehd\u00e4\u00e4n hoitosuunnitelma ja tarpeiden mukainen hoito. Hoito voi sis\u00e4lt\u00e4\u00e4 terapeuttista harjoittelua, lihas-, faskia- tai nivelk\u00e4sittely\u00e4, laitehoitoja, teippausta ym. L\u00e4ht\u00f6kohtana on potilaan yksil\u00f6llinen hoidontarve.<\/p>\n<p><strong>Varaa k\u00e4yntiaika osoitteesta fysiosakura.fi tai soittamalla numeroon 045 354 7474.<\/strong><\/p>\n","protected":false},"excerpt":{"rendered":"<p class=\"price\"><strong><span style=\"font-family: var(--global-body-font-family)\">Tervetuloa fysioterapiaan ft Jenna Rimpil\u00e4iselle Fysio Sakuraan! <\/span><\/strong><\/p>\n<p>Fysio Sakurassa panostetaan tarkkaan kliiniseen tutkimukseen, jotta hoidetaan todellista ongelmaa eik\u00e4 vain oireita.<\/p>\n","protected":false},"featured_media":358,"comment_status":"open","ping_status":"closed","template":"","meta":{"_acf_changed":false,"_kad_post_transparent":"default","_kad_post_title":"","_kad_post_layout":"default","_kad_post_sidebar_id":"","_kad_post_content_style":"default","_kad_post_vertical_padding":"default","_kad_post_feature":"","_kad_post_feature_position":"","_kad_post_header":false,"_kad_post_footer":false,"_kad_post_classname":""},"product_brand":[],"product_cat":[32,21],"product_tag":[],"class_list":{"0":"post-363","1":"product","2":"type-product","3":"status-publish","4":"has-post-thumbnail","6":"product_cat-fysioterapia","7":"product_cat-hyvinvointi","9":"first","10":"instock","11":"purchasable","12":"product-type-simple","13":"entry","14":"content-bg","15":"loop-entry"},"acf":[],"_links":{"self":[{"href":"https:\/\/marketplace.epassi.fi\/fysio-sakura\/wp-json\/wp\/v2\/product\/363","targetHints":{"allow":["GET"]}}],"collection":[{"href":"https:\/\/marketplace.epassi.fi\/fysio-sakura\/wp-json\/wp\/v2\/product"}],"about":[{"href":"https:\/\/marketplace.epassi.fi\/fysio-sakura\/wp-json\/wp\/v2\/types\/product"}],"replies":[{"embeddable":true,"href":"https:\/\/marketplace.epassi.fi\/fysio-sakura\/wp-json\/wp\/v2\/comments?post=363"}],"wp:featuredmedia":[{"embeddable":true,"href":"https:\/\/marketplace.epassi.fi\/fysio-sakura\/wp-json\/wp\/v2\/media\/358"}],"wp:attachment":[{"href":"https:\/\/marketplace.epassi.fi\/fysio-sakura\/wp-json\/wp\/v2\/media?parent=363"}],"wp:term":[{"taxonomy":"product_brand","embeddable":true,"href":"https:\/\/marketplace.epassi.fi\/fysio-sakura\/wp-json\/wp\/v2\/product_brand?post=363"},{"taxonomy":"product_cat","embeddable":true,"href":"https:\/\/marketplace.epassi.fi\/fysio-sakura\/wp-json\/wp\/v2\/product_cat?post=363"},{"taxonomy":"product_tag","embeddable":true,"href":"https:\/\/marketplace.epassi.fi\/fysio-sakura\/wp-json\/wp\/v2\/product_tag?post=363"}],"curies":[{"name":"wp","href":"https:\/\/api.w.org\/{rel}","templated":true}]}}