{"id":282,"date":"2022-04-06T14:03:56","date_gmt":"2022-04-06T11:03:56","guid":{"rendered":"https:\/\/marketplace.epassi.fi\/fysiokipina\/?post_type=product&#038;p=282"},"modified":"2022-06-06T09:13:16","modified_gmt":"2022-06-06T06:13:16","slug":"lahjakortti-kuntosali","status":"publish","type":"product","link":"https:\/\/marketplace.epassi.fi\/fysiokipina\/kauppa\/liikuntaedut\/kuntosali\/lahjakortti-kuntosali\/","title":{"rendered":"Kuntosali V\u00e4h\u00e4kyr\u00f6"},"content":{"rendered":"<p>Kuntosalik\u00e4yntej\u00e4 haluamasi summalla. Ota yhteytt\u00e4 ja p\u00e4ivitet\u00e4\u00e4n korttisi voimassaoloaika.<\/p>\n","protected":false},"excerpt":{"rendered":"<p>Kuntosalin k\u00e4ytt\u00f6\u00f6n.<\/p>\n","protected":false},"featured_media":310,"comment_status":"open","ping_status":"closed","template":"","meta":{"_acf_changed":false,"_kad_post_transparent":"default","_kad_post_title":"","_kad_post_layout":"default","_kad_post_sidebar_id":"","_kad_post_content_style":"default","_kad_post_vertical_padding":"default","_kad_post_feature":"","_kad_post_feature_position":"","_kad_post_header":false,"_kad_post_footer":false,"_kad_post_classname":""},"product_brand":[],"product_cat":[23,19],"product_tag":[],"class_list":{"0":"post-282","1":"product","2":"type-product","3":"status-publish","4":"has-post-thumbnail","6":"product_cat-kuntosali","7":"product_cat-liikuntaedut","9":"first","10":"instock","11":"taxable","12":"shipping-taxable","13":"purchasable","14":"product-type-variable","15":"has-default-attributes","16":"entry","17":"content-bg","18":"loop-entry"},"acf":[],"_links":{"self":[{"href":"https:\/\/marketplace.epassi.fi\/fysiokipina\/wp-json\/wp\/v2\/product\/282","targetHints":{"allow":["GET"]}}],"collection":[{"href":"https:\/\/marketplace.epassi.fi\/fysiokipina\/wp-json\/wp\/v2\/product"}],"about":[{"href":"https:\/\/marketplace.epassi.fi\/fysiokipina\/wp-json\/wp\/v2\/types\/product"}],"replies":[{"embeddable":true,"href":"https:\/\/marketplace.epassi.fi\/fysiokipina\/wp-json\/wp\/v2\/comments?post=282"}],"wp:featuredmedia":[{"embeddable":true,"href":"https:\/\/marketplace.epassi.fi\/fysiokipina\/wp-json\/wp\/v2\/media\/310"}],"wp:attachment":[{"href":"https:\/\/marketplace.epassi.fi\/fysiokipina\/wp-json\/wp\/v2\/media?parent=282"}],"wp:term":[{"taxonomy":"product_brand","embeddable":true,"href":"https:\/\/marketplace.epassi.fi\/fysiokipina\/wp-json\/wp\/v2\/product_brand?post=282"},{"taxonomy":"product_cat","embeddable":true,"href":"https:\/\/marketplace.epassi.fi\/fysiokipina\/wp-json\/wp\/v2\/product_cat?post=282"},{"taxonomy":"product_tag","embeddable":true,"href":"https:\/\/marketplace.epassi.fi\/fysiokipina\/wp-json\/wp\/v2\/product_tag?post=282"}],"curies":[{"name":"wp","href":"https:\/\/api.w.org\/{rel}","templated":true}]}}