{"id":363,"date":"2025-11-25T10:17:22","date_gmt":"2025-11-25T08:17:22","guid":{"rendered":"https:\/\/marketplace.epassi.fi\/fysiokipina\/?post_type=product&#038;p=363"},"modified":"2025-11-25T10:17:23","modified_gmt":"2025-11-25T08:17:23","slug":"hyvinvointiin-50e-70e-100e","status":"publish","type":"product","link":"https:\/\/marketplace.epassi.fi\/fysiokipina\/kauppa\/hyvinvointi\/fysioterapia\/hyvinvointiin-50e-70e-100e\/","title":{"rendered":"Hyvinvointiin 50\u20ac, 70\u20ac, 100\u20ac"},"content":{"rendered":"<p>T\u00e4t\u00e4 voidaan k\u00e4ytt\u00e4\u00e4 osamaksuna hoitolan palveluihin, kuten fysioterapia, LPG-terapia<\/p>\n","protected":false},"excerpt":{"rendered":"<p>T\u00e4t\u00e4 voidaan k\u00e4ytt\u00e4\u00e4 osamaksuna hoitolan palveluihin, kuten fysioterapia, LPG-terapia<\/p>\n","protected":false},"featured_media":309,"comment_status":"open","ping_status":"closed","template":"","meta":{"_acf_changed":false,"_kad_post_transparent":"default","_kad_post_title":"","_kad_post_layout":"default","_kad_post_sidebar_id":"","_kad_post_content_style":"default","_kad_post_vertical_padding":"default","_kad_post_feature":"","_kad_post_feature_position":"","_kad_post_header":false,"_kad_post_footer":false,"_kad_post_classname":""},"product_brand":[],"product_cat":[32,21],"product_tag":[],"class_list":{"0":"post-363","1":"product","2":"type-product","3":"status-publish","4":"has-post-thumbnail","6":"product_cat-fysioterapia","7":"product_cat-hyvinvointi","9":"first","10":"instock","11":"purchasable","12":"product-type-variable","13":"entry","14":"content-bg","15":"loop-entry"},"acf":[],"_links":{"self":[{"href":"https:\/\/marketplace.epassi.fi\/fysiokipina\/wp-json\/wp\/v2\/product\/363","targetHints":{"allow":["GET"]}}],"collection":[{"href":"https:\/\/marketplace.epassi.fi\/fysiokipina\/wp-json\/wp\/v2\/product"}],"about":[{"href":"https:\/\/marketplace.epassi.fi\/fysiokipina\/wp-json\/wp\/v2\/types\/product"}],"replies":[{"embeddable":true,"href":"https:\/\/marketplace.epassi.fi\/fysiokipina\/wp-json\/wp\/v2\/comments?post=363"}],"wp:featuredmedia":[{"embeddable":true,"href":"https:\/\/marketplace.epassi.fi\/fysiokipina\/wp-json\/wp\/v2\/media\/309"}],"wp:attachment":[{"href":"https:\/\/marketplace.epassi.fi\/fysiokipina\/wp-json\/wp\/v2\/media?parent=363"}],"wp:term":[{"taxonomy":"product_brand","embeddable":true,"href":"https:\/\/marketplace.epassi.fi\/fysiokipina\/wp-json\/wp\/v2\/product_brand?post=363"},{"taxonomy":"product_cat","embeddable":true,"href":"https:\/\/marketplace.epassi.fi\/fysiokipina\/wp-json\/wp\/v2\/product_cat?post=363"},{"taxonomy":"product_tag","embeddable":true,"href":"https:\/\/marketplace.epassi.fi\/fysiokipina\/wp-json\/wp\/v2\/product_tag?post=363"}],"curies":[{"name":"wp","href":"https:\/\/api.w.org\/{rel}","templated":true}]}}