{"id":290,"date":"2021-10-20T17:09:46","date_gmt":"2021-10-20T17:09:46","guid":{"rendered":"https:\/\/marketplace.epassi.fi\/fysiosilta\/?post_type=product&#038;p=290"},"modified":"2025-10-30T15:44:58","modified_gmt":"2025-10-30T13:44:58","slug":"fysioterapia-60min-ensikaynti","status":"publish","type":"product","link":"https:\/\/marketplace.epassi.fi\/fysiosilta\/kauppa\/hyvinvointi\/fysioterapia\/fysioterapia-60min-ensikaynti\/","title":{"rendered":"Fysioterapia 60min (ensik\u00e4ynti)"},"content":{"rendered":"<p>Fysioterapia on tehokas ja monipuolinen hoitomuoto erilaisten kipu- ja j\u00e4nnitystilojen sek\u00e4 psykofyysisten oireiden hoitoon.<\/p>\n<p>Ajanvaraus fysioterapiaan www.fysiosilta.fi<\/p>\n<p><strong>Mihin fysioterapiasta on apua?<\/strong><\/p>\n<ul>\n<li>Niskan kipu- ja j\u00e4nnitystilat<\/li>\n<li>Selk\u00e4kipu ja iskias<\/li>\n<li>Ala- ja yl\u00e4raajojen rasitusvammat<\/li>\n<li>Purentalihasten h\u00e4iri\u00f6t<\/li>\n<li>P\u00e4\u00e4ns\u00e4rky- ja huimausoireet<\/li>\n<li>Hermos\u00e4rky ja puutumisoireet<\/li>\n<li>Leikkauksen j\u00e4lkeinen kuntoutus<\/li>\n<li>Stressiper\u00e4iset j\u00e4nnitystilat<\/li>\n<li>Uupumisoireet<\/li>\n<\/ul>\n<p><strong>Mit\u00e4 fysioterapiak\u00e4yntiin kuuluu?<\/strong><\/p>\n<p>Jokainen fysioterapiak\u00e4ynti on yksil\u00f6llinen ja perustuu ongelman arviointiin ja tutkimiseen. Fysioterapiak\u00e4yntiin kuulu:<\/p>\n<ul>\n<li>Manuaalinen terapia (hieronta, triggerpistek\u00e4sittely, lihaskalvok\u00e4sittely, nivelmobilisaatio)<\/li>\n<li>Terapeuttinen harjoittelu<\/li>\n<li>Kinesioteippaus<\/li>\n<li>Sopivien kotiohjeiden suunnittelu ja l\u00e4pik\u00e4nti<\/li>\n<\/ul>\n<p>Ensik\u00e4ynnille kannattaa varata 60min aika. Ensik\u00e4ynnill\u00e4 on t\u00e4rke\u00e4\u00e4 tutkia tarkasti vaivan laatu ja syyt, jotta hoito voidaan kohdistaa oikein. Toisaalta hoidolle, kuten manuaaliselle k\u00e4sittelylle on hyv\u00e4 olla riitt\u00e4v\u00e4sti aikaa. Lis\u00e4ksi ensik\u00e4ynnill\u00e4 on t\u00e4rke\u00e4\u00e4 k\u00e4yd\u00e4 l\u00e4pi sopivat itsehoito-ohjeet.<\/p>\n<p>Varaa aika fysioterapiaan netist\u00e4 www.fysiosilta.fi<\/p>\n<p>Tervetuloa ja n\u00e4hd\u00e4\u00e4n klinikalla!<\/p>\n<p>&#8211; Tuomas, Fysioterapeutti, Koulutettu hieroja<\/p>\n","protected":false},"excerpt":{"rendered":"<p>T\u00e4sm\u00e4llist\u00e4 ja monipuolista apua kipu- ja j\u00e4nnitystiloihin, rasitusvammoihin ja psykofyysisiin oireisiin.<\/p>\n<p>Ajanvaraus fysioterapiaan <a href=\"http:\/\/www.fysiosilta.fi\">www.fysiosilta.fi<\/a><\/p>\n","protected":false},"featured_media":354,"comment_status":"open","ping_status":"closed","template":"","meta":{"_acf_changed":false,"_kad_post_transparent":"default","_kad_post_title":"","_kad_post_layout":"default","_kad_post_sidebar_id":"","_kad_post_content_style":"default","_kad_post_vertical_padding":"default","_kad_post_feature":"","_kad_post_feature_position":"","_kad_post_header":false,"_kad_post_footer":false,"_kad_post_classname":""},"product_brand":[],"product_cat":[32,31,21,15],"product_tag":[],"class_list":{"0":"post-290","1":"product","2":"type-product","3":"status-publish","4":"has-post-thumbnail","6":"product_cat-fysioterapia","7":"product_cat-hieronta","8":"product_cat-hyvinvointi","9":"product_cat-yleinen","11":"first","12":"instock","13":"virtual","14":"purchasable","15":"product-type-simple","16":"entry","17":"content-bg","18":"loop-entry"},"acf":[],"_links":{"self":[{"href":"https:\/\/marketplace.epassi.fi\/fysiosilta\/wp-json\/wp\/v2\/product\/290","targetHints":{"allow":["GET"]}}],"collection":[{"href":"https:\/\/marketplace.epassi.fi\/fysiosilta\/wp-json\/wp\/v2\/product"}],"about":[{"href":"https:\/\/marketplace.epassi.fi\/fysiosilta\/wp-json\/wp\/v2\/types\/product"}],"replies":[{"embeddable":true,"href":"https:\/\/marketplace.epassi.fi\/fysiosilta\/wp-json\/wp\/v2\/comments?post=290"}],"wp:featuredmedia":[{"embeddable":true,"href":"https:\/\/marketplace.epassi.fi\/fysiosilta\/wp-json\/wp\/v2\/media\/354"}],"wp:attachment":[{"href":"https:\/\/marketplace.epassi.fi\/fysiosilta\/wp-json\/wp\/v2\/media?parent=290"}],"wp:term":[{"taxonomy":"product_brand","embeddable":true,"href":"https:\/\/marketplace.epassi.fi\/fysiosilta\/wp-json\/wp\/v2\/product_brand?post=290"},{"taxonomy":"product_cat","embeddable":true,"href":"https:\/\/marketplace.epassi.fi\/fysiosilta\/wp-json\/wp\/v2\/product_cat?post=290"},{"taxonomy":"product_tag","embeddable":true,"href":"https:\/\/marketplace.epassi.fi\/fysiosilta\/wp-json\/wp\/v2\/product_tag?post=290"}],"curies":[{"name":"wp","href":"https:\/\/api.w.org\/{rel}","templated":true}]}}