{"id":343,"date":"2024-03-24T17:27:08","date_gmt":"2024-03-24T15:27:08","guid":{"rendered":"https:\/\/marketplace.epassi.fi\/fysiosilta\/?post_type=product&#038;p=343"},"modified":"2025-10-30T15:44:48","modified_gmt":"2025-10-30T13:44:48","slug":"hieronta-60min","status":"publish","type":"product","link":"https:\/\/marketplace.epassi.fi\/fysiosilta\/kauppa\/hyvinvointi\/fysioterapia\/hieronta-60min\/","title":{"rendered":"Hieronta 60min"},"content":{"rendered":"<p class=\"sqsrte-small\">Hieronnasta on hy\u00f6ty\u00e4 kaikille nuorista varttuneempiin ihmisiin. Monet ammatit p\u00e4\u00e4tety\u00f6st\u00e4 fyysisesti kuormittaviin ty\u00f6teht\u00e4viin voivat aiheuttaa kireyksi\u00e4 ja yksipuolista ylirasitusta kehoon. Liikunta auttaa huoltamaan kehoa, mutta my\u00f6s joskus my\u00f6s aktiiviliikkujat kaipaavat tehostettua ja monipuolista kehonhuoltoa.<\/p>\n<p>Ajanvaraus hierontaan www.fysiosilta.fi<\/p>\n<p><strong>Mit\u00e4 hieronnalla voidaan hoitoaa?<\/strong><\/p>\n<ul>\n<li>Niskan kipu- ja j\u00e4nnitystilat<\/li>\n<li>Niskaper\u00e4inen p\u00e4\u00e4ns\u00e4rky<\/li>\n<li>Purentalihasten h\u00e4iri\u00f6t<\/li>\n<li>Sel\u00e4n kipu ja j\u00e4ykkyys<\/li>\n<li>Fyysinen ja psyykkinen palautuminen<\/li>\n<li>Aktiiviliikkujan lihashuolto<\/li>\n<\/ul>\n<p>Jokainen hierontak\u00e4ynti on yksil\u00f6llinen ja sis\u00e4lt\u00e4\u00e4 tilanteen ja tarpeen mukaan manuaalisen k\u00e4sittelyn, kehon toiminnallisen arvioinnin ja yksil\u00f6lliset kehonhuolto-ohjeet.<\/p>\n<p>60min aika on sopiva esimerkiksi niska-hartiaseudun hoitoon tai alaraajojen palauttavaan k\u00e4sittelyyn.<\/p>\n<p>Varaa aika hierontaan netist\u00e4 www.fysiosilta.fi<\/p>\n<p>Tervetuloa ja n\u00e4hd\u00e4\u00e4n klinikalla!<\/p>\n<p>&#8211; Tuomas Paavola, Fysioterapeutti, Koulutettu hieroja<\/p>\n","protected":false},"excerpt":{"rendered":"<p>Hieronta on tehokas tapa lievitt\u00e4\u00e4 kehon kipu- ja j\u00e4nnitystiloja sek\u00e4 edesauttaa kehon ja mielen palautumista.<\/p>\n<p>Ajanvaraus hierontaan <a href=\"http:\/\/www.fysiosilta.fi\">www.fysiosilta.fi<\/a><\/p>\n","protected":false},"featured_media":344,"comment_status":"open","ping_status":"closed","template":"","meta":{"_acf_changed":false,"_kad_post_transparent":"default","_kad_post_title":"","_kad_post_layout":"default","_kad_post_sidebar_id":"","_kad_post_content_style":"default","_kad_post_vertical_padding":"default","_kad_post_feature":"","_kad_post_feature_position":"","_kad_post_header":false,"_kad_post_footer":false,"_kad_post_classname":""},"product_brand":[],"product_cat":[32,31,21,15],"product_tag":[],"class_list":{"0":"post-343","1":"product","2":"type-product","3":"status-publish","4":"has-post-thumbnail","6":"product_cat-fysioterapia","7":"product_cat-hieronta","8":"product_cat-hyvinvointi","9":"product_cat-yleinen","11":"first","12":"instock","13":"virtual","14":"purchasable","15":"product-type-simple","16":"entry","17":"content-bg","18":"loop-entry"},"acf":[],"_links":{"self":[{"href":"https:\/\/marketplace.epassi.fi\/fysiosilta\/wp-json\/wp\/v2\/product\/343","targetHints":{"allow":["GET"]}}],"collection":[{"href":"https:\/\/marketplace.epassi.fi\/fysiosilta\/wp-json\/wp\/v2\/product"}],"about":[{"href":"https:\/\/marketplace.epassi.fi\/fysiosilta\/wp-json\/wp\/v2\/types\/product"}],"replies":[{"embeddable":true,"href":"https:\/\/marketplace.epassi.fi\/fysiosilta\/wp-json\/wp\/v2\/comments?post=343"}],"wp:featuredmedia":[{"embeddable":true,"href":"https:\/\/marketplace.epassi.fi\/fysiosilta\/wp-json\/wp\/v2\/media\/344"}],"wp:attachment":[{"href":"https:\/\/marketplace.epassi.fi\/fysiosilta\/wp-json\/wp\/v2\/media?parent=343"}],"wp:term":[{"taxonomy":"product_brand","embeddable":true,"href":"https:\/\/marketplace.epassi.fi\/fysiosilta\/wp-json\/wp\/v2\/product_brand?post=343"},{"taxonomy":"product_cat","embeddable":true,"href":"https:\/\/marketplace.epassi.fi\/fysiosilta\/wp-json\/wp\/v2\/product_cat?post=343"},{"taxonomy":"product_tag","embeddable":true,"href":"https:\/\/marketplace.epassi.fi\/fysiosilta\/wp-json\/wp\/v2\/product_tag?post=343"}],"curies":[{"name":"wp","href":"https:\/\/api.w.org\/{rel}","templated":true}]}}