{"id":378,"date":"2024-09-30T16:44:26","date_gmt":"2024-09-30T13:44:26","guid":{"rendered":"https:\/\/marketplace.epassi.fi\/fysioterapeuttininakilpia\/?post_type=product&#038;p=378"},"modified":"2025-10-30T14:18:15","modified_gmt":"2025-10-30T12:18:15","slug":"osteopatia","status":"publish","type":"product","link":"https:\/\/marketplace.epassi.fi\/fysioterapeuttininakilpia\/kauppa\/hyvinvointi\/fysioterapia\/osteopatia\/","title":{"rendered":"Osteopatia"},"content":{"rendered":"<p>Osteopatiaa Helsingin It\u00e4keskuksessa ja Espoon Kalaj\u00e4rvell\u00e4.<br \/>\nAjanvaraus www.fysioterapeuttininakilpia.com .<\/p>\n","protected":false},"excerpt":{"rendered":"<p>Osteopatiaa Helsingin It\u00e4keskuksessa ja Espoon Kalaj\u00e4rvell\u00e4. Ajanvaraus www.fysioterapeuttininakilpia.com .<\/p>\n","protected":false},"featured_media":0,"comment_status":"open","ping_status":"closed","template":"","meta":{"_acf_changed":false,"_kad_post_transparent":"default","_kad_post_title":"","_kad_post_layout":"default","_kad_post_sidebar_id":"","_kad_post_content_style":"default","_kad_post_vertical_padding":"default","_kad_post_feature":"","_kad_post_feature_position":"","_kad_post_header":false,"_kad_post_footer":false,"_kad_post_classname":""},"product_brand":[],"product_cat":[32,31,21],"product_tag":[],"class_list":{"0":"post-378","1":"product","2":"type-product","3":"status-publish","5":"product_cat-fysioterapia","6":"product_cat-hieronta","7":"product_cat-hyvinvointi","9":"first","10":"instock","11":"taxable","12":"shipping-taxable","13":"purchasable","14":"product-type-simple","15":"entry","16":"content-bg","17":"loop-entry"},"acf":[],"_links":{"self":[{"href":"https:\/\/marketplace.epassi.fi\/fysioterapeuttininakilpia\/wp-json\/wp\/v2\/product\/378","targetHints":{"allow":["GET"]}}],"collection":[{"href":"https:\/\/marketplace.epassi.fi\/fysioterapeuttininakilpia\/wp-json\/wp\/v2\/product"}],"about":[{"href":"https:\/\/marketplace.epassi.fi\/fysioterapeuttininakilpia\/wp-json\/wp\/v2\/types\/product"}],"replies":[{"embeddable":true,"href":"https:\/\/marketplace.epassi.fi\/fysioterapeuttininakilpia\/wp-json\/wp\/v2\/comments?post=378"}],"wp:attachment":[{"href":"https:\/\/marketplace.epassi.fi\/fysioterapeuttininakilpia\/wp-json\/wp\/v2\/media?parent=378"}],"wp:term":[{"taxonomy":"product_brand","embeddable":true,"href":"https:\/\/marketplace.epassi.fi\/fysioterapeuttininakilpia\/wp-json\/wp\/v2\/product_brand?post=378"},{"taxonomy":"product_cat","embeddable":true,"href":"https:\/\/marketplace.epassi.fi\/fysioterapeuttininakilpia\/wp-json\/wp\/v2\/product_cat?post=378"},{"taxonomy":"product_tag","embeddable":true,"href":"https:\/\/marketplace.epassi.fi\/fysioterapeuttininakilpia\/wp-json\/wp\/v2\/product_tag?post=378"}],"curies":[{"name":"wp","href":"https:\/\/api.w.org\/{rel}","templated":true}]}}