{"id":274,"date":"2021-10-16T11:14:50","date_gmt":"2021-10-16T08:14:50","guid":{"rendered":"https:\/\/marketplace.epassi.fi\/fysmedi\/?post_type=product&#038;p=274"},"modified":"2025-10-30T14:13:07","modified_gmt":"2025-10-30T12:13:07","slug":"kinesioteippaus","status":"publish","type":"product","link":"https:\/\/marketplace.epassi.fi\/fysmedi\/kauppa\/hyvinvointi\/kinesioteippaus\/","title":{"rendered":"Kinesioteippaus"},"content":{"rendered":"<div>Haluaisitko helpotusta kipuun tai kankeisiin niveliin? Kinesioteippaus on monipuolinen teippausmenetelm\u00e4, joka soveltuu erilaisten tuki- ja liikuntaelimist\u00f6n ja neurologisten ongelmien hoitoon ja kuntoutukseen. T\u00e4llaisia ovat esimerkiksi erilaiset kiputilat, turvotukset sek\u00e4 lihastoiminnan ja liikemallin h\u00e4iri\u00f6t.<\/div>\n<div><\/div>\n<div class=\"h5\">KINESIOTEIPPAUS LIS\u00c4\u00c4 JA PARANTAA MM.<\/div>\n<ul>\n<li>Nivelten liikkuvuutta<\/li>\n<li>Kehontuntemusta<\/li>\n<li>Asennon ja liikkeen hallintaa<\/li>\n<li>Lihastoiminnan parempaa kohdistumista<\/li>\n<li>Verenkiertoa ja imunestevirtausta (lymfa)<\/li>\n<li>Nivelmekaniikkaa, niveltukea ja haitallisten liikesuuntien v\u00e4ltt\u00e4mist\u00e4 (esim. subluksaatio)<\/li>\n<li>Lihastoiminnan normalisoitumista<\/li>\n<\/ul>\n<p>Teippauksessa k\u00e4ytet\u00e4\u00e4n kinesioteippi\u00e4, joka vastaa painoltaan ja paksuudeltaan ihoa. Teippi on 100 %:sta puuvillaa ja elastisuudeltaan 30\u201340 % venyv\u00e4\u00e4 materiaalia. Akryylipohjainen teippiliima ei tavallisesti aiheuta allergiaa eik\u00e4 tunnu k\u00e4yt\u00f6ss\u00e4 ep\u00e4miellytt\u00e4v\u00e4lt\u00e4.<\/p>\n<p>Kinesioteippi\u00e4 voidaan k\u00e4ytt\u00e4\u00e4 3-5 p\u00e4iv\u00e4st\u00e4 viikkoon asti teippilaadusta, asettelusta, ihosta sek\u00e4 hoidettavasta kohdasta riippuen. Teippaus ei est\u00e4 suihkussa k\u00e4ynti\u00e4.<\/p>\n","protected":false},"excerpt":{"rendered":"<p>Helpotusta kipuun tai kankeisiin niveliin<\/p>\n","protected":false},"featured_media":269,"comment_status":"open","ping_status":"closed","template":"","meta":{"_acf_changed":false,"_kad_post_transparent":"default","_kad_post_title":"","_kad_post_layout":"default","_kad_post_sidebar_id":"","_kad_post_content_style":"default","_kad_post_vertical_padding":"default","_kad_post_feature":"","_kad_post_feature_position":"","_kad_post_header":false,"_kad_post_footer":false,"_kad_post_classname":""},"product_brand":[],"product_cat":[21,15],"product_tag":[],"class_list":{"0":"post-274","1":"product","2":"type-product","3":"status-publish","4":"has-post-thumbnail","6":"product_cat-hyvinvointi","7":"product_cat-yleinen","9":"first","10":"instock","11":"virtual","12":"purchasable","13":"product-type-simple","14":"entry","15":"content-bg","16":"loop-entry"},"acf":[],"_links":{"self":[{"href":"https:\/\/marketplace.epassi.fi\/fysmedi\/wp-json\/wp\/v2\/product\/274","targetHints":{"allow":["GET"]}}],"collection":[{"href":"https:\/\/marketplace.epassi.fi\/fysmedi\/wp-json\/wp\/v2\/product"}],"about":[{"href":"https:\/\/marketplace.epassi.fi\/fysmedi\/wp-json\/wp\/v2\/types\/product"}],"replies":[{"embeddable":true,"href":"https:\/\/marketplace.epassi.fi\/fysmedi\/wp-json\/wp\/v2\/comments?post=274"}],"wp:featuredmedia":[{"embeddable":true,"href":"https:\/\/marketplace.epassi.fi\/fysmedi\/wp-json\/wp\/v2\/media\/269"}],"wp:attachment":[{"href":"https:\/\/marketplace.epassi.fi\/fysmedi\/wp-json\/wp\/v2\/media?parent=274"}],"wp:term":[{"taxonomy":"product_brand","embeddable":true,"href":"https:\/\/marketplace.epassi.fi\/fysmedi\/wp-json\/wp\/v2\/product_brand?post=274"},{"taxonomy":"product_cat","embeddable":true,"href":"https:\/\/marketplace.epassi.fi\/fysmedi\/wp-json\/wp\/v2\/product_cat?post=274"},{"taxonomy":"product_tag","embeddable":true,"href":"https:\/\/marketplace.epassi.fi\/fysmedi\/wp-json\/wp\/v2\/product_tag?post=274"}],"curies":[{"name":"wp","href":"https:\/\/api.w.org\/{rel}","templated":true}]}}