{"id":290,"date":"2021-10-20T17:09:46","date_gmt":"2021-10-20T14:09:46","guid":{"rendered":"https:\/\/marketplace.epassi.fi\/fysmedi\/?post_type=product&#038;p=290"},"modified":"2025-10-30T14:13:00","modified_gmt":"2025-10-30T12:13:00","slug":"fysioterapia","status":"publish","type":"product","link":"https:\/\/marketplace.epassi.fi\/fysmedi\/kauppa\/hyvinvointi\/fysioterapia\/fysioterapia\/","title":{"rendered":"Fysioterapia"},"content":{"rendered":"<p>Fysioterapia on ihmisen fyysisen toimintakyvyn ja terveyden edist\u00e4mist\u00e4.<\/p>\n<p>Fysioterapeuttinen ohjaus ja -neuvonta, terapeuttinen harjoittelu, manuaaliset k\u00e4sittelyt sek\u00e4 fysikaaliset hoitomenetelm\u00e4t kuuluvat fysioterapeutin toimenkuvaan. Fysioterapiaa hy\u00f6dynnet\u00e4\u00e4n esimerkiksi kivunhoidossa, kuntoutuksessa sek\u00e4 toimintakyvyn arvioinnissa.<\/p>\n","protected":false},"excerpt":{"rendered":"<p>Neurologinen fysioterapia sek\u00e4 tuki- ja liikuntaelinsairauksien fysioterapia<\/p>\n","protected":false},"featured_media":322,"comment_status":"open","ping_status":"closed","template":"","meta":{"_acf_changed":false,"_kad_post_transparent":"default","_kad_post_title":"","_kad_post_layout":"default","_kad_post_sidebar_id":"","_kad_post_content_style":"default","_kad_post_vertical_padding":"default","_kad_post_feature":"","_kad_post_feature_position":"","_kad_post_header":false,"_kad_post_footer":false,"_kad_post_classname":""},"product_brand":[],"product_cat":[32,21,15],"product_tag":[],"class_list":{"0":"post-290","1":"product","2":"type-product","3":"status-publish","4":"has-post-thumbnail","6":"product_cat-fysioterapia","7":"product_cat-hyvinvointi","8":"product_cat-yleinen","10":"first","11":"instock","12":"purchasable","13":"product-type-variable","14":"entry","15":"content-bg","16":"loop-entry"},"acf":[],"_links":{"self":[{"href":"https:\/\/marketplace.epassi.fi\/fysmedi\/wp-json\/wp\/v2\/product\/290","targetHints":{"allow":["GET"]}}],"collection":[{"href":"https:\/\/marketplace.epassi.fi\/fysmedi\/wp-json\/wp\/v2\/product"}],"about":[{"href":"https:\/\/marketplace.epassi.fi\/fysmedi\/wp-json\/wp\/v2\/types\/product"}],"replies":[{"embeddable":true,"href":"https:\/\/marketplace.epassi.fi\/fysmedi\/wp-json\/wp\/v2\/comments?post=290"}],"wp:featuredmedia":[{"embeddable":true,"href":"https:\/\/marketplace.epassi.fi\/fysmedi\/wp-json\/wp\/v2\/media\/322"}],"wp:attachment":[{"href":"https:\/\/marketplace.epassi.fi\/fysmedi\/wp-json\/wp\/v2\/media?parent=290"}],"wp:term":[{"taxonomy":"product_brand","embeddable":true,"href":"https:\/\/marketplace.epassi.fi\/fysmedi\/wp-json\/wp\/v2\/product_brand?post=290"},{"taxonomy":"product_cat","embeddable":true,"href":"https:\/\/marketplace.epassi.fi\/fysmedi\/wp-json\/wp\/v2\/product_cat?post=290"},{"taxonomy":"product_tag","embeddable":true,"href":"https:\/\/marketplace.epassi.fi\/fysmedi\/wp-json\/wp\/v2\/product_tag?post=290"}],"curies":[{"name":"wp","href":"https:\/\/api.w.org\/{rel}","templated":true}]}}