{"id":338,"date":"2022-06-12T22:23:18","date_gmt":"2022-06-12T19:23:18","guid":{"rendered":"https:\/\/marketplace.epassi.fi\/galahieronta\/?post_type=product&#038;p=338"},"modified":"2025-10-30T15:51:08","modified_gmt":"2025-10-30T13:51:08","slug":"recoverpass-4x-60min","status":"publish","type":"product","link":"https:\/\/marketplace.epassi.fi\/galahieronta\/kauppa\/hyvinvointi\/hieronta\/recoverpass-4x-60min\/","title":{"rendered":"Recoverpass (4x 60min)"},"content":{"rendered":"<div class=\"woocommerce-product-details__short-description\">\n<div class=\"block footer-widget-1\">\n<div id=\"text-2\" class=\"widget widget_text\"><span style=\"font-family: var(--global-body-font-family);\">Sarjakortti on voimassa 6 kuukautta ostohetkest\u00e4.<\/span><\/div>\n<div>HUOM. Sarjakortit ovat henkil\u00f6kohtaisia.<\/div>\n<\/div>\n<\/div>\n","protected":false},"excerpt":{"rendered":"<p>Recoverpass sopii yll\u00e4pit\u00e4v\u00e4\u00e4n hierontaan, tarkoittaen hierontaan menemiseen 3-4 viikon v\u00e4lein. Sopii erinomaisesti aloituspassin jatkeeksi.<\/p>\n","protected":false},"featured_media":342,"comment_status":"open","ping_status":"closed","template":"","meta":{"_acf_changed":false,"_kad_post_transparent":"default","_kad_post_title":"","_kad_post_layout":"default","_kad_post_sidebar_id":"","_kad_post_content_style":"default","_kad_post_vertical_padding":"default","_kad_post_feature":"","_kad_post_feature_position":"","_kad_post_header":false,"_kad_post_footer":false,"_kad_post_classname":""},"product_brand":[],"product_cat":[31,21],"product_tag":[],"class_list":{"0":"post-338","1":"product","2":"type-product","3":"status-publish","4":"has-post-thumbnail","6":"product_cat-hieronta","7":"product_cat-hyvinvointi","9":"first","10":"instock","11":"virtual","12":"sold-individually","13":"taxable","14":"purchasable","15":"product-type-simple","16":"entry","17":"content-bg","18":"loop-entry"},"acf":[],"_links":{"self":[{"href":"https:\/\/marketplace.epassi.fi\/galahieronta\/wp-json\/wp\/v2\/product\/338","targetHints":{"allow":["GET"]}}],"collection":[{"href":"https:\/\/marketplace.epassi.fi\/galahieronta\/wp-json\/wp\/v2\/product"}],"about":[{"href":"https:\/\/marketplace.epassi.fi\/galahieronta\/wp-json\/wp\/v2\/types\/product"}],"replies":[{"embeddable":true,"href":"https:\/\/marketplace.epassi.fi\/galahieronta\/wp-json\/wp\/v2\/comments?post=338"}],"wp:featuredmedia":[{"embeddable":true,"href":"https:\/\/marketplace.epassi.fi\/galahieronta\/wp-json\/wp\/v2\/media\/342"}],"wp:attachment":[{"href":"https:\/\/marketplace.epassi.fi\/galahieronta\/wp-json\/wp\/v2\/media?parent=338"}],"wp:term":[{"taxonomy":"product_brand","embeddable":true,"href":"https:\/\/marketplace.epassi.fi\/galahieronta\/wp-json\/wp\/v2\/product_brand?post=338"},{"taxonomy":"product_cat","embeddable":true,"href":"https:\/\/marketplace.epassi.fi\/galahieronta\/wp-json\/wp\/v2\/product_cat?post=338"},{"taxonomy":"product_tag","embeddable":true,"href":"https:\/\/marketplace.epassi.fi\/galahieronta\/wp-json\/wp\/v2\/product_tag?post=338"}],"curies":[{"name":"wp","href":"https:\/\/api.w.org\/{rel}","templated":true}]}}