{"id":351,"date":"2022-06-13T21:43:38","date_gmt":"2022-06-13T18:43:38","guid":{"rendered":"https:\/\/marketplace.epassi.fi\/galahieronta\/?post_type=product&#038;p=351"},"modified":"2025-11-25T11:17:08","modified_gmt":"2025-11-25T09:17:08","slug":"purennan-starttipassi","status":"publish","type":"product","link":"https:\/\/marketplace.epassi.fi\/galahieronta\/kauppa\/hyvinvointi\/hieronta\/purennan-starttipassi\/","title":{"rendered":"Purennan starttipassi"},"content":{"rendered":"<div class=\"woocommerce-product-details__short-description\">\n<div class=\"block footer-widget-1\">\n<div id=\"text-2\" class=\"widget widget_text\"><span style=\"font-family: var(--global-body-font-family);\">Sarjakortti on voimassa 2 kuukautta ostohetkest\u00e4.<\/span><\/div>\n<\/div>\n<\/div>\n<div>\n<div class=\"woocommerce-product-details__short-description\">\n<div class=\"block footer-widget-1\">\n<div id=\"text-2\" class=\"widget widget_text\">\n<div>HUOM. Sarjakortit ovat henkil\u00f6kohtaisia.<\/div>\n<\/div>\n<\/div>\n<\/div>\n<\/div>\n","protected":false},"excerpt":{"rendered":"<p>P\u00e4\u00e4ns\u00e4rky\u00e4, migreeni\u00e4, hampaiden narskuttelua, puremista, leuassa omituista tunnetta? Paljon puhety\u00f6t\u00e4 tekevill\u00e4 taikka laulajilla on usein kireyksi\u00e4 n\u00e4ill\u00e4 alueilla.<\/p>\n<p>T\u00e4ll\u00e4 paketilla saadaan lievitetty\u00e4 sek\u00e4 rentoutettua lihasj\u00e4nnityksi\u00e4 p\u00e4\u00e4n ja kasvojen sek\u00e4 niska ja hartiaseudun alueella.<\/p>\n<p>Sarjakortti sis\u00e4lt\u00e4\u00e4 60min ensik\u00e4ynnin, sek\u00e4 45 min jatkok\u00e4ynnin.<\/p>\n","protected":false},"featured_media":352,"comment_status":"open","ping_status":"closed","template":"","meta":{"_acf_changed":false,"_kad_post_transparent":"default","_kad_post_title":"","_kad_post_layout":"default","_kad_post_sidebar_id":"","_kad_post_content_style":"default","_kad_post_vertical_padding":"default","_kad_post_feature":"","_kad_post_feature_position":"","_kad_post_header":false,"_kad_post_footer":false,"_kad_post_classname":""},"product_brand":[],"product_cat":[31,21],"product_tag":[],"class_list":{"0":"post-351","1":"product","2":"type-product","3":"status-publish","4":"has-post-thumbnail","6":"product_cat-hieronta","7":"product_cat-hyvinvointi","9":"first","10":"instock","11":"virtual","12":"sold-individually","13":"taxable","14":"purchasable","15":"product-type-simple","16":"entry","17":"content-bg","18":"loop-entry"},"acf":[],"_links":{"self":[{"href":"https:\/\/marketplace.epassi.fi\/galahieronta\/wp-json\/wp\/v2\/product\/351","targetHints":{"allow":["GET"]}}],"collection":[{"href":"https:\/\/marketplace.epassi.fi\/galahieronta\/wp-json\/wp\/v2\/product"}],"about":[{"href":"https:\/\/marketplace.epassi.fi\/galahieronta\/wp-json\/wp\/v2\/types\/product"}],"replies":[{"embeddable":true,"href":"https:\/\/marketplace.epassi.fi\/galahieronta\/wp-json\/wp\/v2\/comments?post=351"}],"wp:featuredmedia":[{"embeddable":true,"href":"https:\/\/marketplace.epassi.fi\/galahieronta\/wp-json\/wp\/v2\/media\/352"}],"wp:attachment":[{"href":"https:\/\/marketplace.epassi.fi\/galahieronta\/wp-json\/wp\/v2\/media?parent=351"}],"wp:term":[{"taxonomy":"product_brand","embeddable":true,"href":"https:\/\/marketplace.epassi.fi\/galahieronta\/wp-json\/wp\/v2\/product_brand?post=351"},{"taxonomy":"product_cat","embeddable":true,"href":"https:\/\/marketplace.epassi.fi\/galahieronta\/wp-json\/wp\/v2\/product_cat?post=351"},{"taxonomy":"product_tag","embeddable":true,"href":"https:\/\/marketplace.epassi.fi\/galahieronta\/wp-json\/wp\/v2\/product_tag?post=351"}],"curies":[{"name":"wp","href":"https:\/\/api.w.org\/{rel}","templated":true}]}}