{"id":22,"date":"2021-09-13T17:45:59","date_gmt":"2021-09-13T17:45:59","guid":{"rendered":"https:\/\/marketplace.epassi.fi\/gogoexpress\/?page_id=22"},"modified":"2021-10-12T10:57:35","modified_gmt":"2021-10-12T10:57:35","slug":"info","status":"publish","type":"page","link":"https:\/\/marketplace.epassi.fi\/gogoexpress\/info\/","title":{"rendered":"Info"},"content":{"rendered":"\n\t<div class=\"entry-content single-content\">\n\n\t\t<div class=\"wp-block-columns\" style=\"gap:30px\">\n\t\t\t<div class=\"wp-block-column\">\n\t\t\t\t<h2>GOGO Express -kuntosalit: Treenaa alk. 19,90 \u20ac\/kk<\/h2>\n\t\t\t\t<p><p>GOGO Express -kuntosalit - Valitse kotimainen!<\/p>\n<p>Vain alkaen 19,90 eurolla saat laadukkaat, turvalliset ja avarat kuntosalipuitteet - aina parhaalla hinta-laatusuhteella! L\u00e4mpim\u00e4sti tervetuloa!<\/p>\n<\/p>\n\t\t\t\t<h3>GOGO Express -kuntosalit<\/h3>\n\t\t\t\t<p>Koko Suomi<br>\n\t\t\t\t\tKoko Suomi Koko Suomi<\/p>\n\t\t\t\t<p><a href=\"tel:0102871490\">0102871490<\/a><\/p>\n\t\t\t\t<p><a href=\"mailto:lielahti@gogoexpress.fi\">lielahti@gogoexpress.fi<\/a><\/p>\n\n\t\t\t\t<h2>Toimipisteet<\/h2><div class=\"info-page-location-list\"><div class=\"info-page-location\"><h3>Tampere<\/h3><p>Kirvi\u00e4l\u00e4nkatu 1, 33580 Tampere<\/p><p><p><a href=\"https:\/\/www.google.com\/maps\/search\/?api=1&query=Google&query_place_id=ChIJRetkJXsgj0YRNVUGcdnRdN4\">Katso sijainti kartalla <span>&#8599;<\/span><\/a><\/p><\/p><p><\/p><\/div><div class=\"info-page-location\"><h3>Nokia<\/h3><p>Yritt\u00e4j\u00e4katu 16, 37100 Nokia<\/p><p><p><a href=\"https:\/\/www.google.com\/maps\/search\/?api=1&query=Google&query_place_id=ChIJawU8JjnXjkYR0Eai5ortxto\">Katso sijainti kartalla <span>&#8599;<\/span><\/a><\/p><\/p><p><\/p><\/div><div class=\"info-page-location\"><h3>Pirkkala<\/h3><p>Kenk\u00e4tie 4, 33950 Pirkkala<\/p><p><p><a href=\"https:\/\/www.google.com\/maps\/search\/?api=1&query=Google&query_place_id=ChIJDQN4_dnYjkYRgN7w0QvlVas\">Katso sijainti kartalla <span>&#8599;<\/span><\/a><\/p><\/p><p><\/p><\/div><div class=\"info-page-location\"><h3>Jyv\u00e4skyl\u00e4 Savela <\/h3><p>Onkapannu 1, 40700 Jyv\u00e4skyl\u00e4<\/p><p><p><a href=\"https:\/\/www.google.com\/maps\/search\/?api=1&query=Google&query_place_id=ChIJqU6b4i50hUYR9KFrtrxLTBk\">Katso sijainti kartalla <span>&#8599;<\/span><\/a><\/p><\/p><p><\/p><\/div><div class=\"info-page-location\"><h3>Jyv\u00e4skyl\u00e4 Sepp\u00e4l\u00e4<\/h3><p>Vasarakatu 27, 40320 Jyv\u00e4skyl\u00e4<\/p><p><p><a href=\"https:\/\/www.google.com\/maps\/search\/?api=1&query=Google&query_place_id=ChIJwQp4q2Z0hUYRRdadQsocANY\">Katso sijainti kartalla <span>&#8599;<\/span><\/a><\/p><\/p><p><\/p><\/div><div class=\"info-page-location\"><h3>Turku Skanssi<\/h3><p>Biolinja 20, 20750 Turku<\/p><p><p><a href=\"https:\/\/www.google.com\/maps\/search\/?api=1&query=Google&query_place_id=ChIJxSXcqyp3jEYRLbRLxzyv0lY\">Katso sijainti kartalla <span>&#8599;<\/span><\/a><\/p><\/p><p><\/p><\/div><div class=\"info-page-location\"><h3>Turku L\u00e4nsikeskus<\/h3><p>Viilarinkatu 5, 20320 Turku<\/p><p><p><a href=\"https:\/\/www.google.com\/maps\/search\/?api=1&query=Google&query_place_id=ChIJ113EJT52jEYRVu-gFI1usdI\">Katso sijainti kartalla <span>&#8599;<\/span><\/a><\/p><\/p><p><\/p><\/div><div class=\"info-page-location\"><h3>Espoo Olari<\/h3><p>Kuitinm\u00e4entie 26, 02240 Espoo<\/p><p><p><a href=\"https:\/\/www.google.com\/maps\/search\/?api=1&query=Google&query_place_id=ChIJcY9YvZ_1jUYRv_CeHNIOhP0\">Katso sijainti kartalla <span>&#8599;<\/span><\/a><\/p><\/p><p><\/p><\/div><div class=\"info-page-location\"><h3>Pori<\/h3><p>Liisankatu 2-4, 28100 Pori<\/p><p><p><a href=\"https:\/\/www.google.com\/maps\/search\/?api=1&query=Google&query_place_id=ChIJT-xYMikLiUYRNsHdCh8Tu0Q\">Katso sijainti kartalla <span>&#8599;<\/span><\/a><\/p><\/p><p><\/p><\/div><div class=\"info-page-location\"><h3>Porvoo<\/h3><p>Werner S\u00f6derstr\u00f6min katu 23, 06150 Porvoo<\/p><p><p><a href=\"https:\/\/www.google.com\/maps\/search\/?api=1&query=Google&query_place_id=ChIJy8EM0G71kUYRNJf2jf4Vr0Q\">Katso sijainti kartalla <span>&#8599;<\/span><\/a><\/p><\/p><p><\/p><\/div><\/div>\t\t\t<\/div>\n\n\t\t\t<div class=\"wp-block-column\">\n\t\t\t\t<figure class=\"wp-block-image size-large\"><img loading=\"lazy\" decoding=\"async\" width=\"768\" height=\"512\" src=\"https:\/\/marketplace.epassi.fi\/gogoexpress\/wp-content\/uploads\/sites\/177\/2021\/11\/Gogo-Summer-2020-030-768x512.jpg\" class=\"attachment-medium_large size-medium_large\" alt=\"mies ja nainen gogo express -kuntosalilla\" \/><\/figure>\n\t\t\t<\/div>\n\t\t<\/div>\n\t<\/div>\n\t\n","protected":false},"excerpt":{"rendered":"","protected":false},"author":2,"featured_media":0,"parent":0,"menu_order":0,"comment_status":"closed","ping_status":"closed","template":"","meta":{"_acf_changed":false,"_kad_post_transparent":"","_kad_post_title":"","_kad_post_layout":"","_kad_post_sidebar_id":"","_kad_post_content_style":"","_kad_post_vertical_padding":"","_kad_post_feature":"","_kad_post_feature_position":"","_kad_post_header":false,"_kad_post_footer":false,"_kad_post_classname":"","footnotes":""},"class_list":["post-22","page","type-page","status-publish","hentry"],"acf":[],"_links":{"self":[{"href":"https:\/\/marketplace.epassi.fi\/gogoexpress\/wp-json\/wp\/v2\/pages\/22","targetHints":{"allow":["GET"]}}],"collection":[{"href":"https:\/\/marketplace.epassi.fi\/gogoexpress\/wp-json\/wp\/v2\/pages"}],"about":[{"href":"https:\/\/marketplace.epassi.fi\/gogoexpress\/wp-json\/wp\/v2\/types\/page"}],"author":[{"embeddable":true,"href":"https:\/\/marketplace.epassi.fi\/gogoexpress\/wp-json\/wp\/v2\/users\/2"}],"replies":[{"embeddable":true,"href":"https:\/\/marketplace.epassi.fi\/gogoexpress\/wp-json\/wp\/v2\/comments?post=22"}],"version-history":[{"count":10,"href":"https:\/\/marketplace.epassi.fi\/gogoexpress\/wp-json\/wp\/v2\/pages\/22\/revisions"}],"predecessor-version":[{"id":264,"href":"https:\/\/marketplace.epassi.fi\/gogoexpress\/wp-json\/wp\/v2\/pages\/22\/revisions\/264"}],"wp:attachment":[{"href":"https:\/\/marketplace.epassi.fi\/gogoexpress\/wp-json\/wp\/v2\/media?parent=22"}],"curies":[{"name":"wp","href":"https:\/\/api.w.org\/{rel}","templated":true}]}}