{"id":290,"date":"2021-10-20T17:09:46","date_gmt":"2021-10-20T14:09:46","guid":{"rendered":"https:\/\/marketplace.epassi.fi\/gogoexpress\/?post_type=product&#038;p=290"},"modified":"2026-01-01T05:01:52","modified_gmt":"2026-01-01T03:01:52","slug":"12-kk-yksi-sali-1800e-kk","status":"publish","type":"product","link":"https:\/\/marketplace.epassi.fi\/gogoexpress\/kauppa\/liikuntaedut\/kuntosali\/12-kk-yksi-sali-1800e-kk\/","title":{"rendered":"12 KK &#8211; YKSI SALI 23,90 \u20ac \/KK + LIITTYMISMAKSU 19,90 \u20ac"},"content":{"rendered":"<div class=\"product_more line col-xs-12 col-sm-12 col-md-12 col-lg-12\"><span style=\"font-family: var(--global-body-font-family)\">TREENAA VAIN 23,90 \u20ac\/kk + liittyminen 19,90 \u20ac. J\u00e4senyytesi sis\u00e4lt\u00e4\u00e4 k\u00e4ytt\u00f6oikeuden valitsemallesi GOGO Express -kuntosalille (pl. Arena)\u00a0<\/span><\/div>\n","protected":false},"excerpt":{"rendered":"<p><span style=\"font-family: var(--global-body-font-family)\">Maksat nyt liittymismaksun 19,90 \u20ac ja ensimm\u00e4isen kuukauden treenimaksut 23,90 \u20ac. J\u00e4senyytesi sis\u00e4lt\u00e4\u00e4 k\u00e4ytt\u00f6oikeuden valitsemallesi GOGO Express -kuntosalille pl. Arena. J\u00e4senyys on aloitettava 3 kk sis\u00e4ll\u00e4 ostotapahtumasta. J\u00e4senyys sis\u00e4lt\u00e4\u00e4 12 per\u00e4kk\u00e4ist\u00e4 kuukautta. J\u00e4senyytesi odottaa sinua nimell\u00e4si ensimm\u00e4isell\u00e4 k\u00e4yntikerrallasi omalla GOGO Express -kuntosalillasi, tervetuloa! Katso henkil\u00f6kunnan paikallaolo ajat t\u00e4\u00e4lt\u00e4 <a href=\"https:\/\/gogoexpress.fi\/yhteystiedot\/\">https:\/\/gogoexpress.fi\/yhteystiedot\/<\/a> Ps. Merkitseth\u00e4n lis\u00e4tess\u00e4si yhteystietojasi my\u00f6s keskuksen nimen jonne haluat asiakkuutesi (kohta: <\/span><span style=\"font-family: var(--global-body-font-family);font-size: 17px;font-weight: 400\">Tilauksen kommentit).<\/span><\/p>\n","protected":false},"featured_media":323,"comment_status":"open","ping_status":"closed","template":"","meta":{"_acf_changed":false,"_kad_post_transparent":"default","_kad_post_title":"","_kad_post_layout":"default","_kad_post_sidebar_id":"","_kad_post_content_style":"default","_kad_post_vertical_padding":"default","_kad_post_feature":"","_kad_post_feature_position":"","_kad_post_header":false,"_kad_post_footer":false,"_kad_post_classname":""},"product_brand":[],"product_cat":[23,19],"product_tag":[],"class_list":{"0":"post-290","1":"product","2":"type-product","3":"status-publish","4":"has-post-thumbnail","6":"product_cat-kuntosali","7":"product_cat-liikuntaedut","9":"first","10":"instock","11":"virtual","12":"taxable","13":"purchasable","14":"product-type-simple","15":"entry","16":"content-bg","17":"loop-entry"},"acf":[],"_links":{"self":[{"href":"https:\/\/marketplace.epassi.fi\/gogoexpress\/wp-json\/wp\/v2\/product\/290","targetHints":{"allow":["GET"]}}],"collection":[{"href":"https:\/\/marketplace.epassi.fi\/gogoexpress\/wp-json\/wp\/v2\/product"}],"about":[{"href":"https:\/\/marketplace.epassi.fi\/gogoexpress\/wp-json\/wp\/v2\/types\/product"}],"replies":[{"embeddable":true,"href":"https:\/\/marketplace.epassi.fi\/gogoexpress\/wp-json\/wp\/v2\/comments?post=290"}],"wp:featuredmedia":[{"embeddable":true,"href":"https:\/\/marketplace.epassi.fi\/gogoexpress\/wp-json\/wp\/v2\/media\/323"}],"wp:attachment":[{"href":"https:\/\/marketplace.epassi.fi\/gogoexpress\/wp-json\/wp\/v2\/media?parent=290"}],"wp:term":[{"taxonomy":"product_brand","embeddable":true,"href":"https:\/\/marketplace.epassi.fi\/gogoexpress\/wp-json\/wp\/v2\/product_brand?post=290"},{"taxonomy":"product_cat","embeddable":true,"href":"https:\/\/marketplace.epassi.fi\/gogoexpress\/wp-json\/wp\/v2\/product_cat?post=290"},{"taxonomy":"product_tag","embeddable":true,"href":"https:\/\/marketplace.epassi.fi\/gogoexpress\/wp-json\/wp\/v2\/product_tag?post=290"}],"curies":[{"name":"wp","href":"https:\/\/api.w.org\/{rel}","templated":true}]}}