{"id":22,"date":"2021-09-13T17:45:59","date_gmt":"2021-09-13T17:45:59","guid":{"rendered":"https:\/\/marketplace.epassi.fi\/govuokatti\/?page_id=22"},"modified":"2021-10-12T10:57:35","modified_gmt":"2021-10-12T10:57:35","slug":"info","status":"publish","type":"page","link":"https:\/\/marketplace.epassi.fi\/govuokatti\/info\/","title":{"rendered":"Info"},"content":{"rendered":"\n\t<div class=\"entry-content single-content\">\n\n\t\t<div class=\"wp-block-columns\" style=\"gap:30px\">\n\t\t\t<div class=\"wp-block-column\">\n\t\t\t\t<h2>Go Vuokatti - Tervetuloa hauskanpitoon!<\/h2>\n\t\t\t\t<p><p>GoVuokatin laadukkaista ohjelmista l\u00f6yd\u00e4t sopivat tekemiset monenlaisiin tilanteisiin. Tarjoamme aktiviteetit perheen yhteiseen aikaan tai suurempaan tilaisuuteen esimerkiksi yrityksen ty\u00f6hyvinvointip\u00e4iv\u00e4\u00e4n. Megazone laser tag, VR-Room Virtual Reality sek\u00e4 The Great Escape pakohuoneet  on varattavissa suoraan netist\u00e4 tai puhelimitse esimerkiksi perheen ilta ohjelmaksi.<\/p>\n<p>Lis\u00e4ksi GO Vuokatin lahjakortit k\u00e4yv\u00e4t my\u00f6s GO Vuokatin Vesiel\u00e4myskeskuksessa, miss\u00e4 voit maksaa lahjakortilla esimekriksi SUP-lautailun, Wakeboardingin tai vesipuiston!<\/p>\n<p>Paintball, tiimikisailut sek\u00e4 muut suuremmat tapahtumat ja palvelukokonaisuudet voit varata yhteydenottopyynn\u00f6ll\u00e4, s\u00e4hk\u00f6postitse tai puhelimitse. Tervetuloa kokemaan j\u00e4nnitt\u00e4vi\u00e4 el\u00e4myksi\u00e4 yksin tai yhdess\u00e4!<\/p>\n<p>Tuomme tarvittaessa ohjelmamme ja kalustomme asiakkaan toivomaan paikkaan. Esimerkiksi suositut tiimikisailumme toimivat r\u00e4\u00e4t\u00e4l\u00f6idysti  yrityksen ulko- tai sis\u00e4tiloissa.<\/p>\n<p>Muistathan, ett\u00e4 E-Passilla ostetut lahjakortit ovat henkil\u00f6kohtaiseen k\u00e4ytt\u00f6\u00f6n ja niihin p\u00e4tev\u00e4t E-Passin yleiset k\u00e4ytt\u00f6ehdot.<\/p>\n<\/p>\n\t\t\t\t<h3>GO Vuokatti<\/h3>\n\t\t\t\t<p>Linturinteenkatu 1<br>\n\t\t\t\t\t88610 Vuokatti<\/p>\n\t\t\t\t<p><a href=\"tel:+358458716603\">+358458716603<\/a><\/p>\n\t\t\t\t<p><a href=\"mailto:myynti@govuokatti.fi\">myynti@govuokatti.fi<\/a><\/p>\n\n\t\t\t\t<h2>Toimipisteet<\/h2><div class=\"info-page-location-list\"><div class=\"info-page-location\"><h3>Go Vuokatti<\/h3><p>Linturinteenkatu 1, 88610 Vuokatti<\/p><p><a href=\"tel:+358 45 180 9200\">+358 45 180 9200<\/a><br><a href=\"mail:myynti@govuokatti.fi\">myynti@govuokatti.fi<\/a><p><a href=\"https:\/\/www.google.com\/maps\/search\/?api=1&query=Google&query_place_id=ChIJa8ky4WTxgkYRrBirZQySKlU\">Katso sijainti kartalla <span>&#8599;<\/span><\/a><\/p><\/p><p>Tervetuloa GO Vuokatin monipuolisten aktiviteettien pariin!\r\n\r\nT\u00e4st\u00e4 verkkokaupasta ostettu lahjakortti k\u00e4y maksutapana GO Vuokatin ja GO Vuokatin Vesiel\u00e4myskeskuksen aktiviteeteissa, pois lukien pakohuonepelit. Huomioithan ett\u00e4 lahjakortti on henkil\u00f6kohtaiseen k\u00e4ytt\u00f6\u00f6n ja siihen p\u00e4tee E-Passin yleiset k\u00e4ytt\u00f6ehdot.\r\n\r\nKatso lis\u00e4\u00e4 palveluistamme www.govuokatti.fi\r\n\r\nTervetuloa hauskanpitoon!<\/p><\/div><div class=\"info-page-location\"><h3>GO Vuokatin Vesiel\u00e4myskeskus<\/h3><p>Veikontie 4, 88610 Kainuu<\/p><p><a href=\"tel:+358 45 180 9200\">+358 45 180 9200<\/a><br><a href=\"mail:myynti@govuokatti.fi\">myynti@govuokatti.fi<\/a><p><a href=\"https:\/\/www.google.com\/maps\/search\/?api=1&query=Google&query_place_id=ChIJiS2P1nLxgkYROQtw9uYR4xU\">Katso sijainti kartalla <span>&#8599;<\/span><\/a><\/p><\/p><p>Tervetuloa GO Vuokatin monipuolisten aktiviteettien pariin!\r\n\r\nT\u00e4st\u00e4 verkkokaupasta ostettu lahjakortti k\u00e4y maksutapana GO Vuokatin ja GO Vuokatin Vesiel\u00e4myskeskuksen aktiviteeteissa, pois lukien pakohuonepelit. Huomioithan ett\u00e4 lahjakortti on henkil\u00f6kohtaiseen k\u00e4ytt\u00f6\u00f6n ja siihen p\u00e4tee E-Passin yleiset k\u00e4ytt\u00f6ehdot.\r\n\r\nKatso lis\u00e4\u00e4 palveluistamme www.govuokatti.fi\r\n\r\nTervetuloa hauskanpitoon!<\/p><\/div><\/div>\t\t\t<\/div>\n\n\t\t\t<div class=\"wp-block-column\">\n\t\t\t\t<figure class=\"wp-block-image size-large\"><img loading=\"lazy\" decoding=\"async\" width=\"768\" height=\"576\" src=\"https:\/\/marketplace.epassi.fi\/govuokatti\/wp-content\/uploads\/sites\/209\/2025\/12\/DJI_0893-768x576.jpg\" class=\"attachment-medium_large size-medium_large\" alt=\"\" \/><\/figure>\n\t\t\t<\/div>\n\t\t<\/div>\n\t<\/div>\n\t\n","protected":false},"excerpt":{"rendered":"","protected":false},"author":2,"featured_media":0,"parent":0,"menu_order":0,"comment_status":"closed","ping_status":"closed","template":"","meta":{"_acf_changed":false,"_kad_post_transparent":"","_kad_post_title":"","_kad_post_layout":"","_kad_post_sidebar_id":"","_kad_post_content_style":"","_kad_post_vertical_padding":"","_kad_post_feature":"","_kad_post_feature_position":"","_kad_post_header":false,"_kad_post_footer":false,"_kad_post_classname":"","footnotes":""},"class_list":["post-22","page","type-page","status-publish","hentry"],"acf":[],"_links":{"self":[{"href":"https:\/\/marketplace.epassi.fi\/govuokatti\/wp-json\/wp\/v2\/pages\/22","targetHints":{"allow":["GET"]}}],"collection":[{"href":"https:\/\/marketplace.epassi.fi\/govuokatti\/wp-json\/wp\/v2\/pages"}],"about":[{"href":"https:\/\/marketplace.epassi.fi\/govuokatti\/wp-json\/wp\/v2\/types\/page"}],"author":[{"embeddable":true,"href":"https:\/\/marketplace.epassi.fi\/govuokatti\/wp-json\/wp\/v2\/users\/2"}],"replies":[{"embeddable":true,"href":"https:\/\/marketplace.epassi.fi\/govuokatti\/wp-json\/wp\/v2\/comments?post=22"}],"version-history":[{"count":10,"href":"https:\/\/marketplace.epassi.fi\/govuokatti\/wp-json\/wp\/v2\/pages\/22\/revisions"}],"predecessor-version":[{"id":264,"href":"https:\/\/marketplace.epassi.fi\/govuokatti\/wp-json\/wp\/v2\/pages\/22\/revisions\/264"}],"wp:attachment":[{"href":"https:\/\/marketplace.epassi.fi\/govuokatti\/wp-json\/wp\/v2\/media?parent=22"}],"curies":[{"name":"wp","href":"https:\/\/api.w.org\/{rel}","templated":true}]}}