{"id":413,"date":"2022-11-24T18:46:45","date_gmt":"2022-11-24T16:46:45","guid":{"rendered":"https:\/\/marketplace.epassi.fi\/govuokatti\/?post_type=product&#038;p=413"},"modified":"2025-12-31T01:03:33","modified_gmt":"2025-12-30T23:03:33","slug":"go-vuokatti-lahjakortti-110e","status":"publish","type":"product","link":"https:\/\/marketplace.epassi.fi\/govuokatti\/kauppa\/liikuntaedut\/liikunta-muut\/go-vuokatti-lahjakortti-110e\/","title":{"rendered":"GO Vuokatti lahjakortti 175\u20ac"},"content":{"rendered":"<p>T\u00e4m\u00e4 lahjakortti k\u00e4y maksutapana <strong>GO Vuokatin<\/strong> ja <strong>GO Vuokatin Vesiel\u00e4myskeskuksen<\/strong> <strong>aktiviteeteissa<\/strong>, pois lukien pakohuonepelit. Huomioithan ett\u00e4 lahjakortti on henkil\u00f6kohtaiseen k\u00e4ytt\u00f6\u00f6n ja siihen p\u00e4tee E-Passin yleiset k\u00e4ytt\u00f6ehdot.<\/p>\n<p>Lahjakortti on voimassa 6kk ostop\u00e4iv\u00e4st\u00e4.<\/p>\n<p>Katso lis\u00e4\u00e4 ja varaa www.govuokatti.fi<\/p>\n<p>Tervetuloa hauskanpitoon!<\/p>\n","protected":false},"excerpt":{"rendered":"<p>Lahjakortti Vesiel\u00e4myskeskuksen ja GO Vuokatin aktiviteetteihin !<br \/>\n(Pois lukien pakohuonepelit ja ravintola)<\/p>\n<p>Tervetuloa viihtym\u00e4\u00e4n!<\/p>\n","protected":false},"featured_media":638,"comment_status":"open","ping_status":"closed","template":"","meta":{"_acf_changed":false,"_kad_post_transparent":"default","_kad_post_title":"","_kad_post_layout":"default","_kad_post_sidebar_id":"","_kad_post_content_style":"default","_kad_post_vertical_padding":"default","_kad_post_feature":"","_kad_post_feature_position":"","_kad_post_header":false,"_kad_post_footer":false,"_kad_post_classname":""},"product_brand":[],"product_cat":[20,29,19],"product_tag":[],"class_list":{"0":"post-413","1":"product","2":"type-product","3":"status-publish","4":"has-post-thumbnail","6":"product_cat-kulttuuriedut","7":"product_cat-liikunta-muut","8":"product_cat-liikuntaedut","10":"first","11":"instock","12":"downloadable","13":"taxable","14":"shipping-taxable","15":"purchasable","16":"product-type-simple","17":"entry","18":"content-bg","19":"loop-entry"},"acf":[],"_links":{"self":[{"href":"https:\/\/marketplace.epassi.fi\/govuokatti\/wp-json\/wp\/v2\/product\/413","targetHints":{"allow":["GET"]}}],"collection":[{"href":"https:\/\/marketplace.epassi.fi\/govuokatti\/wp-json\/wp\/v2\/product"}],"about":[{"href":"https:\/\/marketplace.epassi.fi\/govuokatti\/wp-json\/wp\/v2\/types\/product"}],"replies":[{"embeddable":true,"href":"https:\/\/marketplace.epassi.fi\/govuokatti\/wp-json\/wp\/v2\/comments?post=413"}],"wp:featuredmedia":[{"embeddable":true,"href":"https:\/\/marketplace.epassi.fi\/govuokatti\/wp-json\/wp\/v2\/media\/638"}],"wp:attachment":[{"href":"https:\/\/marketplace.epassi.fi\/govuokatti\/wp-json\/wp\/v2\/media?parent=413"}],"wp:term":[{"taxonomy":"product_brand","embeddable":true,"href":"https:\/\/marketplace.epassi.fi\/govuokatti\/wp-json\/wp\/v2\/product_brand?post=413"},{"taxonomy":"product_cat","embeddable":true,"href":"https:\/\/marketplace.epassi.fi\/govuokatti\/wp-json\/wp\/v2\/product_cat?post=413"},{"taxonomy":"product_tag","embeddable":true,"href":"https:\/\/marketplace.epassi.fi\/govuokatti\/wp-json\/wp\/v2\/product_tag?post=413"}],"curies":[{"name":"wp","href":"https:\/\/api.w.org\/{rel}","templated":true}]}}