{"id":395,"date":"2024-10-31T14:39:50","date_gmt":"2024-10-31T12:39:50","guid":{"rendered":"https:\/\/marketplace.epassi.fi\/haminjooga\/?post_type=product&#038;p=395"},"modified":"2026-01-01T05:01:53","modified_gmt":"2026-01-01T03:01:53","slug":"tutustumispassi-3x","status":"publish","type":"product","link":"https:\/\/marketplace.epassi.fi\/haminjooga\/kauppa\/liikuntaedut\/jooga\/tutustumispassi-3x\/","title":{"rendered":"Tutustumispassi 3x"},"content":{"rendered":"","protected":false},"excerpt":{"rendered":"<p>T\u00e4m\u00e4 osto oikeuttaa kolmen kerran korttiin HaminJoogassa.<\/p>\n<p>Kortti on voimassa 1 kk ostohetkest\u00e4.<\/p>\n<p>N\u00e4in toimit:<\/p>\n<ol>\n<li>Valitse tuote ja maksa t\u00e4\u00e4ll\u00e4<\/li>\n<li>Varaa paikka haluamallesi tunnille<\/li>\n<li>N\u00e4yt\u00e4 kuitti maksusta\/tilausvahvistus kassalla kun saavut studiolle<\/li>\n<\/ol>\n<p>p\u00e4\u00e4set varaamaan joogatunnin osoitteessa www.haminjooga.fi<\/p>\n","protected":false},"featured_media":317,"comment_status":"open","ping_status":"closed","template":"","meta":{"_acf_changed":false,"_kad_post_transparent":"default","_kad_post_title":"","_kad_post_layout":"default","_kad_post_sidebar_id":"","_kad_post_content_style":"default","_kad_post_vertical_padding":"default","_kad_post_feature":"","_kad_post_feature_position":"","_kad_post_header":false,"_kad_post_footer":false,"_kad_post_classname":""},"product_brand":[],"product_cat":[25,19],"product_tag":[],"class_list":{"0":"post-395","1":"product","2":"type-product","3":"status-publish","4":"has-post-thumbnail","6":"product_cat-jooga","7":"product_cat-liikuntaedut","9":"first","10":"instock","11":"taxable","12":"shipping-taxable","13":"purchasable","14":"product-type-simple","15":"entry","16":"content-bg","17":"loop-entry"},"acf":[],"_links":{"self":[{"href":"https:\/\/marketplace.epassi.fi\/haminjooga\/wp-json\/wp\/v2\/product\/395","targetHints":{"allow":["GET"]}}],"collection":[{"href":"https:\/\/marketplace.epassi.fi\/haminjooga\/wp-json\/wp\/v2\/product"}],"about":[{"href":"https:\/\/marketplace.epassi.fi\/haminjooga\/wp-json\/wp\/v2\/types\/product"}],"replies":[{"embeddable":true,"href":"https:\/\/marketplace.epassi.fi\/haminjooga\/wp-json\/wp\/v2\/comments?post=395"}],"wp:featuredmedia":[{"embeddable":true,"href":"https:\/\/marketplace.epassi.fi\/haminjooga\/wp-json\/wp\/v2\/media\/317"}],"wp:attachment":[{"href":"https:\/\/marketplace.epassi.fi\/haminjooga\/wp-json\/wp\/v2\/media?parent=395"}],"wp:term":[{"taxonomy":"product_brand","embeddable":true,"href":"https:\/\/marketplace.epassi.fi\/haminjooga\/wp-json\/wp\/v2\/product_brand?post=395"},{"taxonomy":"product_cat","embeddable":true,"href":"https:\/\/marketplace.epassi.fi\/haminjooga\/wp-json\/wp\/v2\/product_cat?post=395"},{"taxonomy":"product_tag","embeddable":true,"href":"https:\/\/marketplace.epassi.fi\/haminjooga\/wp-json\/wp\/v2\/product_tag?post=395"}],"curies":[{"name":"wp","href":"https:\/\/api.w.org\/{rel}","templated":true}]}}