{"id":22,"date":"2021-09-13T17:45:59","date_gmt":"2021-09-13T17:45:59","guid":{"rendered":"https:\/\/marketplace.epassi.fi\/hammasmehilainen\/?page_id=22"},"modified":"2021-10-12T10:57:35","modified_gmt":"2021-10-12T10:57:35","slug":"info","status":"publish","type":"page","link":"https:\/\/marketplace.epassi.fi\/hammasmehilainen\/info\/","title":{"rendered":"Info"},"content":{"rendered":"\n\t<div class=\"entry-content single-content\">\n\n\t\t<div class=\"wp-block-columns\" style=\"gap:30px\">\n\t\t\t<div class=\"wp-block-column\">\n\t\t\t\t<h2>Hy\u00f6dynn\u00e4 hammashoitoetusi!<\/h2>\n\t\t\t\t<p><p>Hy\u00f6dynn\u00e4 hammashoitoetusi Hammas Mehil\u00e4isess\u00e4. Tarjoamme monipuoliset hammasl\u00e4\u00e4k\u00e4ripalvelut yli 35 eri vastaanotolla ymp\u00e4ri Suomen. <\/p>\n<p>Vastaanottomme ja lis\u00e4tietoa Hammas Mehil\u00e4isest\u00e4 l\u00f6yd\u00e4t <a href=\"https:\/\/www.mehilainen.fi\/haku?k=toimipisteet&amp;toimipistetyyppi=Hammasl%C3%A4%C3%A4k%C3%A4riasema\">t\u00e4\u00e4lt\u00e4<\/a>.<\/p>\n<\/p>\n\t\t\t\t<h3>Hammas Mehil\u00e4inen<\/h3>\n\t\t\t\t<p><br>\n\t\t\t\t\t <\/p>\n\t\t\t\t<p><a href=\"tel:\"><\/a><\/p>\n\t\t\t\t<p><a href=\"mailto:\"><\/a><\/p>\n\n\t\t\t\t<h2>Toimipisteet<\/h2><div class=\"info-page-location-list\"><div class=\"info-page-location\"><h3>Espoo Tapiola<\/h3><p>L\u00e4nsituuli V\u00e4stanvinden 1, 02100 Espoo<\/p><p><p><a href=\"https:\/\/www.google.com\/maps\/search\/?api=1&query=Google&query_place_id=ChIJAQBAaZj1jUYRhp4flxZWLvU\">Katso sijainti kartalla <span>&#8599;<\/span><\/a><\/p><\/p><p><\/p><\/div><div class=\"info-page-location\"><h3>Espoo Iso Omena<\/h3><p>Piispansilta 11, 02230 Espoo<\/p><p><p><a href=\"https:\/\/www.google.com\/maps\/search\/?api=1&query=Google&query_place_id=ChIJF-2OgB31jUYRK6_YHs3w49Q\">Katso sijainti kartalla <span>&#8599;<\/span><\/a><\/p><\/p><p><\/p><\/div><div class=\"info-page-location\"><h3>Espoo Lepp\u00e4vaara<\/h3><p>Hevosenkenk\u00e4 3, 02600 Espoo<\/p><p><p><a href=\"https:\/\/www.google.com\/maps\/search\/?api=1&query=Google&query_place_id=ChIJLfKt5Mr3jUYRf2vJYD1c6RQ\">Katso sijainti kartalla <span>&#8599;<\/span><\/a><\/p><\/p><p><\/p><\/div><div class=\"info-page-location\"><h3>Helsinki Fohammasmehil\u00e4inen <\/h3><p>Mannerheimintie 20 B, 00100 Helsinki<\/p><p><p><a href=\"https:\/\/www.google.com\/maps\/search\/?api=1&query=Google&query_place_id=ChIJ-wgPmswLkkYR14edvbUgW3E\">Katso sijainti kartalla <span>&#8599;<\/span><\/a><\/p><\/p><p><\/p><\/div><div class=\"info-page-location\"><h3>Helsinki Malmi<\/h3><p>Kirkonkyl\u00e4ntie 3 A, 00700 Helsinki<\/p><p><p><a href=\"https:\/\/www.google.com\/maps\/search\/?api=1&query=Google&query_place_id=ChIJrbzVwWYIkkYRzl6oLWPLLto\">Katso sijainti kartalla <span>&#8599;<\/span><\/a><\/p><\/p><p><\/p><\/div><div class=\"info-page-location\"><h3>Helsinki Stoma<\/h3><p>Yrj\u00f6nkatu 21 C, 00100 Helsinki<\/p><p><p><a href=\"https:\/\/www.google.com\/maps\/search\/?api=1&query=Google&query_place_id=ChIJ94HBOCMLkkYRpdoYon1KnW4\">Katso sijainti kartalla <span>&#8599;<\/span><\/a><\/p><\/p><p><\/p><\/div><div class=\"info-page-location\"><h3>Helsinki Ympyr\u00e4talo<\/h3><p>Siltasaarenkatu 18, 00530 Helsinki<\/p><p><p><a href=\"https:\/\/www.google.com\/maps\/search\/?api=1&query=Google&query_place_id=ChIJP4DsotULkkYROYVSrITQ2is\">Katso sijainti kartalla <span>&#8599;<\/span><\/a><\/p><\/p><p><\/p><\/div><div class=\"info-page-location\"><h3>Hyvink\u00e4\u00e4<\/h3><p>H\u00e4meenkatu 9, 05800 Hyvink\u00e4\u00e4<\/p><p><p><a href=\"https:\/\/www.google.com\/maps\/search\/?api=1&query=Google&query_place_id=ChIJMVlaaHoPjkYRGv6Xk6j5kMA\">Katso sijainti kartalla <span>&#8599;<\/span><\/a><\/p><\/p><p><\/p><\/div><div class=\"info-page-location\"><h3>H\u00e4meenlinna Talaskuja<\/h3><p>Talaskuja 3, 13200 H\u00e4meenlinna<\/p><p><p><a href=\"https:\/\/www.google.com\/maps\/search\/?api=1&query=Google&query_place_id=ChIJY0jhfZddjkYR0DRZzPHyeEQ\">Katso sijainti kartalla <span>&#8599;<\/span><\/a><\/p><\/p><p><\/p><\/div><div class=\"info-page-location\"><h3>Iisalmi<\/h3><p>Riistakatu 11, 74100 Iisalmi<\/p><p><p><a href=\"https:\/\/www.google.com\/maps\/search\/?api=1&query=Google&query_place_id=ChIJg2emlf6dg0YRYOrx2GapMfg\">Katso sijainti kartalla <span>&#8599;<\/span><\/a><\/p><\/p><p><\/p><\/div><div class=\"info-page-location\"><h3>Joensuu<\/h3><p>Rantakatu 24, 80100 Joensuu<\/p><p><p><a href=\"https:\/\/www.google.com\/maps\/search\/?api=1&query=Google&query_place_id=ChIJ9_mZb2OGm0YRZCfmz8gb6zg\">Katso sijainti kartalla <span>&#8599;<\/span><\/a><\/p><\/p><p><\/p><\/div><div class=\"info-page-location\"><h3>Jyv\u00e4skyl\u00e4 Kauppakatu<\/h3><p>Kauppakatu 35, 40100 Jyv\u00e4skyl\u00e4<\/p><p><p><a href=\"https:\/\/www.google.com\/maps\/search\/?api=1&query=Google&query_place_id=ChIJMdMQ9xZ0hUYR4v1cT8ICcMI\">Katso sijainti kartalla <span>&#8599;<\/span><\/a><\/p><\/p><p><\/p><\/div><div class=\"info-page-location\"><h3>Kajaani<\/h3><p>Kauppakatu 30, 87100 Kajaani<\/p><p><p><a href=\"https:\/\/www.google.com\/maps\/search\/?api=1&query=Google&query_place_id=ChIJQ9P1UPRbgkYRBX-knUHePt8\">Katso sijainti kartalla <span>&#8599;<\/span><\/a><\/p><\/p><p><\/p><\/div><div class=\"info-page-location\"><h3>Kiiminki<\/h3><p>Tuohimaantie 12, 90900 Kiiminki<\/p><p><p><a href=\"https:\/\/www.google.com\/maps\/search\/?api=1&query=Google&query_place_id=ChIJmzRZrajVgUYRxmTSFNyqU68\">Katso sijainti kartalla <span>&#8599;<\/span><\/a><\/p><\/p><p><\/p><\/div><div class=\"info-page-location\"><h3>Kotka <\/h3><p>Kirkkokatu 21, 48100 Kotka<\/p><p><p><a href=\"https:\/\/www.google.com\/maps\/search\/?api=1&query=Google&query_place_id=ChIJE2015IVzkUYRzYCE-tfurWo\">Katso sijainti kartalla <span>&#8599;<\/span><\/a><\/p><\/p><p><\/p><\/div><div class=\"info-page-location\"><h3>Kouvola<\/h3><p>Kauppamiehenkatu 4, 45100 Kouvola<\/p><p><p><a href=\"https:\/\/www.google.com\/maps\/search\/?api=1&query=Google&query_place_id=ChIJfxfEhW6zkUYRhNWEtz4cpwQ\">Katso sijainti kartalla <span>&#8599;<\/span><\/a><\/p><\/p><p><\/p><\/div><div class=\"info-page-location\"><h3>Kuopio Ajurinkatu <\/h3><p>Ajurinkatu 16, 70110 Kuopio<\/p><p><p><a href=\"https:\/\/www.google.com\/maps\/search\/?api=1&query=Google&query_place_id=ChIJ9_YuTYmwhEYRfBHllNRt5mE\">Katso sijainti kartalla <span>&#8599;<\/span><\/a><\/p><\/p><p><\/p><\/div><div class=\"info-page-location\"><h3>Lahti<\/h3><p>Sibeliuksenkatu 6 C, 15110 Lahti<\/p><p><p><a href=\"https:\/\/www.google.com\/maps\/search\/?api=1&query=Google&query_place_id=ChIJLePjXhgpjkYRGEm2ept34Z8\">Katso sijainti kartalla <span>&#8599;<\/span><\/a><\/p><\/p><p><\/p><\/div><div class=\"info-page-location\"><h3>Lappeenranta<\/h3><p>Kauppakatu 40 C, 53100 Lappeenranta<\/p><p><p><a href=\"https:\/\/www.google.com\/maps\/search\/?api=1&query=Google&query_place_id=ChIJqUs_WpiVkEYROMDvLqlo3i0\">Katso sijainti kartalla <span>&#8599;<\/span><\/a><\/p><\/p><p><\/p><\/div><div class=\"info-page-location\"><h3>Lohja<\/h3><p>Laurinkatu 34, 08100 Lohja<\/p><p><p><a href=\"https:\/\/www.google.com\/maps\/search\/?api=1&query=Google&query_place_id=ChIJf3mWk3q_jUYR9sdoz_BB5jU\">Katso sijainti kartalla <span>&#8599;<\/span><\/a><\/p><\/p><p><\/p><\/div><div class=\"info-page-location\"><h3>Mikkeli Porrassalmenkatu<\/h3><p>Porrassalmenkatu 16, 50100 Mikkeli<\/p><p><p><a href=\"https:\/\/www.google.com\/maps\/search\/?api=1&query=Google&query_place_id=ChIJYedjNnahmkYRfnErRW2v5Uo\">Katso sijainti kartalla <span>&#8599;<\/span><\/a><\/p><\/p><p><\/p><\/div><div class=\"info-page-location\"><h3>Nokia Nuijamiestentie<\/h3><p>Nuijamiestentie 5, 37120 Nokia<\/p><p><p><a href=\"https:\/\/www.google.com\/maps\/search\/?api=1&query=Google&query_place_id=ChIJ7xta4xTXjkYRjnjEIYZqQT4\">Katso sijainti kartalla <span>&#8599;<\/span><\/a><\/p><\/p><p><\/p><\/div><div class=\"info-page-location\"><h3>Oulu Kauppurienkatu<\/h3><p>Kauppurienkatu 9, 90100 Oulu<\/p><p><p><a href=\"https:\/\/www.google.com\/maps\/search\/?api=1&query=Google&query_place_id=ChIJt7hxmRgzgEYRBbeytf5drmU\">Katso sijainti kartalla <span>&#8599;<\/span><\/a><\/p><\/p><p><\/p><\/div><div class=\"info-page-location\"><h3>Pori<\/h3><p>Kuninkaantie 3, 28130 Pori<\/p><p><p><a href=\"https:\/\/www.google.com\/maps\/search\/?api=1&query=Google&query_place_id=ChIJ3Wty-7ALiUYRBHnU6fGAqQQ\">Katso sijainti kartalla <span>&#8599;<\/span><\/a><\/p><\/p><p><\/p><\/div><div class=\"info-page-location\"><h3>Porvoo<\/h3><p>N\u00e4sin Koulukatu 2, 06100 Porvoo<\/p><p><p><a href=\"https:\/\/www.google.com\/maps\/search\/?api=1&query=Google&query_place_id=ChIJ14fQZyn0kUYRqv-AQnwi3N8\">Katso sijainti kartalla <span>&#8599;<\/span><\/a><\/p><\/p><p><\/p><\/div><div class=\"info-page-location\"><h3>Rauma <\/h3><p>Sahankatu 2, 26100 Rauma<\/p><p><p><a href=\"https:\/\/www.google.com\/maps\/search\/?api=1&query=Google&query_place_id=ChIJd5FBVBZ_iUYRMm16d4oWEO8\">Katso sijainti kartalla <span>&#8599;<\/span><\/a><\/p><\/p><p><\/p><\/div><div class=\"info-page-location\"><h3>Rovaniemi<\/h3><p>Lampelankatu 6, 96100 Rovaniemi<\/p><p><p><a href=\"https:\/\/www.google.com\/maps\/search\/?api=1&query=Google&query_place_id=ChIJIRb5svNLK0QReP2oM9go2EU\">Katso sijainti kartalla <span>&#8599;<\/span><\/a><\/p><\/p><p><\/p><\/div><div class=\"info-page-location\"><h3>Salo<\/h3><p>Vilhonkatu 8, 24100 Salo<\/p><p><p><a href=\"https:\/\/www.google.com\/maps\/search\/?api=1&query=Google&query_place_id=ChIJ011NulVHjEYRZtR-Pc6peAk\">Katso sijainti kartalla <span>&#8599;<\/span><\/a><\/p><\/p><p><\/p><\/div><div class=\"info-page-location\"><h3>Sein\u00e4joku Keskuskatu<\/h3><p>Kauppakatu 1, 60100 Sein\u00e4joki<\/p><p><p><a href=\"https:\/\/www.google.com\/maps\/search\/?api=1&query=Google&query_place_id=ChIJe3AxI73Lh0YRMXzvU6Ppm3I\">Katso sijainti kartalla <span>&#8599;<\/span><\/a><\/p><\/p><p><\/p><\/div><div class=\"info-page-location\"><h3>Tampere H\u00e4meenkatu<\/h3><p>H\u00e4meenkatu 6, 33200 Tampere<\/p><p><p><a href=\"https:\/\/www.google.com\/maps\/search\/?api=1&query=Google&query_place_id=ChIJr-DPlq7YjkYRI_f4lgF_ljM\">Katso sijainti kartalla <span>&#8599;<\/span><\/a><\/p><\/p><p><\/p><\/div><div class=\"info-page-location\"><h3>Turku Kauppiaskatu<\/h3><p>Kauppiaskatu 8, 20100 Turku<\/p><p><p><a href=\"https:\/\/www.google.com\/maps\/search\/?api=1&query=Google&query_place_id=ChIJVUC-ksB3jEYRQMEhVfixOuE\">Katso sijainti kartalla <span>&#8599;<\/span><\/a><\/p><\/p><p><\/p><\/div><div class=\"info-page-location\"><h3>Turku NEO <\/h3><p>Joukahaisenkatu 6, 20520 Turku<\/p><p><p><a href=\"https:\/\/www.google.com\/maps\/search\/?api=1&query=Google&query_place_id=ChIJcRr37-d2jEYRnB0Ow-9EWfo\">Katso sijainti kartalla <span>&#8599;<\/span><\/a><\/p><\/p><p><\/p><\/div><div class=\"info-page-location\"><h3>Turku Tomodent<\/h3><p>Kauppiaskatu 8, 20100 Turku<\/p><p><p><a href=\"https:\/\/www.google.com\/maps\/search\/?api=1&query=Google&query_place_id=ChIJVUC-ksB3jEYRQMEhVfixOuE\">Katso sijainti kartalla <span>&#8599;<\/span><\/a><\/p><\/p><p><\/p><\/div><div class=\"info-page-location\"><h3>Uusikaupunki Koulukatu<\/h3><p>Koulukatu 1, 23500 Uusikaupunki<\/p><p><p><a href=\"https:\/\/www.google.com\/maps\/search\/?api=1&query=Google&query_place_id=ChIJO3sjsyXGi0YRqikILG5fqPg\">Katso sijainti kartalla <span>&#8599;<\/span><\/a><\/p><\/p><p><\/p><\/div><div class=\"info-page-location\"><h3>Vaasa<\/h3><p>Vaasanpuistikko 22, 65100 Vaasa<\/p><p><p><a href=\"https:\/\/www.google.com\/maps\/search\/?api=1&query=Google&query_place_id=ChIJy4gbo6FhfUYRWxJ88hi3YF8\">Katso sijainti kartalla <span>&#8599;<\/span><\/a><\/p><\/p><p><\/p><\/div><div class=\"info-page-location\"><h3>Vaasa Aurora<\/h3><p>Kirkkopuistikko 4, 65100 Vaasa<\/p><p><p><a href=\"https:\/\/www.google.com\/maps\/search\/?api=1&query=Google&query_place_id=ChIJByvwwltgfUYRa6THEjvONvo\">Katso sijainti kartalla <span>&#8599;<\/span><\/a><\/p><\/p><p><\/p><\/div><div class=\"info-page-location\"><h3>Vantaa Myyrm\u00e4ki <\/h3><p>Liesikuja 5, 01600 Vantaa<\/p><p><p><a href=\"https:\/\/www.google.com\/maps\/search\/?api=1&query=Google&query_place_id=ChIJpw97bcr3jUYRm7CYtwS2KoM\">Katso sijainti kartalla <span>&#8599;<\/span><\/a><\/p><\/p><p><\/p><\/div><div class=\"info-page-location\"><h3>Vantaa Tikkurila<\/h3><p>V\u00e4ritehtaankatu 8, 01300 Vantaa<\/p><p><p><a href=\"https:\/\/www.google.com\/maps\/search\/?api=1&query=Google&query_place_id=ChIJK3VC8LgHkkYRyz7Co0ct7e4\">Katso sijainti kartalla <span>&#8599;<\/span><\/a><\/p><\/p><p><\/p><\/div><\/div>\t\t\t<\/div>\n\n\t\t\t<div class=\"wp-block-column\">\n\t\t\t\t<figure class=\"wp-block-image size-large\"><img loading=\"lazy\" decoding=\"async\" width=\"768\" height=\"726\" src=\"https:\/\/marketplace.epassi.fi\/hammasmehilainen\/wp-content\/uploads\/sites\/179\/2022\/01\/hammasmehilainen_logo_pysty-3-768x726.jpg\" class=\"attachment-medium_large size-medium_large\" alt=\"\" \/><\/figure>\n\t\t\t<\/div>\n\t\t<\/div>\n\t<\/div>\n\t\n","protected":false},"excerpt":{"rendered":"","protected":false},"author":2,"featured_media":0,"parent":0,"menu_order":0,"comment_status":"closed","ping_status":"closed","template":"","meta":{"_acf_changed":false,"_kad_post_transparent":"","_kad_post_title":"","_kad_post_layout":"","_kad_post_sidebar_id":"","_kad_post_content_style":"","_kad_post_vertical_padding":"","_kad_post_feature":"","_kad_post_feature_position":"","_kad_post_header":false,"_kad_post_footer":false,"_kad_post_classname":"","footnotes":""},"class_list":["post-22","page","type-page","status-publish","hentry"],"acf":[],"_links":{"self":[{"href":"https:\/\/marketplace.epassi.fi\/hammasmehilainen\/wp-json\/wp\/v2\/pages\/22","targetHints":{"allow":["GET"]}}],"collection":[{"href":"https:\/\/marketplace.epassi.fi\/hammasmehilainen\/wp-json\/wp\/v2\/pages"}],"about":[{"href":"https:\/\/marketplace.epassi.fi\/hammasmehilainen\/wp-json\/wp\/v2\/types\/page"}],"author":[{"embeddable":true,"href":"https:\/\/marketplace.epassi.fi\/hammasmehilainen\/wp-json\/wp\/v2\/users\/2"}],"replies":[{"embeddable":true,"href":"https:\/\/marketplace.epassi.fi\/hammasmehilainen\/wp-json\/wp\/v2\/comments?post=22"}],"version-history":[{"count":10,"href":"https:\/\/marketplace.epassi.fi\/hammasmehilainen\/wp-json\/wp\/v2\/pages\/22\/revisions"}],"predecessor-version":[{"id":264,"href":"https:\/\/marketplace.epassi.fi\/hammasmehilainen\/wp-json\/wp\/v2\/pages\/22\/revisions\/264"}],"wp:attachment":[{"href":"https:\/\/marketplace.epassi.fi\/hammasmehilainen\/wp-json\/wp\/v2\/media?parent=22"}],"curies":[{"name":"wp","href":"https:\/\/api.w.org\/{rel}","templated":true}]}}