{"id":314,"date":"2021-12-10T15:16:06","date_gmt":"2021-12-10T13:16:06","guid":{"rendered":"https:\/\/marketplace.epassi.fi\/hammasmehilainen\/?post_type=product&#038;p=314"},"modified":"2022-01-27T19:33:01","modified_gmt":"2022-01-27T17:33:01","slug":"hammashoito","status":"publish","type":"product","link":"https:\/\/marketplace.epassi.fi\/hammasmehilainen\/kauppa\/hyvinvointi\/hammaslaakari\/hammashoito\/","title":{"rendered":"Hammashoito"},"content":{"rendered":"<p>Hy\u00f6dynn\u00e4 hammashoitoetusi Hammas Mehil\u00e4isess\u00e4. Tarjoamme monipuoliset hammasl\u00e4\u00e4k\u00e4ripalvelut yli 35 eri vastaanotolla ymp\u00e4ri Suomen.<\/p>\n<p>Vastaanottomme ja lis\u00e4tietoa Hammas Mehil\u00e4isest\u00e4 l\u00f6yd\u00e4t <a href=\"https:\/\/www.mehilainen.fi\/haku?k=toimipisteet&amp;toimipistetyyppi=Hammasl%C3%A4%C3%A4k%C3%A4riasema\">t\u00e4\u00e4lt\u00e4<\/a>.<\/p>\n<p>&nbsp;<\/p>\n","protected":false},"excerpt":{"rendered":"<p>Hy\u00f6dynn\u00e4 hammashoitoetusi Hammas Mehil\u00e4isess\u00e4. Tarjoamme monipuoliset hammasl\u00e4\u00e4k\u00e4ripalvelut yli 35 eri vastaanotolla ymp\u00e4ri Suomen.<\/p>\n<p>Vastaanottomme ja lis\u00e4tietoa Hammas Mehil\u00e4isest\u00e4 l\u00f6yd\u00e4t <a href=\"https:\/\/www.mehilainen.fi\/haku?k=toimipisteet&amp;toimipistetyyppi=Hammasl%C3%A4%C3%A4k%C3%A4riasema\">t\u00e4\u00e4lt\u00e4<\/a>.<\/p>\n","protected":false},"featured_media":315,"comment_status":"open","ping_status":"closed","template":"","meta":{"_acf_changed":false,"_kad_post_transparent":"default","_kad_post_title":"","_kad_post_layout":"default","_kad_post_sidebar_id":"","_kad_post_content_style":"default","_kad_post_vertical_padding":"default","_kad_post_feature":"","_kad_post_feature_position":"","_kad_post_header":false,"_kad_post_footer":false,"_kad_post_classname":""},"product_brand":[],"product_cat":[30,21],"product_tag":[],"class_list":{"0":"post-314","1":"product","2":"type-product","3":"status-publish","4":"has-post-thumbnail","6":"product_cat-hammaslaakari","7":"product_cat-hyvinvointi","9":"first","10":"instock","11":"taxable","12":"shipping-taxable","13":"product-type-simple","14":"entry","15":"content-bg","16":"loop-entry"},"acf":[],"_links":{"self":[{"href":"https:\/\/marketplace.epassi.fi\/hammasmehilainen\/wp-json\/wp\/v2\/product\/314","targetHints":{"allow":["GET"]}}],"collection":[{"href":"https:\/\/marketplace.epassi.fi\/hammasmehilainen\/wp-json\/wp\/v2\/product"}],"about":[{"href":"https:\/\/marketplace.epassi.fi\/hammasmehilainen\/wp-json\/wp\/v2\/types\/product"}],"replies":[{"embeddable":true,"href":"https:\/\/marketplace.epassi.fi\/hammasmehilainen\/wp-json\/wp\/v2\/comments?post=314"}],"wp:featuredmedia":[{"embeddable":true,"href":"https:\/\/marketplace.epassi.fi\/hammasmehilainen\/wp-json\/wp\/v2\/media\/315"}],"wp:attachment":[{"href":"https:\/\/marketplace.epassi.fi\/hammasmehilainen\/wp-json\/wp\/v2\/media?parent=314"}],"wp:term":[{"taxonomy":"product_brand","embeddable":true,"href":"https:\/\/marketplace.epassi.fi\/hammasmehilainen\/wp-json\/wp\/v2\/product_brand?post=314"},{"taxonomy":"product_cat","embeddable":true,"href":"https:\/\/marketplace.epassi.fi\/hammasmehilainen\/wp-json\/wp\/v2\/product_cat?post=314"},{"taxonomy":"product_tag","embeddable":true,"href":"https:\/\/marketplace.epassi.fi\/hammasmehilainen\/wp-json\/wp\/v2\/product_tag?post=314"}],"curies":[{"name":"wp","href":"https:\/\/api.w.org\/{rel}","templated":true}]}}