{"id":290,"date":"2021-10-20T17:09:46","date_gmt":"2021-10-20T17:09:46","guid":{"rendered":"https:\/\/marketplace.epassi.fi\/hammassirkku\/?post_type=product&#038;p=290"},"modified":"2025-11-20T19:30:36","modified_gmt":"2025-11-20T17:30:36","slug":"lahjakortti-hammashoitoon","status":"publish","type":"product","link":"https:\/\/marketplace.epassi.fi\/hammassirkku\/kauppa\/hyvinvointi\/hammaslaakari\/lahjakortti-hammashoitoon\/","title":{"rendered":"Lahjakortti hammashoitoon"},"content":{"rendered":"<p><strong>Tuotteen tiedot ja ehdot:<\/strong><\/p>\n<ul>\n<li>Lahjakortti oikeuttaa hammashoitoon kaikissa Hammassirkun kuudessa toimipisteess\u00e4 (Jyv\u00e4skyl\u00e4, Palokka, \u00c4\u00e4nekoski, Saarij\u00e4rvi, J\u00e4ms\u00e4 ja J\u00e4ms\u00e4nkoski)<\/li>\n<li>Lahjakortti on voimassa 12kk maksun tekemisest\u00e4<\/li>\n<li>K\u00e4ytt\u00e4m\u00e4tt\u00e4 j\u00e4\u00e4nytt\u00e4 lahjakorttia ei makseta rahana tai vanhentuneen lahjakortin voimassaoloaikaa ei pidennet\u00e4<\/li>\n<li>Lahjakortti on henkil\u00f6kohtainen<\/li>\n<li>Lahjakorttia ei voi k\u00e4ytt\u00e4\u00e4 esteettisiin hoitoihin, kuten valkaisuihin tai oikomishoitoihin<\/li>\n<li>Lahjakortilla ei voi ostaa myyntituotteita<\/li>\n<li>Lahjakortti tallennetaan ostajan tietoihin potilastietoj\u00e4rjestelm\u00e4\u00e4mme. Saat Marketplacelta tilausvahvistuksen onnistuneesta lahjakorttiostosta.<\/li>\n<\/ul>\n","protected":false},"excerpt":{"rendered":"<p>Hammassirkun lahjakorttia voi k\u00e4ytt\u00e4\u00e4 kaikkiin erikoishammasl\u00e4\u00e4k\u00e4rin, hammasl\u00e4\u00e4k\u00e4rin ja suuhygienistin palveluihin kaikilla Hammassirkun kuudella vastaanotolla. Lahjakortin voi ostaa vain henkil\u00f6kohtaiseen k\u00e4ytt\u00f6\u00f6n.<\/p>\n","protected":false},"featured_media":331,"comment_status":"open","ping_status":"closed","template":"","meta":{"_acf_changed":false,"_kad_post_transparent":"default","_kad_post_title":"","_kad_post_layout":"default","_kad_post_sidebar_id":"","_kad_post_content_style":"default","_kad_post_vertical_padding":"default","_kad_post_feature":"","_kad_post_feature_position":"","_kad_post_header":false,"_kad_post_footer":false,"_kad_post_classname":""},"product_brand":[],"product_cat":[30,21],"product_tag":[],"class_list":{"0":"post-290","1":"product","2":"type-product","3":"status-publish","4":"has-post-thumbnail","6":"product_cat-hammaslaakari","7":"product_cat-hyvinvointi","9":"first","10":"instock","11":"purchasable","12":"product-type-variable","13":"entry","14":"content-bg","15":"loop-entry"},"acf":[],"_links":{"self":[{"href":"https:\/\/marketplace.epassi.fi\/hammassirkku\/wp-json\/wp\/v2\/product\/290","targetHints":{"allow":["GET"]}}],"collection":[{"href":"https:\/\/marketplace.epassi.fi\/hammassirkku\/wp-json\/wp\/v2\/product"}],"about":[{"href":"https:\/\/marketplace.epassi.fi\/hammassirkku\/wp-json\/wp\/v2\/types\/product"}],"replies":[{"embeddable":true,"href":"https:\/\/marketplace.epassi.fi\/hammassirkku\/wp-json\/wp\/v2\/comments?post=290"}],"wp:featuredmedia":[{"embeddable":true,"href":"https:\/\/marketplace.epassi.fi\/hammassirkku\/wp-json\/wp\/v2\/media\/331"}],"wp:attachment":[{"href":"https:\/\/marketplace.epassi.fi\/hammassirkku\/wp-json\/wp\/v2\/media?parent=290"}],"wp:term":[{"taxonomy":"product_brand","embeddable":true,"href":"https:\/\/marketplace.epassi.fi\/hammassirkku\/wp-json\/wp\/v2\/product_brand?post=290"},{"taxonomy":"product_cat","embeddable":true,"href":"https:\/\/marketplace.epassi.fi\/hammassirkku\/wp-json\/wp\/v2\/product_cat?post=290"},{"taxonomy":"product_tag","embeddable":true,"href":"https:\/\/marketplace.epassi.fi\/hammassirkku\/wp-json\/wp\/v2\/product_tag?post=290"}],"curies":[{"name":"wp","href":"https:\/\/api.w.org\/{rel}","templated":true}]}}