{"id":22,"date":"2021-09-13T17:45:59","date_gmt":"2021-09-13T17:45:59","guid":{"rendered":"https:\/\/marketplace.epassi.fi\/hammassydan\/?page_id=22"},"modified":"2021-10-12T10:57:35","modified_gmt":"2021-10-12T10:57:35","slug":"info","status":"publish","type":"page","link":"https:\/\/marketplace.epassi.fi\/hammassydan\/info\/","title":{"rendered":"Info"},"content":{"rendered":"\n\t<div class=\"entry-content single-content\">\n\n\t\t<div class=\"wp-block-columns\" style=\"gap:30px\">\n\t\t\t<div class=\"wp-block-column\">\n\t\t\t\t<h2>Tietoa HammasSyd\u00e4mest\u00e4<\/h2>\n\t\t\t\t<p><p>HammasSyd\u00e4n on Laihialla sijaitseva suuhygienistin vastaanotto. HammasSyd\u00e4mess\u00e4 poistetaan hammaskive\u00e4, tehd\u00e4\u00e4n suun ja hampaiden terveystarkastuksia, hampaiden valkaisuja, poistetaan hampaista v\u00e4rj\u00e4ym\u00e4t ja tehd\u00e4\u00e4n purentalihasten hierontaa. Voit maksaa pankkikortilla tai ePassilla. Yksityishammasl\u00e4\u00e4k\u00e4rin l\u00e4hetteell\u00e4 Kela-korvaus.  Sinua palvelee yritt\u00e4j\u00e4- suuhygienisti Henrika Koivusalo, tervetuloa!<\/p>\n<p>Avoinna: Maanantaisin 8.00-16.00, tiistaisin 12.00-20.00, keskiviikkoisin 12.00-20.00, joka kuun viimeinen lauantai klo 9.00-15.00<\/p>\n<p>Suuhygienisti on Valviran laillistama ja valvoma terveydenhuollon ammattinimike. Suuhygienistin koulutus tapahtuu ammattikorkeakoulussa ja kest\u00e4\u00e4 4,5 vuotta. Suuhygienisti hoitaa ja yll\u00e4pit\u00e4\u00e4 hampaiden ja suun terveytt\u00e4 poistamalla hammaskive\u00e4, bakteeriplakkia ja v\u00e4rj\u00e4ym\u00e4\u00e4 hampaiden pinnoilta. V\u00e4hint\u00e4\u00e4n yht\u00e4 t\u00e4rke\u00e4\u00e4 on asiakkaan neuvonta, ohjaaminen ja motivointi suun omahoitoon. Suuri osa suuhygienisteist\u00e4 ty\u00f6skentelee palkansaajina kunnallisissa ja yksityisill\u00e4 hammasl\u00e4\u00e4k\u00e4riasemilla, mutta osa on itsen\u00e4isi\u00e4 ammatinharjoittajia, kuten HammasSyd\u00e4men Henrika Koivusalo.<\/p>\n<\/p>\n\t\t\t\t<h3>HammasSyd\u00e4n<\/h3>\n\t\t\t\t<p>Kauppatie 1 a 3<br>\n\t\t\t\t\t66400 Laihia<\/p>\n\t\t\t\t<p><a href=\"tel:050 4156096\">050 4156096<\/a><\/p>\n\t\t\t\t<p><a href=\"mailto:info@hammassydan.fi\">info@hammassydan.fi<\/a><\/p>\n\n\t\t\t\t<h2>Toimipisteet<\/h2><div class=\"info-page-location-list\"><div class=\"info-page-location\"><h3>Laihia<\/h3><p>Kauppatie 1, 66400 Laihia<\/p><p><p><a href=\"https:\/\/www.google.com\/maps\/search\/?api=1&query=Google&query_place_id=ChIJ49SRu-jth0YRchiPjT94w2s\">Katso sijainti kartalla <span>&#8599;<\/span><\/a><\/p><\/p><p><\/p><\/div><\/div>\t\t\t<\/div>\n\n\t\t\t<div class=\"wp-block-column\">\n\t\t\t\t<figure class=\"wp-block-image size-large\"><img loading=\"lazy\" decoding=\"async\" width=\"768\" height=\"512\" src=\"https:\/\/marketplace.epassi.fi\/hammassydan\/wp-content\/uploads\/sites\/222\/2022\/01\/0K0A1723-Valokuva_Christoffer_Bjorklund-tuolin-takana-seisten-768x512.jpg\" class=\"attachment-medium_large size-medium_large\" alt=\"HammasSyd\u00e4n suuhygienisti Henrika Koivusalo\" \/><\/figure>\n\t\t\t<\/div>\n\t\t<\/div>\n\t<\/div>\n\t\n","protected":false},"excerpt":{"rendered":"","protected":false},"author":2,"featured_media":0,"parent":0,"menu_order":0,"comment_status":"closed","ping_status":"closed","template":"","meta":{"_acf_changed":false,"_kad_post_transparent":"","_kad_post_title":"","_kad_post_layout":"","_kad_post_sidebar_id":"","_kad_post_content_style":"","_kad_post_vertical_padding":"","_kad_post_feature":"","_kad_post_feature_position":"","_kad_post_header":false,"_kad_post_footer":false,"_kad_post_classname":"","footnotes":""},"class_list":["post-22","page","type-page","status-publish","hentry"],"acf":[],"_links":{"self":[{"href":"https:\/\/marketplace.epassi.fi\/hammassydan\/wp-json\/wp\/v2\/pages\/22","targetHints":{"allow":["GET"]}}],"collection":[{"href":"https:\/\/marketplace.epassi.fi\/hammassydan\/wp-json\/wp\/v2\/pages"}],"about":[{"href":"https:\/\/marketplace.epassi.fi\/hammassydan\/wp-json\/wp\/v2\/types\/page"}],"author":[{"embeddable":true,"href":"https:\/\/marketplace.epassi.fi\/hammassydan\/wp-json\/wp\/v2\/users\/2"}],"replies":[{"embeddable":true,"href":"https:\/\/marketplace.epassi.fi\/hammassydan\/wp-json\/wp\/v2\/comments?post=22"}],"version-history":[{"count":10,"href":"https:\/\/marketplace.epassi.fi\/hammassydan\/wp-json\/wp\/v2\/pages\/22\/revisions"}],"predecessor-version":[{"id":264,"href":"https:\/\/marketplace.epassi.fi\/hammassydan\/wp-json\/wp\/v2\/pages\/22\/revisions\/264"}],"wp:attachment":[{"href":"https:\/\/marketplace.epassi.fi\/hammassydan\/wp-json\/wp\/v2\/media?parent=22"}],"curies":[{"name":"wp","href":"https:\/\/api.w.org\/{rel}","templated":true}]}}