{"id":331,"date":"2022-03-08T18:13:31","date_gmt":"2022-03-08T16:13:31","guid":{"rendered":"https:\/\/marketplace.epassi.fi\/hammassydan\/?post_type=product&#038;p=331"},"modified":"2025-10-30T15:31:53","modified_gmt":"2025-10-30T13:31:53","slug":"jauhepuhdistus-eli-soodapuhdistus-30-min","status":"publish","type":"product","link":"https:\/\/marketplace.epassi.fi\/hammassydan\/kauppa\/hyvinvointi\/hammaslaakari\/jauhepuhdistus-eli-soodapuhdistus-30-min\/","title":{"rendered":"Jauhepuhdistus eli soodapuhdistus 30 min"},"content":{"rendered":"<p>Jauhepuhdistuksessa hampaiden pinnoille suihkutetaan laitteella hienoa puhdistusjauheen ja veden seosta paineella, jolloin hampaiden pinnat puhdistuvat tehokkaasti. Periaatteessa hampaaseen ei tarvitse t\u00e4ss\u00e4 toimenpiteess\u00e4 edes koskea, vaan vesi-jauheseos-suihku riitt\u00e4\u00e4 puhdistamaan hampaista pinnalliset v\u00e4rj\u00e4ym\u00e4t, tummentumat ja bakteeripeitteet. Jauhepuhdistus ei poista hammaskive\u00e4, mutta se voidaan tehd\u00e4 hammaskiven poiston yhteydess\u00e4, jolloin tuloksena on erityisen puhtaat ja sile\u00e4t hammaspinnat. Menetelm\u00e4n avulla saadaan puhdistettua tehokkaasti my\u00f6s hampaiden v\u00e4lit, jonne perinteisell\u00e4 pastapuhdistuksella on hankalampi ulottua. Usein jauhepuhdistus kirkastaa hampaan v\u00e4ri\u00e4, kun pinnallinen lika saadaan poistettua ja jauheen sooda kirkastaa pintoja. Sopivan jauheen valinnan ja oikean puhdistustekniikan ansiosta jauhepuhdistus ei kuluta hampaita tai hammaspaikkoja liikaa, vaan toimenpide on turvallinen ja sen voi toistaa tarpeen mukaan. Jauhepuhdistus voidaan tehd\u00e4 my\u00f6s nuorisolle ja raskaana oleville tai imett\u00e4ville naisille. Jos k\u00e4rsii pahasta astmasta tai herkist\u00e4 silmist\u00e4 (piilolasien k\u00e4ytt\u00e4j\u00e4t), saattaa puhdistusjauhe aiheuttaa \u00e4rsytyst\u00e4. Suosittelen jauhepuhdistusta kaikille, joille hampaiden puhtaus ja raikkaus on t\u00e4rke\u00e4\u00e4! Jauhepuhdistuksen j\u00e4lkeen on hyv\u00e4 olla sy\u00f6m\u00e4tt\u00e4 ja juomatta (vett\u00e4 voi juoda) kaksi tuntia.<\/p>\n","protected":false},"excerpt":{"rendered":"<p>Jauhepuhdistus eli soodapuhdistus poistaa hampaiden pinnoilta pinnalliset v\u00e4rj\u00e4ym\u00e4t, bakteeripeitteet ja kiillottaa hampaat. Sopii my\u00f6s raskaana oleville ja imett\u00e4ville. Hinta 51,00, yksityishammasl\u00e4\u00e4k\u00e4rin l\u00e4hetteell\u00e4 41,00 (kela-korvaus). Huomaa my\u00f6s jauhepuhdistus hammaskiven poiston yhteydess\u00e4 vain 18,00!<\/p>\n<p>&nbsp;<\/p>\n","protected":false},"featured_media":323,"comment_status":"open","ping_status":"closed","template":"","meta":{"_acf_changed":false,"_kad_post_transparent":"default","_kad_post_title":"","_kad_post_layout":"default","_kad_post_sidebar_id":"","_kad_post_content_style":"default","_kad_post_vertical_padding":"default","_kad_post_feature":"","_kad_post_feature_position":"","_kad_post_header":false,"_kad_post_footer":false,"_kad_post_classname":""},"product_brand":[],"product_cat":[30,21],"product_tag":[],"class_list":{"0":"post-331","1":"product","2":"type-product","3":"status-publish","4":"has-post-thumbnail","6":"product_cat-hammaslaakari","7":"product_cat-hyvinvointi","9":"first","10":"instock","11":"virtual","12":"purchasable","13":"product-type-simple","14":"entry","15":"content-bg","16":"loop-entry"},"acf":[],"_links":{"self":[{"href":"https:\/\/marketplace.epassi.fi\/hammassydan\/wp-json\/wp\/v2\/product\/331","targetHints":{"allow":["GET"]}}],"collection":[{"href":"https:\/\/marketplace.epassi.fi\/hammassydan\/wp-json\/wp\/v2\/product"}],"about":[{"href":"https:\/\/marketplace.epassi.fi\/hammassydan\/wp-json\/wp\/v2\/types\/product"}],"replies":[{"embeddable":true,"href":"https:\/\/marketplace.epassi.fi\/hammassydan\/wp-json\/wp\/v2\/comments?post=331"}],"wp:featuredmedia":[{"embeddable":true,"href":"https:\/\/marketplace.epassi.fi\/hammassydan\/wp-json\/wp\/v2\/media\/323"}],"wp:attachment":[{"href":"https:\/\/marketplace.epassi.fi\/hammassydan\/wp-json\/wp\/v2\/media?parent=331"}],"wp:term":[{"taxonomy":"product_brand","embeddable":true,"href":"https:\/\/marketplace.epassi.fi\/hammassydan\/wp-json\/wp\/v2\/product_brand?post=331"},{"taxonomy":"product_cat","embeddable":true,"href":"https:\/\/marketplace.epassi.fi\/hammassydan\/wp-json\/wp\/v2\/product_cat?post=331"},{"taxonomy":"product_tag","embeddable":true,"href":"https:\/\/marketplace.epassi.fi\/hammassydan\/wp-json\/wp\/v2\/product_tag?post=331"}],"curies":[{"name":"wp","href":"https:\/\/api.w.org\/{rel}","templated":true}]}}