{"id":334,"date":"2022-03-08T15:42:31","date_gmt":"2022-03-08T13:42:31","guid":{"rendered":"https:\/\/marketplace.epassi.fi\/hammassydan\/?post_type=product&#038;p=334"},"modified":"2025-10-30T15:31:56","modified_gmt":"2025-10-30T13:31:56","slug":"hammaskiven-poisto-60-min-ja-jauhepuhdistus-kopio","status":"publish","type":"product","link":"https:\/\/marketplace.epassi.fi\/hammassydan\/kauppa\/hyvinvointi\/hammaslaakari\/hammaskiven-poisto-60-min-ja-jauhepuhdistus-kopio\/","title":{"rendered":"Hammaskiven poisto 60 min ja jauhepuhdistus"},"content":{"rendered":"<p>Hammaskiven poistossa kartoitetaan ensin hammaskiven tilanne tunnustelemalla ientaskumittarilla. Sen j\u00e4lkeen hammaskivi poistetaan hell\u00e4varaisesti joko k\u00e4si-instrumentein, ultra\u00e4\u00e4nilaitteella tai molemmilla. Tarvittaessa k\u00e4yt\u00e4mme pintapuudutetta.<\/p>\n<p>Jauhepuhdistus hammaskiven poiston yhteydess\u00e4\u00a0 tuloksena on erityisen puhtaat ja sile\u00e4t hammaspinnat. Jauhepuhdistus poistaa tehokkaasti pinnalliset v\u00e4rj\u00e4ym\u00e4t ja kirkastaa hampaiden pinnat. Teemme tarvittaessa my\u00f6s fluorauksen, sill\u00e4 se ehk\u00e4isee rei\u00e4nalkuja, vahvistaa hampaita ja v\u00e4hent\u00e4\u00e4 vihlontaa.<\/p>\n<p>Asiakas saa aina ohjeet kotihoitoon.<\/p>\n<p>&nbsp;<\/p>\n","protected":false},"excerpt":{"rendered":"<p>Suosittelemme 60 min hammaskiven poistoa, jos edellisest\u00e4 poistosta on yli vuosi. Valitse 60 min aika my\u00f6s silloin, jos saat helposti hammaskive\u00e4. Yksityishammasl\u00e4\u00e4k\u00e4rin l\u00e4hetteell\u00e4\u00a0 kela-korvaus (18,00), jolloin potilaan maksettava hinta on 99,00.<\/p>\n","protected":false},"featured_media":324,"comment_status":"open","ping_status":"closed","template":"","meta":{"_acf_changed":false,"_kad_post_transparent":"default","_kad_post_title":"","_kad_post_layout":"default","_kad_post_sidebar_id":"","_kad_post_content_style":"default","_kad_post_vertical_padding":"default","_kad_post_feature":"","_kad_post_feature_position":"","_kad_post_header":false,"_kad_post_footer":false,"_kad_post_classname":""},"product_brand":[],"product_cat":[30,21],"product_tag":[],"class_list":{"0":"post-334","1":"product","2":"type-product","3":"status-publish","4":"has-post-thumbnail","6":"product_cat-hammaslaakari","7":"product_cat-hyvinvointi","9":"first","10":"instock","11":"virtual","12":"purchasable","13":"product-type-simple","14":"entry","15":"content-bg","16":"loop-entry"},"acf":[],"_links":{"self":[{"href":"https:\/\/marketplace.epassi.fi\/hammassydan\/wp-json\/wp\/v2\/product\/334","targetHints":{"allow":["GET"]}}],"collection":[{"href":"https:\/\/marketplace.epassi.fi\/hammassydan\/wp-json\/wp\/v2\/product"}],"about":[{"href":"https:\/\/marketplace.epassi.fi\/hammassydan\/wp-json\/wp\/v2\/types\/product"}],"replies":[{"embeddable":true,"href":"https:\/\/marketplace.epassi.fi\/hammassydan\/wp-json\/wp\/v2\/comments?post=334"}],"wp:featuredmedia":[{"embeddable":true,"href":"https:\/\/marketplace.epassi.fi\/hammassydan\/wp-json\/wp\/v2\/media\/324"}],"wp:attachment":[{"href":"https:\/\/marketplace.epassi.fi\/hammassydan\/wp-json\/wp\/v2\/media?parent=334"}],"wp:term":[{"taxonomy":"product_brand","embeddable":true,"href":"https:\/\/marketplace.epassi.fi\/hammassydan\/wp-json\/wp\/v2\/product_brand?post=334"},{"taxonomy":"product_cat","embeddable":true,"href":"https:\/\/marketplace.epassi.fi\/hammassydan\/wp-json\/wp\/v2\/product_cat?post=334"},{"taxonomy":"product_tag","embeddable":true,"href":"https:\/\/marketplace.epassi.fi\/hammassydan\/wp-json\/wp\/v2\/product_tag?post=334"}],"curies":[{"name":"wp","href":"https:\/\/api.w.org\/{rel}","templated":true}]}}