{"id":309,"date":"2021-11-19T16:25:18","date_gmt":"2021-11-19T14:25:18","guid":{"rendered":"https:\/\/marketplace.epassi.fi\/hammasvelho\/?post_type=product&#038;p=309"},"modified":"2025-10-30T13:47:31","modified_gmt":"2025-10-30T11:47:31","slug":"hampaiden-hoitopaketti-arvo-50-e","status":"publish","type":"product","link":"https:\/\/marketplace.epassi.fi\/hammasvelho\/kauppa\/hyvinvointi\/hammaslaakari\/hampaiden-hoitopaketti-arvo-50-e\/","title":{"rendered":"Hammashoitopaketti arvo  50 \u20ac"},"content":{"rendered":"<p>Voit nyt ostaa hammashoitopaketin Hammasvelholle. Hammashoitopaketti on arvoltaan 50 euroa ja sen voi k\u00e4ytt\u00e4\u00e4 mihin tahansa hoitoon! Esimerkiksi esteettisiin hoitoihin, hampaiden tarkastukseen tai hammaskivenpoistoon.<\/p>\n","protected":false},"excerpt":{"rendered":"<p>Voit nyt ostaa hammashoitopaketin Hammasvelholle. Hammashoitopaketti on arvoltaan 50 euroa ja sen voi k\u00e4ytt\u00e4\u00e4 mihin tahansa hoitoon! Esimerkiksi esteettisiin hoitoihin, hampaiden tarkastukseen tai hammaskivenpoistoon.<\/p>\n","protected":false},"featured_media":314,"comment_status":"open","ping_status":"closed","template":"","meta":{"_acf_changed":false,"_kad_post_transparent":"default","_kad_post_title":"","_kad_post_layout":"default","_kad_post_sidebar_id":"","_kad_post_content_style":"default","_kad_post_vertical_padding":"default","_kad_post_feature":"","_kad_post_feature_position":"","_kad_post_header":false,"_kad_post_footer":false,"_kad_post_classname":""},"product_brand":[],"product_cat":[30,21],"product_tag":[],"class_list":{"0":"post-309","1":"product","2":"type-product","3":"status-publish","4":"has-post-thumbnail","6":"product_cat-hammaslaakari","7":"product_cat-hyvinvointi","9":"first","10":"instock","11":"taxable","12":"shipping-taxable","13":"purchasable","14":"product-type-simple","15":"entry","16":"content-bg","17":"loop-entry"},"acf":[],"_links":{"self":[{"href":"https:\/\/marketplace.epassi.fi\/hammasvelho\/wp-json\/wp\/v2\/product\/309","targetHints":{"allow":["GET"]}}],"collection":[{"href":"https:\/\/marketplace.epassi.fi\/hammasvelho\/wp-json\/wp\/v2\/product"}],"about":[{"href":"https:\/\/marketplace.epassi.fi\/hammasvelho\/wp-json\/wp\/v2\/types\/product"}],"replies":[{"embeddable":true,"href":"https:\/\/marketplace.epassi.fi\/hammasvelho\/wp-json\/wp\/v2\/comments?post=309"}],"wp:featuredmedia":[{"embeddable":true,"href":"https:\/\/marketplace.epassi.fi\/hammasvelho\/wp-json\/wp\/v2\/media\/314"}],"wp:attachment":[{"href":"https:\/\/marketplace.epassi.fi\/hammasvelho\/wp-json\/wp\/v2\/media?parent=309"}],"wp:term":[{"taxonomy":"product_brand","embeddable":true,"href":"https:\/\/marketplace.epassi.fi\/hammasvelho\/wp-json\/wp\/v2\/product_brand?post=309"},{"taxonomy":"product_cat","embeddable":true,"href":"https:\/\/marketplace.epassi.fi\/hammasvelho\/wp-json\/wp\/v2\/product_cat?post=309"},{"taxonomy":"product_tag","embeddable":true,"href":"https:\/\/marketplace.epassi.fi\/hammasvelho\/wp-json\/wp\/v2\/product_tag?post=309"}],"curies":[{"name":"wp","href":"https:\/\/api.w.org\/{rel}","templated":true}]}}